{"id":173,"date":"2023-02-03T10:06:46","date_gmt":"2023-02-03T10:06:46","guid":{"rendered":"https:\/\/kemia.is.dream.website\/?page_id=173"},"modified":"2025-03-21T18:01:04","modified_gmt":"2025-03-21T18:01:04","slug":"hitabod","status":"publish","type":"page","link":"https:\/\/kemia.is\/en\/hitabod\/","title":{"rendered":"Refrigerated circulators"},"content":{"rendered":"<div class=\"color4-background-color bg-background-color tmpl-call_to_action-14 boldgrid-section dynamic-gridblock\" style=\"color: #1d1d1d; border-width: 0px; width: auto; background-image: linear-gradient(to left, rgba(255, 255, 255, 0.59), rgba(255, 255, 255, 0.59)), url('https:\/\/kemia.is\/wp-content\/uploads\/2023\/02\/Julabo-poster-scaled.jpeg'); background-size: cover; background-position: 50% 50%;\" data-bg-overlaycolor=\"rgba(255, 255, 255,0.59)\" data-image-url=\"https:\/\/kemia.is\/wp-content\/uploads\/2023\/02\/Julabo-poster-scaled.jpeg\" data-bg-overlaycolor-alpha=\"0.59\" data-bg-overlaycolor-class=\"2\">\n<div class=\"container\">\n<div class=\"row\" style=\"padding-top: 75px;\">\n<div class=\"col-md-5 col-sm-7 col-xs-12 col-lg-5\">\n<h1 class=\"\" data-font-family=\"Arial Black\" data-font-weight=\"400\" data-font-style=\"\"><img loading=\"lazy\" decoding=\"async\" class=\"aligncenter wp-image-337 size-full\" src=\"https:\/\/kemia.is.dream.website\/wp-content\/uploads\/2023\/02\/0_0_2560_715_Julabo-svg.png\" alt=\"\" width=\"2560\" height=\"715\" srcset=\"https:\/\/kemia.is\/wp-content\/uploads\/2023\/02\/0_0_2560_715_Julabo-svg.png 2560w, https:\/\/kemia.is\/wp-content\/uploads\/2023\/02\/0_0_300_84_Julabo-svg-300x84.png 300w, https:\/\/kemia.is\/wp-content\/uploads\/2023\/02\/Julabo-svg-1024x286.png 1024w, https:\/\/kemia.is\/wp-content\/uploads\/2023\/02\/Julabo-svg-768x215.png 768w, https:\/\/kemia.is\/wp-content\/uploads\/2023\/02\/Julabo-svg-1536x429.png 1536w, https:\/\/kemia.is\/wp-content\/uploads\/2023\/02\/Julabo-svg-2048x572.png 2048w, https:\/\/kemia.is\/wp-content\/uploads\/2023\/02\/Julabo-svg-250x70.png 250w, https:\/\/kemia.is\/wp-content\/uploads\/2023\/02\/Julabo-svg-550x154.png 550w, https:\/\/kemia.is\/wp-content\/uploads\/2023\/02\/Julabo-svg-800x223.png 800w, https:\/\/kemia.is\/wp-content\/uploads\/2023\/02\/Julabo-svg-644x180.png 644w, https:\/\/kemia.is\/wp-content\/uploads\/2023\/02\/Julabo-svg-1074x300.png 1074w, https:\/\/kemia.is\/wp-content\/uploads\/2023\/02\/Julabo-svg-1790x500.png 1790w, https:\/\/kemia.is\/wp-content\/uploads\/2023\/02\/0_0_229_64.108072916667_Julabo-svg-768x215.png 229w\" sizes=\"auto, (max-width: 2560px) 100vw, 2560px\" \/><\/h1>\n<h1 class=\"\" style=\"border-width: 0px; font-size: 22px; font-family: 'Arial Black', Gadget, sans-serif; font-weight: 400;\" data-font-family=\"Arial Black\" data-font-weight=\"400\" data-font-style=\"\">Refrigerated circulators<\/h1>\n<h1 class=\"\" style=\"border-width: 0px; font-size: 40px;\">&nbsp;<\/h1>\n<\/div>\n<div class=\"col-md-7 col-sm-5 col-xs-12 col-lg-7\"><\/div>\n<\/div>\n<div class=\"row\" style=\"padding-top: 25px; padding-bottom: 75px;\">\n<div class=\"col-md-12 col-sm-12 col-xs-12 col-lg-12\" style=\"padding: 1em;\">\n<p class=\"\"><a class=\"btn btn-pill btn-regular btn-color-5\" style=\"border-width: 0px;\" href=\"http:\/\/Julabo.com\" target=\"_blank\" rel=\"noopener\">Julabo Website<\/a> &nbsp;&nbsp;&nbsp; <a class=\"btn btn-pill btn-regular btn-color-5\" style=\"border-width: 0px;\" title=\"Send a request\" href=\"mailto:kemia@kemia.is\">Send a request<\/a><\/p>\n<\/div>\n<\/div>\n<\/div>\n<\/div>\n<div class=\"tmpl-services-13 boldgrid-section dynamic-gridblock\" style=\"border-width: 0px; background-image: linear-gradient(to left,var( --color-3 ),var( --color-2 ));\" data-bg-color-1=\"var( --color-3 )\" data-bg-color-2=\"var( --color-2 )\" data-bg-direction=\"to left\">\n<div class=\"container\">\n<div class=\"row\" style=\"padding-top: 42px; padding-bottom: 42px;\">\n<div class=\"col-md-4 col-sm-4 col-xs-12 col-lg-4\" style=\"padding-right: 2em; padding-left: 2em;\">\n<p class=\"wow fadeIn\" style=\"border-width: 0px;\" data-wow-duration=\"1s\" data-wow-delay=\"1s\"><img loading=\"lazy\" decoding=\"async\" class=\"bg-img aligncenter wp-image-177 size-full\" style=\"border-width: 0px;\" src=\"https:\/\/kemia.is.dream.website\/wp-content\/uploads\/2023\/02\/0_0_507_507_Julabo-2.jpeg\" alt=\"\" width=\"507\" height=\"507\" srcset=\"https:\/\/kemia.is\/wp-content\/uploads\/2023\/02\/0_0_507_507_Julabo-2.jpeg 507w, https:\/\/kemia.is\/wp-content\/uploads\/2023\/02\/Julabo-2-300x300.jpeg 300w, https:\/\/kemia.is\/wp-content\/uploads\/2023\/02\/Julabo-2-1024x1024.jpeg 1024w, https:\/\/kemia.is\/wp-content\/uploads\/2023\/02\/Julabo-2-150x150.jpeg 150w, https:\/\/kemia.is\/wp-content\/uploads\/2023\/02\/Julabo-2-768x768.jpeg 768w, https:\/\/kemia.is\/wp-content\/uploads\/2023\/02\/Julabo-2-1536x1536.jpeg 1536w, https:\/\/kemia.is\/wp-content\/uploads\/2023\/02\/Julabo-2-48x48.jpeg 48w, https:\/\/kemia.is\/wp-content\/uploads\/2023\/02\/Julabo-2-250x250.jpeg 250w, https:\/\/kemia.is\/wp-content\/uploads\/2023\/02\/Julabo-2-550x550.jpeg 550w, https:\/\/kemia.is\/wp-content\/uploads\/2023\/02\/Julabo-2-800x800.jpeg 800w, https:\/\/kemia.is\/wp-content\/uploads\/2023\/02\/Julabo-2-180x180.jpeg 180w, https:\/\/kemia.is\/wp-content\/uploads\/2023\/02\/Julabo-2-500x500.jpeg 500w, https:\/\/kemia.is\/wp-content\/uploads\/2023\/02\/0_0_173_173_Julabo-2.jpeg 173w, https:\/\/kemia.is\/wp-content\/uploads\/2023\/02\/Julabo-2.jpeg 1800w\" sizes=\"auto, (max-width: 507px) 100vw, 507px\" \/><\/p>\n<h1 class=\"color-neutral-color\" style=\"border-width: 0px; font-size: 23px; text-align: center;\"><strong>Heating Immersion Circulators<\/strong><\/h1>\n<\/div>\n<div class=\"col-md-4 col-sm-4 col-xs-12 col-lg-4\" style=\"padding-right: 2em; padding-left: 2em;\">\n<p class=\"wow fadeIn\" style=\"border-width: 0px;\" data-wow-duration=\"1s\" data-wow-delay=\"1s\"><img loading=\"lazy\" decoding=\"async\" class=\"bg-img aligncenter wp-image-728 size-full\" src=\"https:\/\/kemia.is\/wp-content\/uploads\/2023\/03\/9420300_PRESTO-A30_1.jpg\" alt=\"\" width=\"366\" height=\"488\" srcset=\"https:\/\/kemia.is\/wp-content\/uploads\/2023\/03\/9420300_PRESTO-A30_1.jpg 366w, https:\/\/kemia.is\/wp-content\/uploads\/2023\/03\/9420300_PRESTO-A30_1-225x300.jpg 225w, https:\/\/kemia.is\/wp-content\/uploads\/2023\/03\/9420300_PRESTO-A30_1-9x12.jpg 9w, https:\/\/kemia.is\/wp-content\/uploads\/2023\/03\/9420300_PRESTO-A30_1-250x333.jpg 250w, https:\/\/kemia.is\/wp-content\/uploads\/2023\/03\/9420300_PRESTO-A30_1-135x180.jpg 135w\" sizes=\"auto, (max-width: 366px) 100vw, 366px\" \/><\/p>\n<h1 class=\"color-neutral-color\" style=\"border-width: 0px; font-size: 23px; text-align: center;\"><strong>PRESTO process systems<\/strong><\/h1>\n<\/div>\n<div class=\"col-md-4 col-sm-4 col-xs-12 col-lg-4\" style=\"padding-right: 2em; padding-left: 2em;\">\n<p class=\"wow fadeIn\" style=\"border-width: 0px;\" data-wow-duration=\"1s\" data-wow-delay=\"1s\"><img loading=\"lazy\" decoding=\"async\" class=\"bg-img aligncenter wp-image-339 size-full\" src=\"https:\/\/kemia.is\/wp-content\/uploads\/2023\/02\/Julabo-3-1.jpeg\" alt=\"\" width=\"900\" height=\"1200\" srcset=\"https:\/\/kemia.is\/wp-content\/uploads\/2023\/02\/Julabo-3-1.jpeg 900w, https:\/\/kemia.is\/wp-content\/uploads\/2023\/02\/Julabo-3-1-225x300.jpeg 225w, https:\/\/kemia.is\/wp-content\/uploads\/2023\/02\/Julabo-3-1-768x1024.jpeg 768w, https:\/\/kemia.is\/wp-content\/uploads\/2023\/02\/Julabo-3-1-250x333.jpeg 250w, https:\/\/kemia.is\/wp-content\/uploads\/2023\/02\/Julabo-3-1-550x733.jpeg 550w, https:\/\/kemia.is\/wp-content\/uploads\/2023\/02\/Julabo-3-1-800x1067.jpeg 800w, https:\/\/kemia.is\/wp-content\/uploads\/2023\/02\/Julabo-3-1-135x180.jpeg 135w, https:\/\/kemia.is\/wp-content\/uploads\/2023\/02\/Julabo-3-1-375x500.jpeg 375w\" sizes=\"auto, (max-width: 900px) 100vw, 900px\" \/><\/p>\n<h3 class=\"color-neutral-color\" style=\"border-width: 0px; font-size: 18px; text-align: center;\"><strong>DYNEO DD<\/strong><\/h3>\n<\/div>\n<\/div>\n<\/div>\n<\/div>\n<div class=\"tmpl-services-8 boldgrid-section dynamic-gridblock background-scroll color4-background-color color-4-text-contrast bg-background-color\" style=\"border-width: 0px;\">\n<div class=\"container-fluid\">\n<div class=\"row\" style=\"padding-bottom: 0px;\">\n<div class=\"col-md-5 col-sm-12 col-xs-12 col-lg-10 color4-background-color color-4-text-contrast bg-background-color wow fadeIn\" style=\"padding: 2em; border-width: 0px;\" data-wow-duration=\"1s\" data-wow-delay=\"1s\">\n<p class=\"meginmal\" style=\"border-width: 0px; font-size: 16px; padding-left: 40px;\">Julabo manufactures accurate heating and cooling circulators for laboratories and experiments.<\/p>\n<p class=\"meginmal10px\" style=\"border-width: 0px; font-size: 16px; padding-left: 40px;\">Water heaters for water circulators up to 50 litres.<br \/>\nCirculators and pumps made from rust-free steel.<br \/>\nTemperature range +20...+200\u00b0C.<br \/>\nAccuracy \u00b1 0,03 \u00b0C.<\/p>\n<p class=\"meginmal10px\" style=\"border-width: 0px; font-size: 16px; padding-left: 40px;\">Heating circulators combined with heaters and tanks.<br \/>\nTank, heater, and pump made from rust-free steel.<br \/>\nTemperature range +20\u2026+200\/+300 \u00b0C.<br \/>\nAccuracy up to \u00b1 0,01 \u00b0C.<\/p>\n<p class=\"meginmal10px\" style=\"border-width: 0px; font-size: 16px; padding-left: 40px;\">Cooling circulators combined with heating.<br \/>\nTemperature range -95\u2026+400 \u00b0C.<br \/>\nAccuracy up to \u00b1 0,01 \u00b0C.<\/p>\n<p class=\"\" style=\"border-width: 0px; font-size: 16px; padding-left: 40px;\">Kemia's sales team can answer any questions about Julabo and their products.<\/p>\n<\/div>\n<\/div>\n<\/div>\n<\/div>","protected":false},"excerpt":{"rendered":"<p>Hitab\u00f6\u00f0 &nbsp; Vefs\u00ed\u00f0a Julabo &nbsp;&nbsp;&nbsp; Senda fyrirspurn Heating Immersion Circulators PRESTO process systems DYNEO DD Julabo framlei\u00f0ir n\u00e1kv\u00e6m hita og k\u00e6lib\u00f6\u00f0 fyrir ranns\u00f3knastofur og tilraunir. Vatnshitarar fyrir vatnsb\u00f6\u00f0 allt a\u00f0<\/p>\n<div class=\"read-more\"><a class=\"btn button-primary\" href=\"https:\/\/kemia.is\/en\/hitabod\/\">Read More<\/a><\/div>","protected":false},"author":1,"featured_media":0,"parent":0,"menu_order":0,"comment_status":"closed","ping_status":"closed","template":"","meta":{"bgseo_title":"Hitab\u00f6\u00f0 - Hita og k\u00e6lib\u00fana\u00f0ur fr\u00e1 Julabo","bgseo_description":"Hitab\u00f6\u00f0 - Hita og k\u00e6lib\u00fana\u00f0ur fr\u00e1 Julabo fyrir ranns\u00f3knastofur og tilraunir. ","bgseo_robots_index":"index","bgseo_robots_follow":"follow","om_disable_all_campaigns":false,"_monsterinsights_skip_tracking":false,"_monsterinsights_sitenote_active":false,"_monsterinsights_sitenote_note":"","_monsterinsights_sitenote_category":0,"_uf_show_specific_survey":0,"_uf_disable_surveys":false,"two_page_speed":{"current_score":{"desktop_score":94,"desktop_tti":"0.7\u00a0","mobile_score":82,"mobile_tti":"3.5\u00a0","date":"21.03.2025 06:01:47 pm","status":"completed"}},"footnotes":""},"class_list":["post-173","page","type-page","status-publish"],"aioseo_notices":[],"_links":{"self":[{"href":"https:\/\/kemia.is\/en\/wp-json\/wp\/v2\/pages\/173","targetHints":{"allow":["GET"]}}],"collection":[{"href":"https:\/\/kemia.is\/en\/wp-json\/wp\/v2\/pages"}],"about":[{"href":"https:\/\/kemia.is\/en\/wp-json\/wp\/v2\/types\/page"}],"author":[{"embeddable":true,"href":"https:\/\/kemia.is\/en\/wp-json\/wp\/v2\/users\/1"}],"replies":[{"embeddable":true,"href":"https:\/\/kemia.is\/en\/wp-json\/wp\/v2\/comments?post=173"}],"version-history":[{"count":10,"href":"https:\/\/kemia.is\/en\/wp-json\/wp\/v2\/pages\/173\/revisions"}],"predecessor-version":[{"id":805,"href":"https:\/\/kemia.is\/en\/wp-json\/wp\/v2\/pages\/173\/revisions\/805"}],"wp:attachment":[{"href":"https:\/\/kemia.is\/en\/wp-json\/wp\/v2\/media?parent=173"}],"curies":[{"name":"wp","href":"https:\/\/api.w.org\/{rel}","templated":true}]}}