{"id":190,"date":"2023-02-03T10:21:15","date_gmt":"2023-02-03T10:21:15","guid":{"rendered":"https:\/\/kemia.is.dream.website\/?page_id=190"},"modified":"2025-03-21T13:37:00","modified_gmt":"2025-03-21T13:37:00","slug":"hitamaelar","status":"publish","type":"page","link":"https:\/\/kemia.is\/en\/hitamaelar\/","title":{"rendered":"Products for research"},"content":{"rendered":"<div class=\"color4-background-color bg-background-color tmpl-call_to_action-14 boldgrid-section dynamic-gridblock\" style=\"color: #1d1d1d; border-width: 0px; width: auto; background-image: linear-gradient(to left, rgba(255, 255, 255, 0.59), rgba(255, 255, 255, 0.59)), url('https:\/\/kemia.is\/wp-content\/uploads\/2023\/02\/Thermomator.jpeg'); background-size: cover; background-position: 50% 50%;\" data-bg-overlaycolor=\"rgba(255, 255, 255,0.59)\" data-image-url=\"https:\/\/kemia.is\/wp-content\/uploads\/2023\/02\/Thermomator.jpeg\" data-bg-overlaycolor-alpha=\"0.59\" data-bg-overlaycolor-class=\"2\">\n<div class=\"container\">\n<div class=\"row\" style=\"padding-top: 0px;\">\n<div class=\"col-md-5 col-sm-7 col-xs-12 col-lg-5\">\n<h1 class=\"\" data-font-family=\"Arial Black\" data-font-weight=\"400\" data-font-style=\"\"><img loading=\"lazy\" decoding=\"async\" class=\"aligncenter wp-image-346 size-full\" src=\"https:\/\/kemia.is.dream.website\/wp-content\/uploads\/2023\/02\/cole-parmer-svg-3.png\" alt=\"\" width=\"1251\" height=\"1251\"><\/h1>\n<h1 class=\"\" style=\"border-width: 0px; font-size: 40px;\">&nbsp;<\/h1>\n<\/div>\n<div class=\"col-md-7 col-sm-5 col-xs-12 col-lg-7\">\n<h1 class=\"\" data-font-family=\"Arial Black\" data-font-weight=\"400\" data-font-style=\"\">&nbsp;<\/h1>\n<h1 class=\"\" data-font-family=\"Arial Black\" data-font-weight=\"400\" data-font-style=\"\">&nbsp;<\/h1>\n<h1 class=\"\" data-font-family=\"Arial Black\" data-font-weight=\"400\" data-font-style=\"\">&nbsp;<\/h1>\n<h1 class=\"\" style=\"border-width: 0px; font-size: 22px; font-family: 'Arial Black', Gadget, sans-serif; font-weight: 400;\" data-font-family=\"Arial Black\" data-font-weight=\"400\" data-font-style=\"\">Products for research<\/h1>\n<\/div>\n<\/div>\n<div class=\"row\" style=\"padding-top: 0px; padding-bottom: 0px;\">\n<div class=\"col-md-12 col-sm-12 col-xs-12 col-lg-12\" style=\"padding: 1em;\">\n<p class=\"\"><a class=\"btn btn-pill btn-regular btn-color-5\" style=\"border-width: 0px;\" href=\"http:\/\/Coleparmer.com\" target=\"_blank\" rel=\"noopener\">Cole Parmer Website<\/a><\/p>\n<p class=\"\">&nbsp;<a class=\"btn btn-pill btn-regular btn-color-5\" style=\"border-width: 0px;\" title=\"Send a request\" href=\"https:\/\/kemia.is.dream.website\/senda-fyrirspurn\/\" target=\"_blank\" rel=\"noopener\"> Send a request<\/a><\/p>\n<\/div>\n<\/div>\n<\/div>\n<\/div>\n<div class=\"tmpl-services-13 boldgrid-section dynamic-gridblock\" style=\"border-width: 0px; background-image: linear-gradient(to left,var( --color-3 ),var( --color-2 ));\" data-bg-color-1=\"var( --color-3 )\" data-bg-color-2=\"var( --color-2 )\" data-bg-direction=\"to left\">\n<div class=\"container\">\n<div class=\"row\" style=\"padding-top: 42px; padding-bottom: 42px;\">\n<div class=\"col-md-4 col-sm-4 col-xs-12 col-lg-4\" style=\"padding-right: 2em; padding-left: 2em;\">\n<p class=\"wow fadeIn\" style=\"border-width: 0px;\" data-wow-duration=\"1s\" data-wow-delay=\"1s\"><img loading=\"lazy\" decoding=\"async\" class=\"bg-img aligncenter wp-image-191\" style=\"border-width: 0px;\" src=\"https:\/\/kemia.is.dream.website\/wp-content\/uploads\/2023\/02\/0_0_366_556_coleparmer1.jpg\" alt=\"\" width=\"177\" height=\"269\" srcset=\"https:\/\/kemia.is\/wp-content\/uploads\/2023\/02\/coleparmer1.jpg 366w, https:\/\/kemia.is\/wp-content\/uploads\/2023\/02\/coleparmer1-197x300.jpg 197w, https:\/\/kemia.is\/wp-content\/uploads\/2023\/02\/coleparmer1-250x380.jpg 250w, https:\/\/kemia.is\/wp-content\/uploads\/2023\/02\/coleparmer1-118x180.jpg 118w, https:\/\/kemia.is\/wp-content\/uploads\/2023\/02\/coleparmer1-329x500.jpg 329w\" sizes=\"auto, (max-width: 177px) 100vw, 177px\" \/><\/p>\n<p class=\"color-neutral-color\" style=\"border-width: 0px; text-align: center; font-size: 18px;\" data-wow-duration=\"1s\" data-wow-delay=\"1s\"><strong>Thermometer<\/strong><\/p>\n<\/div>\n<div class=\"col-md-4 col-sm-4 col-xs-12 col-lg-4\" style=\"padding-right: 2em; padding-left: 2em;\">\n<p class=\"wow fadeIn\" style=\"border-width: 0px;\" data-wow-duration=\"1s\" data-wow-delay=\"1s\"><img loading=\"lazy\" decoding=\"async\" class=\"bg-img aligncenter wp-image-730 size-full\" src=\"https:\/\/kemia.is.dream.website\/wp-content\/uploads\/2023\/03\/0_0_217.36994219653_218_cole-parmer-cole-parmer-ff-200-series-economical-flame-photometer-55898.jpg\" alt=\"\" width=\"217\" height=\"218\" srcset=\"https:\/\/kemia.is\/wp-content\/uploads\/2023\/03\/0_0_217.36994219653_218_cole-parmer-cole-parmer-ff-200-series-economical-flame-photometer-55898.jpg 217w, https:\/\/kemia.is\/wp-content\/uploads\/2023\/03\/cole-parmer-cole-parmer-ff-200-series-economical-flame-photometer-55898-300x300.jpg 300w, https:\/\/kemia.is\/wp-content\/uploads\/2023\/03\/cole-parmer-cole-parmer-ff-200-series-economical-flame-photometer-55898-150x150.jpg 150w, https:\/\/kemia.is\/wp-content\/uploads\/2023\/03\/cole-parmer-cole-parmer-ff-200-series-economical-flame-photometer-55898-12x12.jpg 12w, https:\/\/kemia.is\/wp-content\/uploads\/2023\/03\/cole-parmer-cole-parmer-ff-200-series-economical-flame-photometer-55898-48x48.jpg 48w, https:\/\/kemia.is\/wp-content\/uploads\/2023\/03\/cole-parmer-cole-parmer-ff-200-series-economical-flame-photometer-55898-250x250.jpg 250w, https:\/\/kemia.is\/wp-content\/uploads\/2023\/03\/cole-parmer-cole-parmer-ff-200-series-economical-flame-photometer-55898-180x180.jpg 180w, https:\/\/kemia.is\/wp-content\/uploads\/2023\/03\/cole-parmer-cole-parmer-ff-200-series-economical-flame-photometer-55898.jpg 346w\" sizes=\"auto, (max-width: 217px) 100vw, 217px\" \/><\/p>\n<p class=\"color-neutral-color\" style=\"border-width: 0px; font-size: 19px; text-align: center;\" data-wow-duration=\"1s\" data-wow-delay=\"1s\"><strong>Flame photometer<\/strong><\/p>\n<p>&nbsp;<\/p>\n<\/div>\n<div class=\"col-md-4 col-sm-4 col-xs-12 col-lg-4\" style=\"padding-right: 2em; padding-left: 2em;\">\n<p class=\"wow fadeIn\" style=\"border-width: 0px;\" data-wow-duration=\"1s\" data-wow-delay=\"1s\"><img loading=\"lazy\" decoding=\"async\" class=\"bg-img aligncenter wp-image-197 size-full\" src=\"https:\/\/kemia.is.dream.website\/wp-content\/uploads\/2023\/02\/0_0_300_204.4014084507_cole-parmer-equipment.jpeg\" alt=\"\" width=\"300\" height=\"204\" srcset=\"https:\/\/kemia.is\/wp-content\/uploads\/2023\/02\/0_0_300_204.4014084507_cole-parmer-equipment.jpeg 300w, https:\/\/kemia.is\/wp-content\/uploads\/2023\/02\/cole-parmer-equipment-250x170.jpeg 250w, https:\/\/kemia.is\/wp-content\/uploads\/2023\/02\/cole-parmer-equipment-550x375.jpeg 550w, https:\/\/kemia.is\/wp-content\/uploads\/2023\/02\/cole-parmer-equipment-264x180.jpeg 264w, https:\/\/kemia.is\/wp-content\/uploads\/2023\/02\/cole-parmer-equipment-440x300.jpeg 440w, https:\/\/kemia.is\/wp-content\/uploads\/2023\/02\/cole-parmer-equipment.jpeg 568w\" sizes=\"auto, (max-width: 300px) 100vw, 300px\" \/><\/p>\n<p class=\"color-neutral-color\" style=\"border-width: 0px; font-size: 18px; text-align: center;\" data-wow-duration=\"1s\" data-wow-delay=\"1s\"><strong>Hot plates and scales<\/strong><\/p>\n<\/div>\n<\/div>\n<\/div>\n<\/div>\n<div class=\"tmpl-services-8 boldgrid-section dynamic-gridblock background-scroll color4-background-color color-4-text-contrast bg-background-color\" style=\"border-width: 0px;\">\n<div class=\"container-fluid\">\n<div class=\"row\" style=\"padding-bottom: 0px;\">\n<div class=\"col-md-5 col-sm-12 col-xs-12 col-lg-11 color4-background-color color-4-text-contrast bg-background-color wow fadeIn\" style=\"padding: 2em; border-width: 0px;\" data-wow-duration=\"1s\" data-wow-delay=\"1s\">\n<p class=\"meginmal\" style=\"border-width: 0px; font-size: 16px; padding-left: 40px;\">Since 1955, Cole Parmer has produced equipment for research and experiments. Their products are listed in Cole Parmer's catalogue which is printed every two years. In this catalogue, you'll find information on all their products including certified manufacturers. The catalogue is a highly regarded outlet for those that conduct research and other technical work. In it, are details about the equipment and any other specifics such as chemical resistance, other abilities of plastic material and metals, conversion factors for units of measure and more.<\/p>\n<p class=\"meginmal\">&nbsp;<\/p>\n<p class=\"meginmal\" style=\"border-width: 0px; font-size: 16px; padding-left: 40px;\">With such a large collection of products and capabilities, it can be difficult to search for one's specific needs. This is where Kemia comes in to help you look for what you require. Our sales team are educated engineers with experience in physical sciences that span years of research and development. We guide our customers through these vast and various selections from both Cole Parmer and other manufacturers with accuracy and excellent customer service. Simply send us an email with your requirements and we will reply with both relevant options along with suitable prices. We regularly receive products from Cole Parmer directly but are also able to schedule on-site delivery.<\/p>\n<p class=\"meginmal\">&nbsp;<\/p>\n<p class=\"meginmal\" style=\"border-width: 0px; font-size: 16px; padding-left: 40px;\">Start your search now by sending us an email and we will provide you with free copy of Cole Parmer's catalogue. Our sales team will provide answers to whatever questions you have about Cole Parmer and their products.<\/p>\n<\/div>\n<\/div>\n<\/div>\n<\/div>","protected":false},"excerpt":{"rendered":"<p>&nbsp; &nbsp; &nbsp; &nbsp; V\u00f6rur fyrir ranns\u00f3knastofur Vefs\u00ed\u00f0a Cole Parmer &nbsp; Senda fyrirspurn Thermometer Flame photometer &nbsp; Hot plates and scales Cole Parmer hefur s\u00ed\u00f0an 1955 \u00fatvega\u00f0 margskonar b\u00fana\u00f0 til<\/p>\n<div class=\"read-more\"><a class=\"btn button-primary\" href=\"https:\/\/kemia.is\/en\/hitamaelar\/\">Read More<\/a><\/div>","protected":false},"author":1,"featured_media":0,"parent":0,"menu_order":0,"comment_status":"closed","ping_status":"closed","template":"","meta":{"bgseo_title":"V\u00f6rur fyrir ranns\u00f3knastofur - Cole Parmer","bgseo_description":"Cole Parmer hefur s\u00ed\u00f0an 1955 \u00fatvega\u00f0 v\u00f6rur fyrir ranns\u00f3kna og tilrauna. V\u00f6rurnar eru lista\u00f0ar \u00ed Cole Parmer v\u00f6rulistanum prenta\u00f0ur er \u00e1 tveggja \u00e1ra fresti.","bgseo_robots_index":"index","bgseo_robots_follow":"follow","om_disable_all_campaigns":false,"_monsterinsights_skip_tracking":false,"_monsterinsights_sitenote_active":false,"_monsterinsights_sitenote_note":"","_monsterinsights_sitenote_category":0,"_uf_show_specific_survey":0,"_uf_disable_surveys":false,"two_page_speed":{"current_score":{"desktop_score":95,"desktop_tti":"0.8\u00a0","mobile_score":85,"mobile_tti":"3.9\u00a0","date":"21.03.2025 01:37:32 pm","status":"completed"}},"footnotes":""},"class_list":["post-190","page","type-page","status-publish"],"aioseo_notices":[],"_links":{"self":[{"href":"https:\/\/kemia.is\/en\/wp-json\/wp\/v2\/pages\/190","targetHints":{"allow":["GET"]}}],"collection":[{"href":"https:\/\/kemia.is\/en\/wp-json\/wp\/v2\/pages"}],"about":[{"href":"https:\/\/kemia.is\/en\/wp-json\/wp\/v2\/types\/page"}],"author":[{"embeddable":true,"href":"https:\/\/kemia.is\/en\/wp-json\/wp\/v2\/users\/1"}],"replies":[{"embeddable":true,"href":"https:\/\/kemia.is\/en\/wp-json\/wp\/v2\/comments?post=190"}],"version-history":[{"count":10,"href":"https:\/\/kemia.is\/en\/wp-json\/wp\/v2\/pages\/190\/revisions"}],"predecessor-version":[{"id":806,"href":"https:\/\/kemia.is\/en\/wp-json\/wp\/v2\/pages\/190\/revisions\/806"}],"wp:attachment":[{"href":"https:\/\/kemia.is\/en\/wp-json\/wp\/v2\/media?parent=190"}],"curies":[{"name":"wp","href":"https:\/\/api.w.org\/{rel}","templated":true}]}}