{"id":200,"date":"2023-02-03T10:45:09","date_gmt":"2023-02-03T10:45:09","guid":{"rendered":"https:\/\/kemia.is.dream.website\/?page_id=200"},"modified":"2025-03-21T13:38:02","modified_gmt":"2025-03-21T13:38:02","slug":"innrettingar","status":"publish","type":"page","link":"https:\/\/kemia.is\/en\/innrettingar\/","title":{"rendered":"Laboratory furniture"},"content":{"rendered":"<div class=\"color4-background-color bg-background-color tmpl-call_to_action-14 boldgrid-section dynamic-gridblock\" style=\"color: #1d1d1d; border-width: 0px; width: auto; background-image: linear-gradient(to left, rgba(255, 255, 255, 0.59), rgba(255, 255, 255, 0.59)), url('https:\/\/kemia.is\/wp-content\/uploads\/2023\/02\/waldner-furniture.jpeg'); background-size: cover; background-position: 50% 50%;\" data-bg-overlaycolor=\"rgba(255, 255, 255,0.59)\" data-image-url=\"https:\/\/kemia.is\/wp-content\/uploads\/2023\/02\/waldner-furniture.jpeg\" data-bg-overlaycolor-alpha=\"0.59\" data-bg-overlaycolor-class=\"2\">\n<div class=\"container\">\n<div class=\"row\" style=\"padding-top: 0px;\">\n<div class=\"col-md-5 col-sm-7 col-xs-12 col-lg-5\">\n<h1 class=\"\" data-font-family=\"Arial Black\" data-font-weight=\"400\" data-font-style=\"\"><img loading=\"lazy\" decoding=\"async\" class=\"aligncenter wp-image-349 size-full\" src=\"https:\/\/kemia.is.dream.website\/wp-content\/uploads\/2023\/02\/0_0_2560_1263_2560px-Waldner_Logo_2010.svg.png\" alt=\"\" width=\"2560\" height=\"1263\" srcset=\"https:\/\/kemia.is\/wp-content\/uploads\/2023\/02\/0_0_2560_1263_2560px-Waldner_Logo_2010.svg.png 2560w, https:\/\/kemia.is\/wp-content\/uploads\/2023\/02\/2560px-Waldner_Logo_2010.svg-300x148.png 300w, https:\/\/kemia.is\/wp-content\/uploads\/2023\/02\/2560px-Waldner_Logo_2010.svg-1024x506.png 1024w, https:\/\/kemia.is\/wp-content\/uploads\/2023\/02\/2560px-Waldner_Logo_2010.svg-768x379.png 768w, https:\/\/kemia.is\/wp-content\/uploads\/2023\/02\/2560px-Waldner_Logo_2010.svg-1536x758.png 1536w, https:\/\/kemia.is\/wp-content\/uploads\/2023\/02\/2560px-Waldner_Logo_2010.svg-2048x1011.png 2048w, https:\/\/kemia.is\/wp-content\/uploads\/2023\/02\/2560px-Waldner_Logo_2010.svg-250x123.png 250w, https:\/\/kemia.is\/wp-content\/uploads\/2023\/02\/2560px-Waldner_Logo_2010.svg-550x272.png 550w, https:\/\/kemia.is\/wp-content\/uploads\/2023\/02\/2560px-Waldner_Logo_2010.svg-800x395.png 800w, https:\/\/kemia.is\/wp-content\/uploads\/2023\/02\/2560px-Waldner_Logo_2010.svg-365x180.png 365w, https:\/\/kemia.is\/wp-content\/uploads\/2023\/02\/2560px-Waldner_Logo_2010.svg-608x300.png 608w, https:\/\/kemia.is\/wp-content\/uploads\/2023\/02\/2560px-Waldner_Logo_2010.svg-1013x500.png 1013w, https:\/\/kemia.is\/wp-content\/uploads\/2023\/02\/0_0_140_69.0703125_2560px-Waldner_Logo_2010.svg.png 140w, https:\/\/kemia.is\/wp-content\/uploads\/2023\/02\/0_0_338_167.01953125_2560px-Waldner_Logo_2010.svg-1024x506.png 338w, https:\/\/kemia.is\/wp-content\/uploads\/2023\/02\/0_0_350_172.67578125_2560px-Waldner_Logo_2010.svg.png 350w, https:\/\/kemia.is\/wp-content\/uploads\/2023\/02\/0_0_286_141.09333333333_2560px-Waldner_Logo_2010.svg-300x148.png 286w, https:\/\/kemia.is\/wp-content\/uploads\/2023\/02\/0_0_1251_617.192578125_2560px-Waldner_Logo_2010.svg.png 1251w\" sizes=\"auto, (max-width: 2560px) 100vw, 2560px\" \/><\/h1>\n<h1 class=\"\" style=\"border-width: 0px; font-size: 22px; font-family: 'Arial Black', Gadget, sans-serif; font-weight: 400;\" data-font-family=\"Arial Black\" data-font-weight=\"400\" data-font-style=\"\">Laboratory furniture<\/h1>\n<h1 class=\"\" style=\"border-width: 0px; font-size: 40px;\">&nbsp;<\/h1>\n<\/div>\n<div class=\"col-md-7 col-sm-5 col-xs-12 col-lg-7\"><\/div>\n<\/div>\n<div class=\"row\" style=\"padding-top: 0px; padding-bottom: 0px;\">\n<div class=\"col-md-12 col-sm-12 col-xs-12 col-lg-12\" style=\"padding: 1em;\">\n<p class=\"\"><a class=\"btn btn-pill btn-regular btn-color-5\" style=\"border-width: 0px;\" href=\"http:\/\/Waldner.de\/en\" target=\"_blank\" rel=\"noopener\">Waldner Website<\/a> &nbsp;&nbsp;&nbsp; <a class=\"btn btn-pill btn-regular btn-color-5\" style=\"border-width: 0px;\" title=\"Send a request\" href=\"mailto:kemia@kemia.is\">Send a request<\/a><\/p>\n<\/div>\n<\/div>\n<\/div>\n<\/div>\n<div class=\"tmpl-services-13 boldgrid-section dynamic-gridblock\" style=\"border-width: 0px; background-image: linear-gradient(to left,var( --color-3 ),var( --color-2 ));\" data-bg-color-1=\"var( --color-3 )\" data-bg-color-2=\"var( --color-2 )\" data-bg-direction=\"to left\">\n<div class=\"container\">\n<div class=\"row\" style=\"padding-top: 42px; padding-bottom: 42px;\">\n<div class=\"col-md-4 col-sm-4 col-xs-12 col-lg-4\" style=\"padding-right: 2em; padding-left: 2em;\">\n<p class=\"wow fadeIn\" style=\"border-width: 0px;\" data-wow-duration=\"1s\" data-wow-delay=\"1s\"><img loading=\"lazy\" decoding=\"async\" class=\"bg-img aligncenter wp-image-201 size-full\" style=\"border-width: 0px;\" src=\"https:\/\/kemia.is.dream.website\/wp-content\/uploads\/2023\/02\/mynd1-2.jpg\" alt=\"\" width=\"296\" height=\"296\" srcset=\"https:\/\/kemia.is\/wp-content\/uploads\/2023\/02\/mynd1-2.jpg 296w, https:\/\/kemia.is\/wp-content\/uploads\/2023\/02\/mynd1-2-150x150.jpg 150w, https:\/\/kemia.is\/wp-content\/uploads\/2023\/02\/mynd1-2-48x48.jpg 48w, https:\/\/kemia.is\/wp-content\/uploads\/2023\/02\/mynd1-2-250x250.jpg 250w, https:\/\/kemia.is\/wp-content\/uploads\/2023\/02\/mynd1-2-180x180.jpg 180w\" sizes=\"auto, (max-width: 296px) 100vw, 296px\" \/><\/p>\n<\/div>\n<div class=\"col-md-4 col-sm-4 col-xs-12 col-lg-4\" style=\"padding-right: 2em; padding-left: 2em;\">\n<p class=\"wow fadeIn\" style=\"border-width: 0px;\" data-wow-duration=\"1s\" data-wow-delay=\"1s\"><img loading=\"lazy\" decoding=\"async\" class=\"bg-img aligncenter wp-image-202 size-full\" src=\"https:\/\/kemia.is.dream.website\/wp-content\/uploads\/2023\/02\/0_0_400_400_mynd2-1.jpg\" alt=\"\" width=\"400\" height=\"400\" srcset=\"https:\/\/kemia.is\/wp-content\/uploads\/2023\/02\/mynd2-1.jpg 400w, https:\/\/kemia.is\/wp-content\/uploads\/2023\/02\/mynd2-1-300x300.jpg 300w, https:\/\/kemia.is\/wp-content\/uploads\/2023\/02\/mynd2-1-150x150.jpg 150w, https:\/\/kemia.is\/wp-content\/uploads\/2023\/02\/mynd2-1-48x48.jpg 48w, https:\/\/kemia.is\/wp-content\/uploads\/2023\/02\/mynd2-1-250x250.jpg 250w, https:\/\/kemia.is\/wp-content\/uploads\/2023\/02\/mynd2-1-180x180.jpg 180w, https:\/\/kemia.is\/wp-content\/uploads\/2023\/02\/0_0_218_218_mynd2-1.jpg 218w\" sizes=\"auto, (max-width: 400px) 100vw, 400px\" \/><\/p>\n<\/div>\n<div class=\"col-md-4 col-sm-4 col-xs-12 col-lg-4\" style=\"padding-right: 2em; padding-left: 2em;\">\n<p class=\"wow fadeIn\" style=\"border-width: 0px;\" data-wow-duration=\"1s\" data-wow-delay=\"1s\"><img loading=\"lazy\" decoding=\"async\" class=\"bg-img aligncenter wp-image-203 size-full\" src=\"https:\/\/kemia.is.dream.website\/wp-content\/uploads\/2023\/02\/mynd3-2.jpg\" alt=\"\" width=\"297\" height=\"297\" srcset=\"https:\/\/kemia.is\/wp-content\/uploads\/2023\/02\/mynd3-2.jpg 297w, https:\/\/kemia.is\/wp-content\/uploads\/2023\/02\/mynd3-2-150x150.jpg 150w, https:\/\/kemia.is\/wp-content\/uploads\/2023\/02\/mynd3-2-48x48.jpg 48w, https:\/\/kemia.is\/wp-content\/uploads\/2023\/02\/mynd3-2-250x250.jpg 250w, https:\/\/kemia.is\/wp-content\/uploads\/2023\/02\/mynd3-2-180x180.jpg 180w\" sizes=\"auto, (max-width: 297px) 100vw, 297px\" \/><\/p>\n<\/div>\n<\/div>\n<\/div>\n<\/div>\n<div class=\"tmpl-services-8 boldgrid-section dynamic-gridblock background-scroll color4-background-color color-4-text-contrast bg-background-color\" style=\"border-width: 0px;\">\n<div class=\"container-fluid\">\n<div class=\"row\" style=\"padding-bottom: 0px;\">\n<div class=\"col-md-5 col-sm-12 col-xs-12 col-lg-11 color4-background-color color-4-text-contrast bg-background-color wow fadeIn\" style=\"padding: 2em; border-width: 0px;\" data-wow-duration=\"1s\" data-wow-delay=\"1s\">\n<p class=\"meginmal\" style=\"border-width: 0px; font-size: 16px; padding-left: 40px;\">Waldner Laboreinrichtungen is the biggest manufacturer of laboratory furniture and installations for laboratories in Europe. They have developed furniture which are highly resistant to strong chemicals for research purposes. Their products are designed by the top-tier designers and have received international recognition for their practical and beautiful designs. They are adapted to the needs and requirements of any researcher thanks to Waldner's decades long relationships and collaborations with scientists from around the world.<\/p>\n<p class=\"meginmal\">&nbsp;<\/p>\n<p class=\"meginmal\" style=\"border-width: 0px; font-size: 16px; padding-left: 40px;\">Thanks to modern technology manufacturing has greatly improved which translates to lower prices for customers that are interested in Waldner furniture. Vacuum drying cabinets satisfy all safety requirements and are available in various types. We at Kemia have imported Waldner furniture and instillations to Iceland for many years most notably the chemistry department at the University of Iceland, their forensics department, the Marine and Freshwater Research Institution of Iceland, Alvotec, energy research, the Ferroalloy company, deCODE genetics, Actavis, The University of Akureyri and further a field.<\/p>\n<p class=\"meginmal\">&nbsp;<\/p>\n<p class=\"meginmal\" style=\"border-width: 0px; font-size: 16px; padding-left: 40px;\">Waldner Schule's new department has developed a furniture line for classrooms dedicated to biology, physics, chemistry, and geology along with other scientific fields. Within this new line of products, their design combines both experiences in research furniture and cutting-edge technology for teaching the physical sciences, offering an overall solution to any leading educational institution. This includes some of the country's most sought-after high schools such as Verzlunarsk\u00f3la \u00cdslands, Menntask\u00f3lanum at Hamrahl\u00ed\u00f0, \u00c1rm\u00falask\u00f3la and Fj\u00f6lbrautarsk\u00f3la Vesturlands.<\/p>\n<p class=\"meginmal\">&nbsp;<\/p>\n<p class=\"meginmal\" style=\"border-width: 0px; font-size: 16px; padding-left: 40px;\">Kemia's sales team can answer any and all questions about Waldner's research furniture.<\/p>\n<\/div>\n<div class=\"col-lg-1 col-md-12 col-sm-12 col-xs-12\"><\/div>\n<\/div>\n<\/div>\n<\/div>","protected":false},"excerpt":{"rendered":"<p>Innr\u00e9ttingar &nbsp; Vefs\u00ed\u00f0a Waldner &nbsp;&nbsp;&nbsp; Senda fyrirspurn Waldner Laboreinrichtungen er st\u00e6rsti framlei\u00f0andi innr\u00e9ttinga fyrir ranns\u00f3knastofur \u00ed Evr\u00f3pu. \u00deeir hafa \u00fer\u00f3a\u00f0 innr\u00e9ttingar sem \u00feola \u00e1lag sterkra efna, sem notu\u00f0 eru \u00ed<\/p>\n<div class=\"read-more\"><a class=\"btn button-primary\" href=\"https:\/\/kemia.is\/en\/innrettingar\/\">Read More<\/a><\/div>","protected":false},"author":1,"featured_media":0,"parent":0,"menu_order":0,"comment_status":"closed","ping_status":"closed","template":"","meta":{"bgseo_title":"Innr\u00e9ttingar-Innr\u00e9ttingaarkitekt fr\u00e1 Waldner","bgseo_description":"Innr\u00e9ttingar-Innr\u00e9ttingaarkitekt fr\u00e1 Waldner. St\u00e6rsti framlei\u00f0andi innr\u00e9ttinga fyrir ranns\u00f3knastofur \u00ed Evr\u00f3pu. Falleg h\u00f6nnun og al\u00fej\u00f3\u00f0leg vi\u00f0urkenning.","bgseo_robots_index":"index","bgseo_robots_follow":"follow","om_disable_all_campaigns":false,"_monsterinsights_skip_tracking":false,"_monsterinsights_sitenote_active":false,"_monsterinsights_sitenote_note":"","_monsterinsights_sitenote_category":0,"_uf_show_specific_survey":0,"_uf_disable_surveys":false,"two_page_speed":{"current_score":{"desktop_score":97,"desktop_tti":"0.6\u00a0","mobile_score":93,"mobile_tti":"3.1\u00a0","date":"21.03.2025 01:38:34 pm","status":"completed"}},"footnotes":""},"class_list":["post-200","page","type-page","status-publish"],"aioseo_notices":[],"_links":{"self":[{"href":"https:\/\/kemia.is\/en\/wp-json\/wp\/v2\/pages\/200","targetHints":{"allow":["GET"]}}],"collection":[{"href":"https:\/\/kemia.is\/en\/wp-json\/wp\/v2\/pages"}],"about":[{"href":"https:\/\/kemia.is\/en\/wp-json\/wp\/v2\/types\/page"}],"author":[{"embeddable":true,"href":"https:\/\/kemia.is\/en\/wp-json\/wp\/v2\/users\/1"}],"replies":[{"embeddable":true,"href":"https:\/\/kemia.is\/en\/wp-json\/wp\/v2\/comments?post=200"}],"version-history":[{"count":10,"href":"https:\/\/kemia.is\/en\/wp-json\/wp\/v2\/pages\/200\/revisions"}],"predecessor-version":[{"id":807,"href":"https:\/\/kemia.is\/en\/wp-json\/wp\/v2\/pages\/200\/revisions\/807"}],"wp:attachment":[{"href":"https:\/\/kemia.is\/en\/wp-json\/wp\/v2\/media?parent=200"}],"curies":[{"name":"wp","href":"https:\/\/api.w.org\/{rel}","templated":true}]}}