{"id":207,"date":"2023-02-03T11:05:21","date_gmt":"2023-02-03T11:05:21","guid":{"rendered":"https:\/\/kemia.is.dream.website\/?page_id=207"},"modified":"2025-03-21T12:59:49","modified_gmt":"2025-03-21T12:59:49","slug":"jonagreinar","status":"publish","type":"page","link":"https:\/\/kemia.is\/en\/jonagreinar\/","title":{"rendered":"Ph measurements-Chromatography-Titration"},"content":{"rendered":"<div class=\"color4-background-color bg-background-color tmpl-call_to_action-14 boldgrid-section dynamic-gridblock\" style=\"color: #1d1d1d; border-width: 0px; width: auto; background-image: linear-gradient(to left, rgba(255, 255, 255, 0.59), rgba(255, 255, 255, 0.59)), url('https:\/\/kemia.is\/wp-content\/uploads\/2023\/02\/Metrohm-poster-scaled-e1675422268215.jpeg'); background-size: cover; background-position: 50% 50%;\" data-bg-overlaycolor=\"rgba(255, 255, 255,0.59)\" data-image-url=\"https:\/\/kemia.is\/wp-content\/uploads\/2023\/02\/Metrohm-poster-scaled-e1675422268215.jpeg\" data-bg-overlaycolor-alpha=\"0.59\" data-bg-overlaycolor-class=\"2\">\n<div class=\"container\">\n<div class=\"row\" style=\"padding-top: 75px;\">\n<div class=\"col-md-5 col-sm-7 col-xs-12 col-lg-5\">\n<h1 class=\"\"><img loading=\"lazy\" decoding=\"async\" class=\"alignnone wp-image-423 size-full\" src=\"https:\/\/kemia.is.dream.website\/wp-content\/uploads\/2023\/02\/Logo_Metrohm.svg.png\" alt=\"\" width=\"1280\" height=\"287\" srcset=\"https:\/\/kemia.is\/wp-content\/uploads\/2023\/02\/Logo_Metrohm.svg.png 1280w, https:\/\/kemia.is\/wp-content\/uploads\/2023\/02\/0_0_300_67.1875_Logo_Metrohm.svg-768x172.png 300w, https:\/\/kemia.is\/wp-content\/uploads\/2023\/02\/Logo_Metrohm.svg-1024x230.png 1024w, https:\/\/kemia.is\/wp-content\/uploads\/2023\/02\/Logo_Metrohm.svg-768x172.png 768w, https:\/\/kemia.is\/wp-content\/uploads\/2023\/02\/Logo_Metrohm.svg-250x56.png 250w, https:\/\/kemia.is\/wp-content\/uploads\/2023\/02\/Logo_Metrohm.svg-550x123.png 550w, https:\/\/kemia.is\/wp-content\/uploads\/2023\/02\/Logo_Metrohm.svg-800x179.png 800w, https:\/\/kemia.is\/wp-content\/uploads\/2023\/02\/Logo_Metrohm.svg-803x180.png 803w\" sizes=\"auto, (max-width: 1280px) 100vw, 1280px\" \/><\/h1>\n<h1 class=\"\" style=\"border-width: 0px; font-size: 22px; font-family: 'Arial Black', Gadget, sans-serif; font-weight: 400;\" data-font-family=\"Arial Black\" data-font-weight=\"400\" data-font-style=\"\">Ph measurements-Chromatography-Titration<\/h1>\n<\/div>\n<div class=\"col-md-7 col-sm-5 col-xs-12 col-lg-7\"><\/div>\n<\/div>\n<div class=\"row\" style=\"padding-top: 25px; padding-bottom: 75px;\">\n<div class=\"col-md-12 col-sm-12 col-xs-12 col-lg-12\" style=\"padding: 1em;\">\n<p class=\"\"><a class=\"btn btn-pill btn-regular btn-color-5\" style=\"border-width: 0px;\" href=\"https:\/\/www.metrohm.com\/en.html\" target=\"_blank\" rel=\"noopener\">Metrohm Website<\/a> &nbsp;&nbsp;&nbsp; <a class=\"btn btn-pill btn-regular btn-color-5\" style=\"border-width: 0px;\" title=\"Send a request\" href=\"mailto:kemia@kemia.is\">Send a request<\/a><\/p>\n<\/div>\n<\/div>\n<\/div>\n<\/div>\n<div class=\"tmpl-services-13 boldgrid-section dynamic-gridblock\" style=\"border-width: 0px; background-image: linear-gradient(to left,var( --color-3 ),var( --color-2 ));\" data-bg-color-1=\"var( --color-3 )\" data-bg-color-2=\"var( --color-2 )\" data-bg-direction=\"to left\">\n<div class=\"container\">\n<div class=\"row\" style=\"padding-top: 42px; padding-bottom: 42px;\">\n<div class=\"col-md-4 col-sm-4 col-xs-12 col-lg-4\" style=\"padding-right: 2em; padding-left: 2em;\">\n<p class=\"\"><img loading=\"lazy\" decoding=\"async\" class=\"bg-img aligncenter wp-image-634 size-full\" style=\"border-width: 0px;\" src=\"https:\/\/kemia.is.dream.website\/wp-content\/uploads\/2023\/03\/pH-meter-new.jpeg\" alt=\"\" width=\"1280\" height=\"1481\" srcset=\"https:\/\/kemia.is\/wp-content\/uploads\/2023\/03\/pH-meter-new.jpeg 1280w, https:\/\/kemia.is\/wp-content\/uploads\/2023\/03\/pH-meter-new-259x300.jpeg 259w, https:\/\/kemia.is\/wp-content\/uploads\/2023\/03\/pH-meter-new-885x1024.jpeg 885w, https:\/\/kemia.is\/wp-content\/uploads\/2023\/03\/pH-meter-new-768x889.jpeg 768w, https:\/\/kemia.is\/wp-content\/uploads\/2023\/03\/pH-meter-new-10x12.jpeg 10w, https:\/\/kemia.is\/wp-content\/uploads\/2023\/03\/pH-meter-new-250x289.jpeg 250w, https:\/\/kemia.is\/wp-content\/uploads\/2023\/03\/pH-meter-new-550x636.jpeg 550w, https:\/\/kemia.is\/wp-content\/uploads\/2023\/03\/pH-meter-new-800x926.jpeg 800w, https:\/\/kemia.is\/wp-content\/uploads\/2023\/03\/pH-meter-new-156x180.jpeg 156w, https:\/\/kemia.is\/wp-content\/uploads\/2023\/03\/pH-meter-new-432x500.jpeg 432w\" sizes=\"auto, (max-width: 1280px) 100vw, 1280px\" \/><\/p>\n<p class=\"color-neutral-color\" style=\"border-width: 0px; font-size: 19px; text-align: center;\"><strong>pH meter<\/strong><\/p>\n<\/div>\n<div class=\"col-md-4 col-sm-4 col-xs-12 col-lg-4\" style=\"padding-right: 2em; padding-left: 2em;\">\n<p class=\"\"><img loading=\"lazy\" decoding=\"async\" class=\"bg-img aligncenter wp-image-208 size-medium\" src=\"https:\/\/kemia.is.dream.website\/wp-content\/uploads\/2023\/02\/0_0_291.43798024149_500_Screen-Shot-2013-08-23-at-7.55.04-PM.png\" alt=\"\" width=\"291\" height=\"500\" srcset=\"https:\/\/kemia.is\/wp-content\/uploads\/2023\/02\/0_0_291.43798024149_500_Screen-Shot-2013-08-23-at-7.55.04-PM.png 291w, https:\/\/kemia.is\/wp-content\/uploads\/2023\/02\/Screen-Shot-2013-08-23-at-7.55.04-PM-175x300.png 175w, https:\/\/kemia.is\/wp-content\/uploads\/2023\/02\/Screen-Shot-2013-08-23-at-7.55.04-PM-250x429.png 250w, https:\/\/kemia.is\/wp-content\/uploads\/2023\/02\/Screen-Shot-2013-08-23-at-7.55.04-PM-105x180.png 105w, https:\/\/kemia.is\/wp-content\/uploads\/2023\/02\/0_0_296_507.82674199623_Screen-Shot-2013-08-23-at-7.55.04-PM.png 296w, https:\/\/kemia.is\/wp-content\/uploads\/2023\/02\/Screen-Shot-2013-08-23-at-7.55.04-PM.png 531w\" sizes=\"auto, (max-width: 291px) 100vw, 291px\" \/><\/p>\n<p class=\"color-neutral-color\" style=\"text-align: center; border-width: 0px; font-size: 19px;\"><strong>Automatic CVS<\/strong><\/p>\n<\/div>\n<div class=\"col-md-4 col-sm-4 col-xs-12 col-lg-4\" style=\"padding-right: 2em; padding-left: 2em;\">\n<p class=\"\"><img loading=\"lazy\" decoding=\"async\" class=\"bg-img aligncenter wp-image-732 size-full\" src=\"https:\/\/kemia.is\/wp-content\/uploads\/2023\/03\/5213.jpeg\" alt=\"\" width=\"1280\" height=\"854\" srcset=\"https:\/\/kemia.is\/wp-content\/uploads\/2023\/03\/5213.jpeg 1280w, https:\/\/kemia.is\/wp-content\/uploads\/2023\/03\/5213-300x200.jpeg 300w, https:\/\/kemia.is\/wp-content\/uploads\/2023\/03\/5213-1024x683.jpeg 1024w, https:\/\/kemia.is\/wp-content\/uploads\/2023\/03\/5213-768x512.jpeg 768w, https:\/\/kemia.is\/wp-content\/uploads\/2023\/03\/5213-18x12.jpeg 18w, https:\/\/kemia.is\/wp-content\/uploads\/2023\/03\/5213-250x167.jpeg 250w, https:\/\/kemia.is\/wp-content\/uploads\/2023\/03\/5213-550x367.jpeg 550w, https:\/\/kemia.is\/wp-content\/uploads\/2023\/03\/5213-800x534.jpeg 800w, https:\/\/kemia.is\/wp-content\/uploads\/2023\/03\/5213-270x180.jpeg 270w, https:\/\/kemia.is\/wp-content\/uploads\/2023\/03\/5213-450x300.jpeg 450w, https:\/\/kemia.is\/wp-content\/uploads\/2023\/03\/5213-749x500.jpeg 749w\" sizes=\"auto, (max-width: 1280px) 100vw, 1280px\" \/><\/p>\n<p class=\"color-neutral-color\" style=\"text-align: center; border-width: 0px; font-size: 19px;\"><strong>Eco Titrando<\/strong><\/p>\n<\/div>\n<\/div>\n<\/div>\n<\/div>\n<div class=\"tmpl-services-8 boldgrid-section dynamic-gridblock background-scroll color4-background-color color-4-text-contrast bg-background-color\" style=\"border-width: 0px;\">\n<div class=\"container-fluid\">\n<div class=\"row\" style=\"padding-bottom: 0px;\">\n<div class=\"col-md-5 col-sm-12 col-xs-12 col-lg-11 color4-background-color color-4-text-contrast bg-background-color wow fadeIn\" style=\"padding: 2em; border-width: 0px;\" data-wow-duration=\"1s\" data-wow-delay=\"1s\">\n<p class=\"meginmal\" style=\"border-width: 0px; font-size: 16px; padding-left: 40px;\">Metrohm was established in 1943 in Hersau, Switzerland and was quickly a leading member in the development of chemical analyzers within electrochemistry. The founder of Metrohm wanted to ensure that the company could continue its work independently and would not be bought by banks or influenced by investors which would not agree with his philosophy. With this fundamental principle, his intention was to always strive for the newest technologies and to focus on only the best for their clients, employees, and home country. He created a fund and gave his employees and his country of Switzerland the company, with the intention of ensuring its independence. Today, its employees have continued with this principle and have made sure that their work environment and their customers can continue to use the latest technology which Methrom and its research have provided. Metrohm has thrived within its market and is a recognized leader in the production of accurate measuring instruments for chemical analysis.<\/p>\n<p class=\"meginmal\">&nbsp;<\/p>\n<p class=\"meginmal\" style=\"border-width: 0px; font-size: 18px; padding-left: 40px;\">Kemia's sales team can answer any and all questions about Metrohm's products.<\/p>\n<\/div>\n<div class=\"col-lg-1 col-md-12 col-sm-12 col-xs-12\"><\/div>\n<\/div>\n<\/div>\n<\/div>","protected":false},"excerpt":{"rendered":"<p>J\u00f3nagreinar &#8211; pH m\u00e6lar -titratorar Vefs\u00ed\u00f0a Metrohm &nbsp;&nbsp;&nbsp; Senda fyrirspurn pH meter Automatic CVS Eco Titrando Metrohm var stofna\u00f0 \u00e1ri\u00f0 1943 \u00ed Hersau \u00ed Sviss og var\u00f0 flj\u00f3tlega mj\u00f6g framarlega<\/p>\n<div class=\"read-more\"><a class=\"btn button-primary\" href=\"https:\/\/kemia.is\/en\/jonagreinar\/\">Read More<\/a><\/div>","protected":false},"author":1,"featured_media":0,"parent":0,"menu_order":0,"comment_status":"closed","ping_status":"closed","template":"","meta":{"bgseo_title":"J\u00f3nagreinar-pH m\u00e6lar-titratorar","bgseo_description":"J\u00f3nagreinar-pH m\u00e6lar-titratorar. G\u00e6\u00f0a efnagreiningart\u00e6ki og n\u00e1kv\u00e6mnis-m\u00e6lit\u00e6kja fyrir rafefnafr\u00e6\u00f0i og efnagreiningu fr\u00e1 Metrohm.","bgseo_robots_index":"index","bgseo_robots_follow":"follow","om_disable_all_campaigns":false,"_monsterinsights_skip_tracking":false,"_monsterinsights_sitenote_active":false,"_monsterinsights_sitenote_note":"","_monsterinsights_sitenote_category":0,"_uf_show_specific_survey":0,"_uf_disable_surveys":false,"two_page_speed":{"current_score":{"desktop_score":91,"desktop_tti":"0.7\u00a0","mobile_score":90,"mobile_tti":"3.5\u00a0","date":"21.03.2025 01:00:26 pm","status":"completed"}},"footnotes":""},"class_list":["post-207","page","type-page","status-publish"],"aioseo_notices":[],"_links":{"self":[{"href":"https:\/\/kemia.is\/en\/wp-json\/wp\/v2\/pages\/207","targetHints":{"allow":["GET"]}}],"collection":[{"href":"https:\/\/kemia.is\/en\/wp-json\/wp\/v2\/pages"}],"about":[{"href":"https:\/\/kemia.is\/en\/wp-json\/wp\/v2\/types\/page"}],"author":[{"embeddable":true,"href":"https:\/\/kemia.is\/en\/wp-json\/wp\/v2\/users\/1"}],"replies":[{"embeddable":true,"href":"https:\/\/kemia.is\/en\/wp-json\/wp\/v2\/comments?post=207"}],"version-history":[{"count":10,"href":"https:\/\/kemia.is\/en\/wp-json\/wp\/v2\/pages\/207\/revisions"}],"predecessor-version":[{"id":808,"href":"https:\/\/kemia.is\/en\/wp-json\/wp\/v2\/pages\/207\/revisions\/808"}],"wp:attachment":[{"href":"https:\/\/kemia.is\/en\/wp-json\/wp\/v2\/media?parent=207"}],"curies":[{"name":"wp","href":"https:\/\/api.w.org\/{rel}","templated":true}]}}