{"id":216,"date":"2023-02-03T11:19:01","date_gmt":"2023-02-03T11:19:01","guid":{"rendered":"https:\/\/kemia.is.dream.website\/?page_id=216"},"modified":"2025-03-21T14:16:24","modified_gmt":"2025-03-21T14:16:24","slug":"ljosbrotsmaelar","status":"publish","type":"page","link":"https:\/\/kemia.is\/en\/ljosbrotsmaelar\/","title":{"rendered":"Refractometer"},"content":{"rendered":"<div class=\"color4-background-color bg-background-color tmpl-call_to_action-14 boldgrid-section dynamic-gridblock\" style=\"color: #1d1d1d; border-width: 0px; width: auto; background-image: linear-gradient(to left, rgba(255, 255, 255, 0.59), rgba(255, 255, 255, 0.59)), url('https:\/\/kemia.is\/wp-content\/uploads\/2023\/02\/HP_PAL-ph_on.png'); background-size: cover; background-position: 50% 50%;\" data-bg-overlaycolor=\"rgba(255, 255, 255,0.59)\" data-image-url=\"https:\/\/kemia.is\/wp-content\/uploads\/2023\/02\/HP_PAL-ph_on.png\" data-bg-overlaycolor-alpha=\"0.59\" data-bg-overlaycolor-class=\"2\">\n<div class=\"container\">\n<div class=\"row\" style=\"padding-top: 0px;\">\n<div class=\"col-md-5 col-sm-7 col-xs-12 col-lg-4\">\n<h1 class=\"\" data-font-family=\"Arial Black\" data-font-weight=\"400\" data-font-style=\"\"><img loading=\"lazy\" decoding=\"async\" class=\"aligncenter wp-image-354 size-full\" src=\"https:\/\/kemia.is\/wp-content\/uploads\/2023\/02\/atago-svg.png\" alt=\"\" width=\"350\" height=\"350\"><\/h1>\n<h1 class=\"\" style=\"border-width: 0px; font-size: 40px;\">&nbsp;<\/h1>\n<\/div>\n<div class=\"col-md-7 col-sm-5 col-xs-12 col-lg-8\">\n<h1 class=\"\" data-font-family=\"Arial Black\" data-font-weight=\"400\" data-font-style=\"\">&nbsp;<\/h1>\n<h1 class=\"\" style=\"border-width: 0px; font-size: 22px; font-family: 'Arial Black', Gadget, sans-serif; font-weight: 400;\" data-font-family=\"Arial Black\" data-font-weight=\"400\" data-font-style=\"\">Refractometer<\/h1>\n<\/div>\n<\/div>\n<div class=\"row\" style=\"padding-top: 0px; padding-bottom: 0px;\">\n<div class=\"col-md-12 col-sm-12 col-xs-12 col-lg-12\" style=\"padding: 1em;\">\n<p class=\"\"><a class=\"btn btn-pill btn-regular btn-color-5\" style=\"border-width: 0px;\" href=\"http:\/\/Atago.net\" target=\"_blank\" rel=\"noopener\">Atago Website<\/a> &nbsp;&nbsp;&nbsp; <a class=\"btn btn-pill btn-regular btn-color-5\" style=\"border-width: 0px;\" title=\"Send a request\" href=\"mailto:kemia@kemia.is\">Send a request<\/a><\/p>\n<\/div>\n<\/div>\n<\/div>\n<\/div>\n<div class=\"tmpl-services-13 boldgrid-section dynamic-gridblock\" style=\"border-width: 0px; background-image: linear-gradient(to left,var( --color-3 ),var( --color-2 ));\" data-bg-color-1=\"var( --color-3 )\" data-bg-color-2=\"var( --color-2 )\" data-bg-direction=\"to left\">\n<div class=\"container\">\n<div class=\"row\" style=\"padding-top: 42px; padding-bottom: 42px;\">\n<div class=\"col-md-4 col-sm-4 col-xs-12 col-lg-4\" style=\"padding-right: 2em; padding-left: 2em;\">\n<p class=\"wow fadeIn\" style=\"border-width: 0px;\" data-wow-duration=\"1s\" data-wow-delay=\"1s\"><img loading=\"lazy\" decoding=\"async\" class=\"bg-img aligncenter wp-image-219\" style=\"border-width: 0px;\" src=\"https:\/\/kemia.is\/wp-content\/uploads\/2023\/02\/PAL.jpg\" alt=\"\" width=\"101\" height=\"178\"><\/p>\n<\/div>\n<div class=\"col-md-4 col-sm-4 col-xs-12 col-lg-4\" style=\"padding-right: 2em; padding-left: 2em;\">\n<p class=\"wow fadeIn\" style=\"border-width: 0px;\" data-wow-duration=\"1s\" data-wow-delay=\"1s\"><img loading=\"lazy\" decoding=\"async\" class=\"bg-img aligncenter wp-image-218\" src=\"https:\/\/kemia.is.dream.website\/wp-content\/uploads\/2023\/02\/0_0_154_134_RX.jpg\" alt=\"\" width=\"271\" height=\"236\" srcset=\"https:\/\/kemia.is\/wp-content\/uploads\/2023\/02\/RX.jpg 154w, https:\/\/kemia.is\/wp-content\/uploads\/2023\/02\/0_0_134_116.5974025974_RX.jpg 134w\" sizes=\"auto, (max-width: 271px) 100vw, 271px\" \/><\/p>\n<\/div>\n<div class=\"col-md-4 col-sm-4 col-xs-12 col-lg-4\" style=\"padding-right: 2em; padding-left: 2em;\">\n<p class=\"wow fadeIn\" style=\"border-width: 0px;\" data-wow-duration=\"1s\" data-wow-delay=\"1s\"><img loading=\"lazy\" decoding=\"async\" class=\"bg-img aligncenter wp-image-217\" src=\"https:\/\/kemia.is.dream.website\/wp-content\/uploads\/2023\/02\/0_0_134_134_viscometer.jpg\" alt=\"\" width=\"230\" height=\"230\" srcset=\"https:\/\/kemia.is\/wp-content\/uploads\/2023\/02\/viscometer.jpg 134w, https:\/\/kemia.is\/wp-content\/uploads\/2023\/02\/viscometer-48x48.jpg 48w\" sizes=\"auto, (max-width: 230px) 100vw, 230px\" \/><\/p>\n<\/div>\n<\/div>\n<\/div>\n<\/div>\n<div class=\"tmpl-services-8 boldgrid-section dynamic-gridblock background-scroll color4-background-color color-4-text-contrast bg-background-color\" style=\"border-width: 0px;\">\n<div class=\"container-fluid\">\n<div class=\"row\" style=\"padding-bottom: 0px;\">\n<div class=\"col-md-5 col-sm-12 col-xs-12 col-lg-11 color4-background-color color-4-text-contrast bg-background-color wow fadeIn\" style=\"padding: 2em; border-width: 0px;\" data-wow-duration=\"1s\" data-wow-delay=\"1s\">\n<p class=\"meginmal\" style=\"border-width: 0px; font-size: 16px; padding-left: 40px;\">When light travels through a liquid surface it changes trajectory. This ability is changeable depending on the type of liquid and the strength of the chemicals in the water. It is useful within all types of research and industry.<\/p>\n<p class=\"meginmal\" style=\"border-width: 0px; font-size: 16px; padding-left: 40px;\">ATAGO is a Japanese company which produces all types of refractometers.<\/p>\n<p class=\"meginmal\" style=\"border-width: 0px; font-size: 16px; padding-left: 40px;\">The most accurate of which is the RX model which is used for research in understanding chemicals and in quality control for the pharmaceuticals and the chemical industry.<\/p>\n<p class=\"meginmal\" style=\"border-width: 0px; font-size: 16px; padding-left: 40px;\">PAL gauges are handy, watertight, and useful for ensuring quality within industrial work.<\/p>\n<p class=\"meginmal\" style=\"border-width: 0px; font-size: 16px; padding-left: 40px;\">Refractometers are commonly used for measuring the strength of sugar solutions, for example in beverages, jams, and wine. The strength of salt is also measured in products such as salt brine for salt fish production.<\/p>\n<p class=\"meginmal\" style=\"border-width: 0px; font-size: 16px; padding-left: 40px;\">ATAGO's refractometers are also capable of measuring constant refraction in the production of soft drinks, for example.<\/p>\n<p class=\"\" style=\"border-width: 0px; font-size: 18px; padding-left: 40px;\">Kemia's sales team can answer any questions about ATAGO and their products.<\/p>\n<\/div>\n<\/div>\n<\/div>\n<\/div>","protected":false},"excerpt":{"rendered":"<p>&nbsp; &nbsp; Lj\u00f3sbrotsm\u00e6lar Vefs\u00ed\u00f0a Atago &nbsp;&nbsp;&nbsp; Senda fyrirspurn \u00deegar lj\u00f3s fer \u00ed gegnum v\u00f6kvayfirbor\u00f0 \u00fe\u00e1 breytir \u00fea\u00f0 um stefnu. \u00deessi eiginleiki er breytilegur eftir v\u00f6kvager\u00f0 og styrk efna \u00ed v\u00f6kvanum.<\/p>\n<div class=\"read-more\"><a class=\"btn button-primary\" href=\"https:\/\/kemia.is\/en\/ljosbrotsmaelar\/\">Read More<\/a><\/div>","protected":false},"author":1,"featured_media":0,"parent":0,"menu_order":0,"comment_status":"closed","ping_status":"closed","template":"","meta":{"bgseo_title":"Lj\u00f3sbrotsm\u00e6lar - G\u00e6\u00f0aeftirlit fyrir lyfja og efnai\u00f0na\u00f0inn","bgseo_description":"H\u00e1g\u00e6\u00f0a lj\u00f3sbrotsm\u00e6lar fr\u00e1 ATAGO eru f\u00e1anlegir \u00ed allskonar ger\u00f0um fyrir lyfja og efnai\u00f0na\u00f0inn. ATAGO framlei\u00f0ir allar ger\u00f0ir af lj\u00f3sbrotsm\u00e6lum.","bgseo_robots_index":"index","bgseo_robots_follow":"follow","om_disable_all_campaigns":false,"_monsterinsights_skip_tracking":false,"_monsterinsights_sitenote_active":false,"_monsterinsights_sitenote_note":"","_monsterinsights_sitenote_category":0,"_uf_show_specific_survey":0,"_uf_disable_surveys":false,"two_page_speed":{"current_score":{"desktop_score":97,"desktop_tti":"0.6\u00a0","mobile_score":95,"mobile_tti":"2.4\u00a0","date":"21.03.2025 02:16:53 pm","status":"completed"}},"footnotes":""},"class_list":["post-216","page","type-page","status-publish"],"aioseo_notices":[],"_links":{"self":[{"href":"https:\/\/kemia.is\/en\/wp-json\/wp\/v2\/pages\/216","targetHints":{"allow":["GET"]}}],"collection":[{"href":"https:\/\/kemia.is\/en\/wp-json\/wp\/v2\/pages"}],"about":[{"href":"https:\/\/kemia.is\/en\/wp-json\/wp\/v2\/types\/page"}],"author":[{"embeddable":true,"href":"https:\/\/kemia.is\/en\/wp-json\/wp\/v2\/users\/1"}],"replies":[{"embeddable":true,"href":"https:\/\/kemia.is\/en\/wp-json\/wp\/v2\/comments?post=216"}],"version-history":[{"count":10,"href":"https:\/\/kemia.is\/en\/wp-json\/wp\/v2\/pages\/216\/revisions"}],"predecessor-version":[{"id":813,"href":"https:\/\/kemia.is\/en\/wp-json\/wp\/v2\/pages\/216\/revisions\/813"}],"wp:attachment":[{"href":"https:\/\/kemia.is\/en\/wp-json\/wp\/v2\/media?parent=216"}],"curies":[{"name":"wp","href":"https:\/\/api.w.org\/{rel}","templated":true}]}}