{"id":233,"date":"2023-02-03T11:45:05","date_gmt":"2023-02-03T11:45:05","guid":{"rendered":"https:\/\/kemia.is.dream.website\/?page_id=233"},"modified":"2025-03-21T13:38:56","modified_gmt":"2025-03-21T13:38:56","slug":"mikropipettur","status":"publish","type":"page","link":"https:\/\/kemia.is\/en\/mikropipettur\/","title":{"rendered":"Micropipettes"},"content":{"rendered":"<div class=\"color4-background-color bg-background-color tmpl-call_to_action-14 boldgrid-section dynamic-gridblock\" style=\"color: #1d1d1d; border-width: 0px; width: auto; background-image: linear-gradient(to left, rgba(255, 255, 255, 0.59), rgba(255, 255, 255, 0.59)), url('https:\/\/kemia.is\/wp-content\/uploads\/2023\/02\/socorex-4-e1681558186466.webp'); background-size: cover; background-position: 50% 50%;\" data-bg-overlaycolor=\"rgba(255, 255, 255,0.59)\" data-image-url=\"https:\/\/kemia.is\/wp-content\/uploads\/2023\/02\/socorex-4-e1681558186466.webp\" data-bg-overlaycolor-alpha=\"0.59\" data-bg-overlaycolor-class=\"2\">\n<div class=\"container\">\n<div class=\"row\" style=\"padding-top: 75px;\">\n<div class=\"col-md-5 col-sm-7 col-xs-12 col-lg-5\">\n<h1 class=\"\" data-font-family=\"Arial Black\" data-font-weight=\"400\" data-font-style=\"\"><img loading=\"lazy\" decoding=\"async\" class=\"aligncenter wp-image-357 size-full\" src=\"https:\/\/kemia.is\/wp-content\/uploads\/2023\/02\/socorex-svg.png\" alt=\"\" width=\"1027\" height=\"306\" srcset=\"https:\/\/kemia.is\/wp-content\/uploads\/2023\/02\/socorex-svg.png 1027w, https:\/\/kemia.is\/wp-content\/uploads\/2023\/02\/socorex-svg-300x89.png 300w, https:\/\/kemia.is\/wp-content\/uploads\/2023\/02\/socorex-svg-1024x305.png 1024w, https:\/\/kemia.is\/wp-content\/uploads\/2023\/02\/socorex-svg-768x229.png 768w, https:\/\/kemia.is\/wp-content\/uploads\/2023\/02\/socorex-svg-250x74.png 250w, https:\/\/kemia.is\/wp-content\/uploads\/2023\/02\/socorex-svg-550x164.png 550w, https:\/\/kemia.is\/wp-content\/uploads\/2023\/02\/socorex-svg-800x238.png 800w, https:\/\/kemia.is\/wp-content\/uploads\/2023\/02\/socorex-svg-604x180.png 604w, https:\/\/kemia.is\/wp-content\/uploads\/2023\/02\/socorex-svg-1007x300.png 1007w, https:\/\/kemia.is\/wp-content\/uploads\/2023\/02\/0_0_140_41.533333333333_socorex-svg-300x89.png 140w, https:\/\/kemia.is\/wp-content\/uploads\/2023\/02\/0_0_350_104.248046875_socorex-svg-1024x305.png 350w\" sizes=\"auto, (max-width: 1027px) 100vw, 1027px\" \/><\/h1>\n<h1 class=\"\" style=\"border-width: 0px; font-size: 22px; font-family: 'Arial Black', Gadget, sans-serif; font-weight: 400;\" data-font-family=\"Arial Black\" data-font-weight=\"400\" data-font-style=\"\">Micropipettes<\/h1>\n<h1 class=\"\" style=\"border-width: 0px; font-size: 40px;\">&nbsp;<\/h1>\n<\/div>\n<div class=\"col-md-7 col-sm-5 col-xs-12 col-lg-7\"><\/div>\n<\/div>\n<div class=\"row\" style=\"padding-top: 25px; padding-bottom: 75px;\">\n<div class=\"col-md-12 col-sm-12 col-xs-12 col-lg-12\" style=\"padding: 1em;\">\n<p class=\"\"><a class=\"btn btn-pill btn-regular btn-color-5\" style=\"border-width: 0px;\" href=\"http:\/\/Socorex.com\" target=\"_blank\" rel=\"noopener\">Socorex Website<\/a> &nbsp;&nbsp;&nbsp; <a class=\"btn btn-pill btn-regular btn-color-5\" style=\"border-width: 0px;\" title=\"Send a request\" href=\"mailto:kemia@kemia.is\">Send a request<\/a><\/p>\n<\/div>\n<\/div>\n<\/div>\n<\/div>\n<div class=\"tmpl-services-13 boldgrid-section dynamic-gridblock\" style=\"border-width: 0px; background-image: linear-gradient(to left,var( --color-3 ),var( --color-2 ));\" data-bg-color-1=\"var( --color-3 )\" data-bg-color-2=\"var( --color-2 )\" data-bg-direction=\"to left\">\n<div class=\"container\">\n<div class=\"row\" style=\"padding-top: 42px; padding-bottom: 42px;\">\n<div class=\"col-md-4 col-sm-4 col-xs-12 col-lg-4\" style=\"padding-right: 2em; padding-left: 2em;\">\n<p class=\"wow fadeIn\" style=\"border-width: 0px;\" data-wow-duration=\"1s\" data-wow-delay=\"1s\"><img loading=\"lazy\" decoding=\"async\" class=\"bg-img aligncenter wp-image-235 size-full\" style=\"border-width: 0px;\" src=\"https:\/\/kemia.is.dream.website\/wp-content\/uploads\/2023\/02\/0_0_507_634.46610169492_socorex-3.jpeg\" alt=\"\" width=\"507\" height=\"634\" srcset=\"https:\/\/kemia.is\/wp-content\/uploads\/2023\/02\/0_0_507_634.46610169492_socorex-3.jpeg 507w, https:\/\/kemia.is\/wp-content\/uploads\/2023\/02\/0_0_239.89841986456_300_socorex-3.jpeg 240w, https:\/\/kemia.is\/wp-content\/uploads\/2023\/02\/socorex-3-819x1024.jpeg 819w, https:\/\/kemia.is\/wp-content\/uploads\/2023\/02\/socorex-3-768x960.jpeg 768w, https:\/\/kemia.is\/wp-content\/uploads\/2023\/02\/socorex-3-1228x1536.jpeg 1228w, https:\/\/kemia.is\/wp-content\/uploads\/2023\/02\/socorex-3-250x313.jpeg 250w, https:\/\/kemia.is\/wp-content\/uploads\/2023\/02\/socorex-3-550x688.jpeg 550w, https:\/\/kemia.is\/wp-content\/uploads\/2023\/02\/socorex-3-800x1000.jpeg 800w, https:\/\/kemia.is\/wp-content\/uploads\/2023\/02\/socorex-3-144x180.jpeg 144w, https:\/\/kemia.is\/wp-content\/uploads\/2023\/02\/socorex-3-400x500.jpeg 400w, https:\/\/kemia.is\/wp-content\/uploads\/2023\/02\/socorex-3.jpeg 1417w\" sizes=\"auto, (max-width: 507px) 100vw, 507px\" \/><\/p>\n<\/div>\n<div class=\"col-md-4 col-sm-4 col-xs-12 col-lg-4\" style=\"padding-right: 2em; padding-left: 2em;\">\n<p class=\"wow fadeIn\" style=\"border-width: 0px;\" data-wow-duration=\"1s\" data-wow-delay=\"1s\"><img loading=\"lazy\" decoding=\"async\" class=\"bg-img aligncenter wp-image-237 size-full\" src=\"https:\/\/kemia.is.dream.website\/wp-content\/uploads\/2023\/02\/0_0_383.78378378378_500_socorex-1.jpeg\" alt=\"\" width=\"383\" height=\"500\" srcset=\"https:\/\/kemia.is\/wp-content\/uploads\/2023\/02\/0_0_383.78378378378_500_socorex-1.jpeg 384w, https:\/\/kemia.is\/wp-content\/uploads\/2023\/02\/socorex-1-230x300.jpeg 230w, https:\/\/kemia.is\/wp-content\/uploads\/2023\/02\/socorex-1-250x326.jpeg 250w, https:\/\/kemia.is\/wp-content\/uploads\/2023\/02\/socorex-1-138x180.jpeg 138w, https:\/\/kemia.is\/wp-content\/uploads\/2023\/02\/0_0_167.32972972973_218_socorex-1.jpeg 167w, https:\/\/kemia.is\/wp-content\/uploads\/2023\/02\/socorex-1.jpeg 426w\" sizes=\"auto, (max-width: 383px) 100vw, 383px\" \/><\/p>\n<p data-wow-duration=\"1s\" data-wow-delay=\"1s\">&nbsp;<\/p>\n<p class=\"\">&nbsp;<\/p>\n<\/div>\n<div class=\"col-md-4 col-sm-4 col-xs-12 col-lg-4\" style=\"padding-right: 2em; padding-left: 2em;\">\n<p class=\"wow fadeIn\" style=\"border-width: 0px;\" data-wow-duration=\"1s\" data-wow-delay=\"1s\"><img loading=\"lazy\" decoding=\"async\" class=\"bg-img aligncenter wp-image-236 size-full\" src=\"https:\/\/kemia.is.dream.website\/wp-content\/uploads\/2023\/02\/0_0_300_300_socorex-2.jpeg\" alt=\"\" width=\"300\" height=\"300\" srcset=\"https:\/\/kemia.is\/wp-content\/uploads\/2023\/02\/0_0_300_300_socorex-2.jpeg 300w, https:\/\/kemia.is\/wp-content\/uploads\/2023\/02\/socorex-2-1024x1024.jpeg 1024w, https:\/\/kemia.is\/wp-content\/uploads\/2023\/02\/socorex-2-150x150.jpeg 150w, https:\/\/kemia.is\/wp-content\/uploads\/2023\/02\/socorex-2-768x768.jpeg 768w, https:\/\/kemia.is\/wp-content\/uploads\/2023\/02\/socorex-2-1536x1536.jpeg 1536w, https:\/\/kemia.is\/wp-content\/uploads\/2023\/02\/socorex-2-48x48.jpeg 48w, https:\/\/kemia.is\/wp-content\/uploads\/2023\/02\/socorex-2-250x250.jpeg 250w, https:\/\/kemia.is\/wp-content\/uploads\/2023\/02\/socorex-2-550x550.jpeg 550w, https:\/\/kemia.is\/wp-content\/uploads\/2023\/02\/socorex-2-800x800.jpeg 800w, https:\/\/kemia.is\/wp-content\/uploads\/2023\/02\/socorex-2-180x180.jpeg 180w, https:\/\/kemia.is\/wp-content\/uploads\/2023\/02\/socorex-2-500x500.jpeg 500w, https:\/\/kemia.is\/wp-content\/uploads\/2023\/02\/socorex-2.jpeg 1800w\" sizes=\"auto, (max-width: 300px) 100vw, 300px\" \/><\/p>\n<\/div>\n<\/div>\n<\/div>\n<\/div>\n<div class=\"tmpl-services-8 boldgrid-section dynamic-gridblock background-scroll color4-background-color color-4-text-contrast bg-background-color\" style=\"border-width: 0px;\">\n<div class=\"container-fluid\">\n<div class=\"row\" style=\"padding-bottom: 0px;\">\n<div class=\"col-md-5 col-sm-12 col-xs-12 col-lg-11 color4-background-color color-4-text-contrast bg-background-color wow fadeIn\" style=\"padding: 2em; border-width: 0px;\" data-wow-duration=\"1s\" data-wow-delay=\"1s\">\n<p class=\"meginmal\" style=\"border-width: 0px; font-size: 16px; padding-left: 40px;\">In 1940, two watchmakers from Lausanne, Switzerland began to manufacture syringes and needles medicines and nutrition under the name Socorex. Today, Socorex also produces micropipettes and utilities to research labs for fluid dosing.<\/p>\n<p class=\"meginmal\" style=\"border-width: 0px; font-size: 16px; padding-left: 40px;\">Socorex also produces electric pipettes which improve performance and comfort, along with adjustable micropipettes and bottle dispensers.<\/p>\n<p class=\"meginmal\" style=\"border-width: 0px; font-size: 16px; padding-left: 40px;\">Their production also includes pipette tips, reagent trays, and relevant attachments.<\/p>\n<p class=\"\" style=\"border-width: 0px; font-size: 18px; padding-left: 40px;\">Kemia's sales team can answer any and all questions about products from Socorex.<\/p>\n<\/div>\n<\/div>\n<\/div>\n<\/div>","protected":false},"excerpt":{"rendered":"<p>M\u00edkr\u00f3p\u00edpettur &nbsp; Vefs\u00ed\u00f0a Socorex &nbsp;&nbsp;&nbsp; Senda fyrirspurn &nbsp; &nbsp; \u00c1ri\u00f0 1940 stofnu\u00f0u tveir \u00farsmi\u00f0ir Socorex \u00ed Lausanne \u00ed Sviss og byrju\u00f0u a\u00f0 framlei\u00f0a sprautur og n\u00e1lar fyrir lyfja og n\u00e6ringargj\u00f6f.<\/p>\n<div class=\"read-more\"><a class=\"btn button-primary\" href=\"https:\/\/kemia.is\/en\/mikropipettur\/\">Read More<\/a><\/div>","protected":false},"author":1,"featured_media":0,"parent":0,"menu_order":0,"comment_status":"closed","ping_status":"closed","template":"","meta":{"bgseo_title":"M\u00edkr\u00f3p\u00edpettur - S\u00e9rsni\u00f0a\u00f0 fr\u00e1 Socorex","bgseo_description":"Socorex framlei\u00f0ir m\u00edkr\u00f3p\u00edpettur og \u00f6nnur \u00e1h\u00f6ld fyrir ranns\u00f3knastofur til v\u00f6kvask\u00f6mmtunar.  P\u00edpettur sem auka afk\u00f6st og hv\u00edla \u00feumalfingurinn.","bgseo_robots_index":"index","bgseo_robots_follow":"follow","om_disable_all_campaigns":false,"_monsterinsights_skip_tracking":false,"_monsterinsights_sitenote_active":false,"_monsterinsights_sitenote_note":"","_monsterinsights_sitenote_category":0,"_uf_show_specific_survey":0,"_uf_disable_surveys":false,"two_page_speed":{"current_score":{"desktop_score":97,"desktop_tti":"0.6\u00a0","mobile_score":98,"mobile_tti":"2.5\u00a0","date":"21.03.2025 01:39:23 pm","status":"completed"}},"footnotes":""},"class_list":["post-233","page","type-page","status-publish"],"aioseo_notices":[],"_links":{"self":[{"href":"https:\/\/kemia.is\/en\/wp-json\/wp\/v2\/pages\/233","targetHints":{"allow":["GET"]}}],"collection":[{"href":"https:\/\/kemia.is\/en\/wp-json\/wp\/v2\/pages"}],"about":[{"href":"https:\/\/kemia.is\/en\/wp-json\/wp\/v2\/types\/page"}],"author":[{"embeddable":true,"href":"https:\/\/kemia.is\/en\/wp-json\/wp\/v2\/users\/1"}],"replies":[{"embeddable":true,"href":"https:\/\/kemia.is\/en\/wp-json\/wp\/v2\/comments?post=233"}],"version-history":[{"count":10,"href":"https:\/\/kemia.is\/en\/wp-json\/wp\/v2\/pages\/233\/revisions"}],"predecessor-version":[{"id":827,"href":"https:\/\/kemia.is\/en\/wp-json\/wp\/v2\/pages\/233\/revisions\/827"}],"wp:attachment":[{"href":"https:\/\/kemia.is\/en\/wp-json\/wp\/v2\/media?parent=233"}],"curies":[{"name":"wp","href":"https:\/\/api.w.org\/{rel}","templated":true}]}}