{"id":241,"date":"2023-02-03T12:12:59","date_gmt":"2023-02-03T12:12:59","guid":{"rendered":"https:\/\/kemia.is.dream.website\/?page_id=241"},"modified":"2025-03-21T15:44:16","modified_gmt":"2025-03-21T15:44:16","slug":"qiagen-erfdarannsoknir","status":"publish","type":"page","link":"https:\/\/kemia.is\/en\/qiagen-erfdarannsoknir\/","title":{"rendered":"Qiagen-molecular testing"},"content":{"rendered":"<div class=\"color4-background-color bg-background-color tmpl-call_to_action-14 boldgrid-section dynamic-gridblock\" style=\"color: #1d1d1d; border-width: 0px; width: auto; background-image: linear-gradient(to left, rgba(255, 255, 255, 0.59), rgba(255, 255, 255, 0.59)), url('https:\/\/kemia.is\/wp-content\/uploads\/2023\/02\/qiagen-poster-1-e1675683065733.jpeg'); background-size: cover; background-position: 50% 50%;\" data-bg-overlaycolor=\"rgba(255, 255, 255,0.59)\" data-image-url=\"https:\/\/kemia.is\/wp-content\/uploads\/2023\/02\/qiagen-poster-1-e1675683065733.jpeg\" data-bg-overlaycolor-alpha=\"0.59\" data-bg-overlaycolor-class=\"2\">\n<div class=\"container\">\n<div class=\"row\" style=\"padding-top: 75px;\">\n<div class=\"col-md-5 col-sm-7 col-xs-12 col-lg-5\">\n<h1 class=\"\" data-font-family=\"Arial Black\" data-font-weight=\"400\" data-font-style=\"\"><img loading=\"lazy\" decoding=\"async\" class=\"aligncenter wp-image-321 size-full\" src=\"https:\/\/kemia.is.dream.website\/wp-content\/uploads\/2023\/02\/0_0_1200_1026_Qiagen_Logo.svg.png\" alt=\"\" width=\"1200\" height=\"1026\" srcset=\"https:\/\/kemia.is\/wp-content\/uploads\/2023\/02\/Qiagen_Logo.svg.png 1200w, https:\/\/kemia.is\/wp-content\/uploads\/2023\/02\/0_0_300_257_Qiagen_Logo.svg-300x257.png 300w, https:\/\/kemia.is\/wp-content\/uploads\/2023\/02\/Qiagen_Logo.svg-1024x876.png 1024w, https:\/\/kemia.is\/wp-content\/uploads\/2023\/02\/Qiagen_Logo.svg-768x657.png 768w, https:\/\/kemia.is\/wp-content\/uploads\/2023\/02\/Qiagen_Logo.svg-250x214.png 250w, https:\/\/kemia.is\/wp-content\/uploads\/2023\/02\/Qiagen_Logo.svg-550x470.png 550w, https:\/\/kemia.is\/wp-content\/uploads\/2023\/02\/Qiagen_Logo.svg-800x684.png 800w, https:\/\/kemia.is\/wp-content\/uploads\/2023\/02\/Qiagen_Logo.svg-211x180.png 211w, https:\/\/kemia.is\/wp-content\/uploads\/2023\/02\/Qiagen_Logo.svg-351x300.png 351w, https:\/\/kemia.is\/wp-content\/uploads\/2023\/02\/Qiagen_Logo.svg-585x500.png 585w\" sizes=\"auto, (max-width: 1200px) 100vw, 1200px\" \/><\/h1>\n<h1 class=\"\" style=\"border-width: 0px; font-size: 40px;\">&nbsp;<\/h1>\n<\/div>\n<div class=\"col-md-7 col-sm-5 col-xs-12 col-lg-7\">\n<h1 class=\"\" data-font-family=\"Arial Black\" data-font-weight=\"400\" data-font-style=\"\">&nbsp;<\/h1>\n<h1 class=\"\" data-font-family=\"Arial Black\" data-font-weight=\"400\" data-font-style=\"\">&nbsp;<\/h1>\n<h1 class=\"\" style=\"border-width: 0px; font-size: 22px; font-family: 'Arial Black', Gadget, sans-serif; font-weight: 400;\" data-font-family=\"Arial Black\" data-font-weight=\"400\" data-font-style=\"\">Qiagen-molecular testing<\/h1>\n<\/div>\n<\/div>\n<div class=\"row\" style=\"padding-top: 0px; padding-bottom: 0px;\">\n<div class=\"col-md-12 col-sm-12 col-xs-12 col-lg-12\" style=\"padding: 1em;\">\n<p class=\"\"><a class=\"btn btn-pill btn-regular btn-color-5\" style=\"border-width: 0px;\" href=\"http:\/\/Qiagen.com\" target=\"_blank\" rel=\"noopener\">Qiagen Website<\/a> &nbsp;&nbsp;&nbsp; <a class=\"btn btn-pill btn-regular btn-color-5\" style=\"border-width: 0px;\" title=\"Send a request\" href=\"mailto:kemia@kemia.is\">Send a request<\/a><\/p>\n<\/div>\n<\/div>\n<\/div>\n<\/div>\n<div class=\"tmpl-services-13 boldgrid-section dynamic-gridblock\" style=\"border-width: 0px; background-image: linear-gradient(to left,var( --color-3 ),var( --color-2 ));\" data-bg-color-1=\"var( --color-3 )\" data-bg-color-2=\"var( --color-2 )\" data-bg-direction=\"to left\">\n<div class=\"container\">\n<div class=\"row\" style=\"padding-top: 42px; padding-bottom: 42px;\">\n<div class=\"col-md-4 col-sm-4 col-xs-12 col-lg-4\" style=\"padding-right: 2em; padding-left: 2em;\">\n<p class=\"wow fadeIn\" style=\"border-width: 0px;\" data-wow-duration=\"1s\" data-wow-delay=\"1s\"><img loading=\"lazy\" decoding=\"async\" class=\"bg-img aligncenter wp-image-329\" style=\"border-width: 0px;\" src=\"https:\/\/kemia.is.dream.website\/wp-content\/uploads\/2023\/02\/QIAGEN-PCR-Purification-Kit-1280x720-1.jpg\" alt=\"\" width=\"407\" height=\"229\" srcset=\"https:\/\/kemia.is\/wp-content\/uploads\/2023\/02\/QIAGEN-PCR-Purification-Kit-1280x720-1.jpg 1280w, https:\/\/kemia.is\/wp-content\/uploads\/2023\/02\/QIAGEN-PCR-Purification-Kit-1280x720-1-300x169.jpg 300w, https:\/\/kemia.is\/wp-content\/uploads\/2023\/02\/QIAGEN-PCR-Purification-Kit-1280x720-1-1024x576.jpg 1024w, https:\/\/kemia.is\/wp-content\/uploads\/2023\/02\/QIAGEN-PCR-Purification-Kit-1280x720-1-768x432.jpg 768w, https:\/\/kemia.is\/wp-content\/uploads\/2023\/02\/QIAGEN-PCR-Purification-Kit-1280x720-1-250x141.jpg 250w, https:\/\/kemia.is\/wp-content\/uploads\/2023\/02\/QIAGEN-PCR-Purification-Kit-1280x720-1-550x309.jpg 550w, https:\/\/kemia.is\/wp-content\/uploads\/2023\/02\/QIAGEN-PCR-Purification-Kit-1280x720-1-800x450.jpg 800w, https:\/\/kemia.is\/wp-content\/uploads\/2023\/02\/QIAGEN-PCR-Purification-Kit-1280x720-1-320x180.jpg 320w, https:\/\/kemia.is\/wp-content\/uploads\/2023\/02\/QIAGEN-PCR-Purification-Kit-1280x720-1-533x300.jpg 533w, https:\/\/kemia.is\/wp-content\/uploads\/2023\/02\/QIAGEN-PCR-Purification-Kit-1280x720-1-889x500.jpg 889w\" sizes=\"auto, (max-width: 407px) 100vw, 407px\" \/><\/p>\n<p class=\"color-neutral-color\" style=\"border-width: 0px; font-size: 19px; text-align: center;\"><strong>PCR kits<\/strong><\/p>\n<\/div>\n<div class=\"col-md-4 col-sm-4 col-xs-12 col-lg-4\" style=\"padding-right: 2em; padding-left: 2em;\">\n<p class=\"wow fadeIn\" style=\"border-width: 0px;\" data-wow-duration=\"1s\" data-wow-delay=\"1s\"><img loading=\"lazy\" decoding=\"async\" class=\"bg-img aligncenter wp-image-328\" src=\"https:\/\/kemia.is.dream.website\/wp-content\/uploads\/2023\/02\/qiagen-qiacuity.jpg\" alt=\"\" width=\"241\" height=\"241\" srcset=\"https:\/\/kemia.is\/wp-content\/uploads\/2023\/02\/qiagen-qiacuity.jpg 1000w, https:\/\/kemia.is\/wp-content\/uploads\/2023\/02\/qiagen-qiacuity-300x300.jpg 300w, https:\/\/kemia.is\/wp-content\/uploads\/2023\/02\/qiagen-qiacuity-150x150.jpg 150w, https:\/\/kemia.is\/wp-content\/uploads\/2023\/02\/qiagen-qiacuity-768x768.jpg 768w, https:\/\/kemia.is\/wp-content\/uploads\/2023\/02\/qiagen-qiacuity-48x48.jpg 48w, https:\/\/kemia.is\/wp-content\/uploads\/2023\/02\/qiagen-qiacuity-250x250.jpg 250w, https:\/\/kemia.is\/wp-content\/uploads\/2023\/02\/qiagen-qiacuity-550x550.jpg 550w, https:\/\/kemia.is\/wp-content\/uploads\/2023\/02\/qiagen-qiacuity-800x800.jpg 800w, https:\/\/kemia.is\/wp-content\/uploads\/2023\/02\/qiagen-qiacuity-180x180.jpg 180w, https:\/\/kemia.is\/wp-content\/uploads\/2023\/02\/qiagen-qiacuity-500x500.jpg 500w\" sizes=\"auto, (max-width: 241px) 100vw, 241px\" \/><\/p>\n<p class=\"color-neutral-color\" style=\"border-width: 0px; font-size: 19px; text-align: center;\" data-wow-duration=\"1s\" data-wow-delay=\"1s\"><strong>Digital PCR system<\/strong><\/p>\n<\/div>\n<div class=\"col-md-4 col-sm-4 col-xs-12 col-lg-4\" style=\"padding-right: 2em; padding-left: 2em;\">\n<p class=\"wow fadeIn\" style=\"border-width: 0px;\" data-wow-duration=\"1s\" data-wow-delay=\"1s\"><img loading=\"lazy\" decoding=\"async\" class=\"bg-img aligncenter wp-image-330\" src=\"https:\/\/kemia.is.dream.website\/wp-content\/uploads\/2023\/02\/qiagen-qiacube.jpg\" alt=\"\" width=\"255\" height=\"255\" srcset=\"https:\/\/kemia.is\/wp-content\/uploads\/2023\/02\/qiagen-qiacube.jpg 1000w, https:\/\/kemia.is\/wp-content\/uploads\/2023\/02\/qiagen-qiacube-300x300.jpg 300w, https:\/\/kemia.is\/wp-content\/uploads\/2023\/02\/qiagen-qiacube-150x150.jpg 150w, https:\/\/kemia.is\/wp-content\/uploads\/2023\/02\/qiagen-qiacube-768x768.jpg 768w, https:\/\/kemia.is\/wp-content\/uploads\/2023\/02\/qiagen-qiacube-48x48.jpg 48w, https:\/\/kemia.is\/wp-content\/uploads\/2023\/02\/qiagen-qiacube-250x250.jpg 250w, https:\/\/kemia.is\/wp-content\/uploads\/2023\/02\/qiagen-qiacube-550x550.jpg 550w, https:\/\/kemia.is\/wp-content\/uploads\/2023\/02\/qiagen-qiacube-800x800.jpg 800w, https:\/\/kemia.is\/wp-content\/uploads\/2023\/02\/qiagen-qiacube-180x180.jpg 180w, https:\/\/kemia.is\/wp-content\/uploads\/2023\/02\/qiagen-qiacube-500x500.jpg 500w\" sizes=\"auto, (max-width: 255px) 100vw, 255px\" \/><\/p>\n<p class=\"color-neutral-color\" style=\"border-width: 0px; font-size: 19px; text-align: center;\"><strong>Qiacube connect<\/strong><\/p>\n<\/div>\n<\/div>\n<\/div>\n<\/div>\n<div class=\"tmpl-services-8 boldgrid-section dynamic-gridblock background-scroll color4-background-color color-4-text-contrast bg-background-color\" style=\"border-width: 0px;\">\n<div class=\"container-fluid\">\n<div class=\"row\" style=\"padding-bottom: 0px;\">\n<div class=\"col-md-5 col-sm-12 col-xs-12 col-lg-10 color4-background-color color-4-text-contrast bg-background-color wow fadeIn\" style=\"padding: 2em; border-width: 0px;\" data-wow-duration=\"1s\" data-wow-delay=\"1s\">\n<p>&nbsp;<\/p>\n<p class=\"meginmal\" style=\"border-width: 0px; font-size: 19px; padding-left: 40px;\">QIAGEN is a leader in the handling and analysis of biological samples.<\/p>\n<p class=\"meginmal\" style=\"border-width: 0px; font-size: 18px; padding-left: 40px;\">QIAGEN is also known for its high-quality performance, manufacturing, and reliability. QIAGEN produces automated machinery, instrument assemblies, analytical kits and preparations used for a variety of research in health sciences, pharmaceutical research, food research and forensic research to name a few.<\/p>\n<p class=\"\" style=\"border-width: 0px; font-size: 20px; padding-left: 40px;\">Kemia's sales team can answer any and all questions about products from QIAGEN.<\/p>\n<\/div>\n<\/div>\n<\/div>\n<\/div>","protected":false},"excerpt":{"rendered":"<p>&nbsp; &nbsp; &nbsp; Qiagen-erf\u00f0aranns\u00f3knir Vefs\u00ed\u00f0a Qiagen &nbsp;&nbsp;&nbsp; Senda fyrirspurn PCR kits Digital PCR system Qiacube connect &nbsp; QIAGEN er lei\u00f0andi \u00e1 heimsv\u00edsu \u00ed me\u00f0h\u00f6ndlun og greiningu l\u00edfs\u00fdna. Qiagen er \u00feekkt<\/p>\n<div class=\"read-more\"><a class=\"btn button-primary\" href=\"https:\/\/kemia.is\/en\/qiagen-erfdarannsoknir\/\">Read More<\/a><\/div>","protected":false},"author":1,"featured_media":0,"parent":0,"menu_order":0,"comment_status":"closed","ping_status":"closed","template":"","meta":{"bgseo_title":"Qiagen - erf\u00f0aranns\u00f3knir","bgseo_description":"QIAGEN er lei\u00f0andi \u00e1 heimsv\u00edsu \u00ed me\u00f0h\u00f6ndlun og greiningu l\u00edfs\u00fdna. Qiagen er \u00feekkt fyrir h\u00e1g\u00e6\u00f0aframlei\u00f0slu sem eykur afk\u00f6st og framlei\u00f0ni.","bgseo_robots_index":"index","bgseo_robots_follow":"follow","om_disable_all_campaigns":false,"_monsterinsights_skip_tracking":false,"_monsterinsights_sitenote_active":false,"_monsterinsights_sitenote_note":"","_monsterinsights_sitenote_category":0,"_uf_show_specific_survey":0,"_uf_disable_surveys":false,"two_page_speed":{"current_score":{"desktop_score":98,"desktop_tti":"0.6\u00a0","mobile_score":96,"mobile_tti":"2.7\u00a0","date":"21.03.2025 03:44:46 pm","status":"completed"}},"footnotes":""},"class_list":["post-241","page","type-page","status-publish"],"aioseo_notices":[],"_links":{"self":[{"href":"https:\/\/kemia.is\/en\/wp-json\/wp\/v2\/pages\/241","targetHints":{"allow":["GET"]}}],"collection":[{"href":"https:\/\/kemia.is\/en\/wp-json\/wp\/v2\/pages"}],"about":[{"href":"https:\/\/kemia.is\/en\/wp-json\/wp\/v2\/types\/page"}],"author":[{"embeddable":true,"href":"https:\/\/kemia.is\/en\/wp-json\/wp\/v2\/users\/1"}],"replies":[{"embeddable":true,"href":"https:\/\/kemia.is\/en\/wp-json\/wp\/v2\/comments?post=241"}],"version-history":[{"count":10,"href":"https:\/\/kemia.is\/en\/wp-json\/wp\/v2\/pages\/241\/revisions"}],"predecessor-version":[{"id":816,"href":"https:\/\/kemia.is\/en\/wp-json\/wp\/v2\/pages\/241\/revisions\/816"}],"wp:attachment":[{"href":"https:\/\/kemia.is\/en\/wp-json\/wp\/v2\/media?parent=241"}],"curies":[{"name":"wp","href":"https:\/\/api.w.org\/{rel}","templated":true}]}}