{"id":300,"date":"2023-02-06T11:08:15","date_gmt":"2023-02-06T11:08:15","guid":{"rendered":"https:\/\/kemia.is.dream.website\/?page_id=300"},"modified":"2025-03-21T18:01:15","modified_gmt":"2025-03-21T18:01:15","slug":"vogir","status":"publish","type":"page","link":"https:\/\/kemia.is\/en\/vogir\/","title":{"rendered":"Scales"},"content":{"rendered":"<div class=\"color4-background-color bg-background-color tmpl-call_to_action-14 boldgrid-section dynamic-gridblock\" style=\"color: #1d1d1d; border-width: 0px; width: auto; background-image: linear-gradient(to left, rgba(255, 255, 255, 0.59), rgba(255, 255, 255, 0.59)), url('https:\/\/kemia.is\/wp-content\/uploads\/2023\/02\/boeco-poster.jpeg'); background-size: cover; background-position: 50% 50%;\" data-bg-overlaycolor=\"rgba(255, 255, 255,0.59)\" data-image-url=\"https:\/\/kemia.is\/wp-content\/uploads\/2023\/02\/boeco-poster.jpeg\" data-bg-overlaycolor-alpha=\"0.59\" data-bg-overlaycolor-class=\"2\">\n<div class=\"container\">\n<div class=\"row\" style=\"padding-top: 75px;\">\n<div class=\"col-md-5 col-sm-7 col-xs-12 col-lg-5\">\n<p class=\"\">&nbsp;<\/p>\n<h1 class=\"\"><img loading=\"lazy\" decoding=\"async\" class=\"aligncenter wp-image-511\" src=\"https:\/\/kemia.is\/wp-content\/uploads\/2023\/02\/BOECO-logo.png\" alt=\"\" width=\"295\" height=\"295\" srcset=\"https:\/\/kemia.is\/wp-content\/uploads\/2023\/02\/BOECO-logo.png 600w, https:\/\/kemia.is\/wp-content\/uploads\/2023\/02\/BOECO-logo-300x300.png 300w, https:\/\/kemia.is\/wp-content\/uploads\/2023\/02\/BOECO-logo-150x150.png 150w, https:\/\/kemia.is\/wp-content\/uploads\/2023\/02\/BOECO-logo-12x12.png 12w, https:\/\/kemia.is\/wp-content\/uploads\/2023\/02\/BOECO-logo-48x48.png 48w, https:\/\/kemia.is\/wp-content\/uploads\/2023\/02\/BOECO-logo-250x250.png 250w, https:\/\/kemia.is\/wp-content\/uploads\/2023\/02\/BOECO-logo-550x550.png 550w, https:\/\/kemia.is\/wp-content\/uploads\/2023\/02\/BOECO-logo-180x180.png 180w, https:\/\/kemia.is\/wp-content\/uploads\/2023\/02\/BOECO-logo-500x500.png 500w\" sizes=\"auto, (max-width: 295px) 100vw, 295px\" \/><\/h1>\n<p class=\"\">&nbsp;<\/p>\n<\/div>\n<div class=\"col-lg-7 col-md-7 col-sm-12 col-xs-12\">\n<h1 class=\"\" style=\"border-width: 0px; font-size: 24px;\">&nbsp;<\/h1>\n<h1 class=\"\">&nbsp;<\/h1>\n<h1 class=\"\" style=\"border-width: 0px; font-family: 'Arial Black', Gadget, sans-serif; font-weight: 400; font-size: 32px;\" data-font-family=\"Arial Black\" data-font-weight=\"400\" data-font-style=\"\">Scales<\/h1>\n<\/div>\n<\/div>\n<div class=\"row\" style=\"padding-top: 25px; padding-bottom: 75px;\">\n<div class=\"col-md-12 col-sm-12 col-xs-12 col-lg-12\" style=\"padding: 1em;\">\n<p class=\"\"><a class=\"btn btn-pill btn-regular btn-color-5\" style=\"border-width: 0px;\" href=\"https:\/\/www.boeco.com\/\" target=\"_blank\" rel=\"noopener\">Boeco Website<\/a> &nbsp;&nbsp;&nbsp; <a class=\"btn btn-pill btn-regular btn-color-5\" style=\"border-width: 0px;\" title=\"Send a request\" href=\"mailto:kemia@kemia.is\">Send a request<\/a><\/p>\n<\/div>\n<\/div>\n<\/div>\n<\/div>\n<div class=\"tmpl-services-13 boldgrid-section dynamic-gridblock\" style=\"border-width: 0px; background-image: linear-gradient(to left,var( --color-3 ),var( --color-2 ));\" data-bg-color-1=\"var( --color-3 )\" data-bg-color-2=\"var( --color-2 )\" data-bg-direction=\"to left\">\n<div class=\"container\">\n<div class=\"row\" style=\"padding-top: 42px; padding-bottom: 42px;\">\n<div class=\"col-md-4 col-sm-4 col-xs-12 col-lg-4\" style=\"padding-right: 2em; padding-left: 2em;\">\n<p class=\"\"><img loading=\"lazy\" decoding=\"async\" class=\"bg-img aligncenter wp-image-515 size-full\" style=\"border-width: 0px;\" src=\"https:\/\/kemia.is.dream.website\/wp-content\/uploads\/2023\/02\/boeco-vogir.jpeg\" alt=\"\" width=\"1489\" height=\"1869\" srcset=\"https:\/\/kemia.is\/wp-content\/uploads\/2023\/02\/boeco-vogir.jpeg 1489w, https:\/\/kemia.is\/wp-content\/uploads\/2023\/02\/boeco-vogir-239x300.jpeg 239w, https:\/\/kemia.is\/wp-content\/uploads\/2023\/02\/boeco-vogir-816x1024.jpeg 816w, https:\/\/kemia.is\/wp-content\/uploads\/2023\/02\/boeco-vogir-768x964.jpeg 768w, https:\/\/kemia.is\/wp-content\/uploads\/2023\/02\/boeco-vogir-1224x1536.jpeg 1224w, https:\/\/kemia.is\/wp-content\/uploads\/2023\/02\/boeco-vogir-10x12.jpeg 10w, https:\/\/kemia.is\/wp-content\/uploads\/2023\/02\/boeco-vogir-250x314.jpeg 250w, https:\/\/kemia.is\/wp-content\/uploads\/2023\/02\/boeco-vogir-550x690.jpeg 550w, https:\/\/kemia.is\/wp-content\/uploads\/2023\/02\/boeco-vogir-800x1004.jpeg 800w, https:\/\/kemia.is\/wp-content\/uploads\/2023\/02\/boeco-vogir-143x180.jpeg 143w, https:\/\/kemia.is\/wp-content\/uploads\/2023\/02\/boeco-vogir-398x500.jpeg 398w\" sizes=\"auto, (max-width: 1489px) 100vw, 1489px\" \/><\/p>\n<\/div>\n<div class=\"col-md-4 col-sm-4 col-xs-12 col-lg-4\" style=\"padding-right: 2em; padding-left: 2em;\">\n<p class=\"\"><img loading=\"lazy\" decoding=\"async\" class=\"bg-img aligncenter wp-image-513 size-full\" src=\"https:\/\/kemia.is\/wp-content\/uploads\/2023\/02\/BOECO-vogir-3.jpeg\" alt=\"\" width=\"1620\" height=\"1620\" srcset=\"https:\/\/kemia.is\/wp-content\/uploads\/2023\/02\/BOECO-vogir-3.jpeg 1620w, https:\/\/kemia.is\/wp-content\/uploads\/2023\/02\/BOECO-vogir-3-300x300.jpeg 300w, https:\/\/kemia.is\/wp-content\/uploads\/2023\/02\/BOECO-vogir-3-1024x1024.jpeg 1024w, https:\/\/kemia.is\/wp-content\/uploads\/2023\/02\/BOECO-vogir-3-150x150.jpeg 150w, https:\/\/kemia.is\/wp-content\/uploads\/2023\/02\/BOECO-vogir-3-768x768.jpeg 768w, https:\/\/kemia.is\/wp-content\/uploads\/2023\/02\/BOECO-vogir-3-1536x1536.jpeg 1536w, https:\/\/kemia.is\/wp-content\/uploads\/2023\/02\/BOECO-vogir-3-12x12.jpeg 12w, https:\/\/kemia.is\/wp-content\/uploads\/2023\/02\/BOECO-vogir-3-48x48.jpeg 48w, https:\/\/kemia.is\/wp-content\/uploads\/2023\/02\/BOECO-vogir-3-250x250.jpeg 250w, https:\/\/kemia.is\/wp-content\/uploads\/2023\/02\/BOECO-vogir-3-550x550.jpeg 550w, https:\/\/kemia.is\/wp-content\/uploads\/2023\/02\/BOECO-vogir-3-800x800.jpeg 800w, https:\/\/kemia.is\/wp-content\/uploads\/2023\/02\/BOECO-vogir-3-180x180.jpeg 180w, https:\/\/kemia.is\/wp-content\/uploads\/2023\/02\/BOECO-vogir-3-500x500.jpeg 500w\" sizes=\"auto, (max-width: 1620px) 100vw, 1620px\" \/><\/p>\n<\/div>\n<div class=\"col-md-4 col-sm-4 col-xs-12 col-lg-4\" style=\"padding-right: 2em; padding-left: 2em;\">\n<p class=\"\"><img loading=\"lazy\" decoding=\"async\" class=\"bg-img aligncenter wp-image-514 size-full\" src=\"https:\/\/kemia.is.dream.website\/wp-content\/uploads\/2023\/02\/0_0_456.41025641026_300_boeco-vogir-2.jpeg\" alt=\"\" width=\"456\" height=\"300\" srcset=\"https:\/\/kemia.is\/wp-content\/uploads\/2023\/02\/0_0_456.41025641026_300_boeco-vogir-2.jpeg 456w, https:\/\/kemia.is\/wp-content\/uploads\/2023\/02\/boeco-vogir-2-300x197.jpeg 300w, https:\/\/kemia.is\/wp-content\/uploads\/2023\/02\/boeco-vogir-2-768x505.jpeg 768w, https:\/\/kemia.is\/wp-content\/uploads\/2023\/02\/boeco-vogir-2-18x12.jpeg 18w, https:\/\/kemia.is\/wp-content\/uploads\/2023\/02\/boeco-vogir-2-250x164.jpeg 250w, https:\/\/kemia.is\/wp-content\/uploads\/2023\/02\/boeco-vogir-2-550x362.jpeg 550w, https:\/\/kemia.is\/wp-content\/uploads\/2023\/02\/boeco-vogir-2-800x526.jpeg 800w, https:\/\/kemia.is\/wp-content\/uploads\/2023\/02\/boeco-vogir-2-274x180.jpeg 274w, https:\/\/kemia.is\/wp-content\/uploads\/2023\/02\/boeco-vogir-2-761x500.jpeg 761w, https:\/\/kemia.is\/wp-content\/uploads\/2023\/02\/0_0_225_147.89325842697_boeco-vogir-2.jpeg 225w, https:\/\/kemia.is\/wp-content\/uploads\/2023\/02\/boeco-vogir-2.jpeg 890w\" sizes=\"auto, (max-width: 456px) 100vw, 456px\" \/><\/p>\n<\/div>\n<\/div>\n<\/div>\n<\/div>\n<div class=\"tmpl-services-8 boldgrid-section dynamic-gridblock background-scroll color4-background-color color-4-text-contrast bg-background-color\" style=\"border-width: 0px;\">\n<div class=\"container-fluid\">\n<div class=\"row\" style=\"padding-bottom: 0px;\">\n<div class=\"col-md-5 col-sm-12 col-xs-12 col-lg-11 color4-background-color color-4-text-contrast bg-background-color wow fadeIn\" style=\"padding: 2em; border-width: 0px;\" data-wow-duration=\"1s\" data-wow-delay=\"1s\">\n<p class=\"meginmal\">&nbsp;<\/p>\n<p class=\"meginmal\" style=\"border-width: 0px; font-size: 16px; padding-left: 40px;\">The family business Boeckel + Co (GmbH + Co) KG was founded in 1929 and is now in its third generation.<\/p>\n<p class=\"\" style=\"border-width: 0px; font-size: 16px; padding-left: 40px;\">Their products have been sold all over the world, including their highest quality balances specially designed for research work of all kinds.<\/p>\n<p class=\"\" style=\"border-width: 0px; font-size: 18px; padding-left: 40px;\">Kemia's sales team can answer any questions about Boeco and their products.<\/p>\n<p class=\"\">&nbsp;<\/p>\n<p class=\"\">&nbsp;<\/p>\n<\/div>\n<\/div>\n<\/div>\n<\/div>","protected":false},"excerpt":{"rendered":"<p>&nbsp; &nbsp; &nbsp; &nbsp; Vogir Vefs\u00ed\u00f0a Boeco &nbsp;&nbsp;&nbsp; Senda fyrirspurn &nbsp; Fj\u00f6lskyldufyrirt\u00e6ki\u00f0 Boeckel + Co (GmbH + Co) KG var stofna\u00f0 \u00e1ri\u00f0 1929. V\u00f6rur \u00feeirra hafa selst \u00fat um allan<\/p>\n<div class=\"read-more\"><a class=\"btn button-primary\" href=\"https:\/\/kemia.is\/en\/vogir\/\">Read More<\/a><\/div>","protected":false},"author":1,"featured_media":0,"parent":0,"menu_order":0,"comment_status":"closed","ping_status":"closed","template":"","meta":{"bgseo_title":"Vogir - h\u00e1g\u00e6\u00f0a t\u00e6kni og miki\u00f0 v\u00f6ru\u00farval fr\u00e1 Boeco","bgseo_description":"V\u00f6rur Boeco hafa selst \u00fat um allan heim, \u00fear \u00e1 me\u00f0al vogir \u00ed g\u00e6\u00f0aflokki sem hafa s\u00e9rstaklega veri\u00f0 hanna\u00f0ar fyrir ranns\u00f3knavinnu af \u00f6llu tagi.","bgseo_robots_index":"index","bgseo_robots_follow":"follow","om_disable_all_campaigns":false,"_monsterinsights_skip_tracking":false,"_monsterinsights_sitenote_active":false,"_monsterinsights_sitenote_note":"","_monsterinsights_sitenote_category":0,"_uf_show_specific_survey":0,"_uf_disable_surveys":false,"two_page_speed":{"current_score":{"desktop_score":96,"desktop_tti":"0.6\u00a0","mobile_score":95,"mobile_tti":"2.8\u00a0","date":"09.12.2024 05:16:27 pm","status":"error_no_score"}},"footnotes":""},"class_list":["post-300","page","type-page","status-publish"],"aioseo_notices":[],"_links":{"self":[{"href":"https:\/\/kemia.is\/en\/wp-json\/wp\/v2\/pages\/300","targetHints":{"allow":["GET"]}}],"collection":[{"href":"https:\/\/kemia.is\/en\/wp-json\/wp\/v2\/pages"}],"about":[{"href":"https:\/\/kemia.is\/en\/wp-json\/wp\/v2\/types\/page"}],"author":[{"embeddable":true,"href":"https:\/\/kemia.is\/en\/wp-json\/wp\/v2\/users\/1"}],"replies":[{"embeddable":true,"href":"https:\/\/kemia.is\/en\/wp-json\/wp\/v2\/comments?post=300"}],"version-history":[{"count":10,"href":"https:\/\/kemia.is\/en\/wp-json\/wp\/v2\/pages\/300\/revisions"}],"predecessor-version":[{"id":828,"href":"https:\/\/kemia.is\/en\/wp-json\/wp\/v2\/pages\/300\/revisions\/828"}],"wp:attachment":[{"href":"https:\/\/kemia.is\/en\/wp-json\/wp\/v2\/media?parent=300"}],"curies":[{"name":"wp","href":"https:\/\/api.w.org\/{rel}","templated":true}]}}