{"id":311,"date":"2023-02-06T11:20:32","date_gmt":"2023-02-06T11:20:32","guid":{"rendered":"https:\/\/kemia.is.dream.website\/?page_id=311"},"modified":"2025-05-26T13:50:03","modified_gmt":"2025-05-26T13:50:03","slug":"vokvagreinar","status":"publish","type":"page","link":"https:\/\/kemia.is\/en\/vokvagreinar\/","title":{"rendered":"Analytical and measuring instruments"},"content":{"rendered":"<div class=\"color4-background-color bg-background-color tmpl-call_to_action-14 boldgrid-section dynamic-gridblock\" style=\"color: #1d1d1d; border-width: 0px; width: auto; background-image: linear-gradient(to left, rgba(255, 255, 255, 0.59), rgba(255, 255, 255, 0.59)), url('https:\/\/kemia.is\/wp-content\/uploads\/2023\/02\/shimadzu-poster.jpeg'); background-size: cover; background-position: 50% 50%;\" data-bg-overlaycolor=\"rgba(255, 255, 255,0.59)\" data-image-url=\"https:\/\/kemia.is\/wp-content\/uploads\/2023\/02\/shimadzu-poster.jpeg\" data-bg-overlaycolor-alpha=\"0.59\" data-bg-overlaycolor-class=\"2\">\n<div class=\"container\">\n<div class=\"row\" style=\"padding-top: 75px;\">\n<div class=\"col-md-5 col-sm-7 col-xs-12 col-lg-5\">\n<h1 class=\"\" data-font-family=\"Arial Black\" data-font-weight=\"400\" data-font-style=\"\">&nbsp;<\/h1>\n<h1 class=\"\" data-font-family=\"Arial Black\" data-font-weight=\"400\" data-font-style=\"\"><img loading=\"lazy\" decoding=\"async\" class=\"aligncenter wp-image-313 size-full\" src=\"https:\/\/kemia.is\/wp-content\/uploads\/2023\/02\/2560px-Shimadzu_logo.svg.png\" alt=\"\" width=\"2560\" height=\"355\" srcset=\"https:\/\/kemia.is\/wp-content\/uploads\/2023\/02\/2560px-Shimadzu_logo.svg.png 2560w, https:\/\/kemia.is\/wp-content\/uploads\/2023\/02\/0_0.42857142857142705_300_41.142857142857_2560px-Shimadzu_logo.svg-300x42.png 300w, https:\/\/kemia.is\/wp-content\/uploads\/2023\/02\/2560px-Shimadzu_logo.svg-1024x142.png 1024w, https:\/\/kemia.is\/wp-content\/uploads\/2023\/02\/2560px-Shimadzu_logo.svg-768x107.png 768w, https:\/\/kemia.is\/wp-content\/uploads\/2023\/02\/2560px-Shimadzu_logo.svg-1536x213.png 1536w, https:\/\/kemia.is\/wp-content\/uploads\/2023\/02\/2560px-Shimadzu_logo.svg-2048x284.png 2048w, https:\/\/kemia.is\/wp-content\/uploads\/2023\/02\/2560px-Shimadzu_logo.svg-250x35.png 250w, https:\/\/kemia.is\/wp-content\/uploads\/2023\/02\/2560px-Shimadzu_logo.svg-550x76.png 550w, https:\/\/kemia.is\/wp-content\/uploads\/2023\/02\/2560px-Shimadzu_logo.svg-800x111.png 800w, https:\/\/kemia.is\/wp-content\/uploads\/2023\/02\/2560px-Shimadzu_logo.svg-1298x180.png 1298w, https:\/\/kemia.is\/wp-content\/uploads\/2023\/02\/0_0_350_48.3984375_2560px-Shimadzu_logo.svg.png 350w, https:\/\/kemia.is\/wp-content\/uploads\/2023\/02\/0_1_1251_172.98984375_2560px-Shimadzu_logo.svg.png 1251w\" sizes=\"auto, (max-width: 2560px) 100vw, 2560px\" \/><\/h1>\n<h1 class=\"\" style=\"border-width: 0px; font-size: 22px; font-family: 'Arial Black', Gadget, sans-serif; font-weight: 400;\" data-font-family=\"Arial Black\" data-font-weight=\"400\" data-font-style=\"\">Analytical and measuring instruments<\/h1>\n<h1 class=\"\" style=\"border-width: 0px; font-size: 40px;\">&nbsp;<\/h1>\n<\/div>\n<div class=\"col-md-7 col-sm-5 col-xs-12 col-lg-7\"><\/div>\n<\/div>\n<div class=\"row\" style=\"padding-top: 25px; padding-bottom: 75px;\">\n<div class=\"col-md-12 col-sm-12 col-xs-12 col-lg-12\" style=\"padding: 1em;\">\n<p class=\"\"><a class=\"btn btn-pill btn-regular btn-color-5\" style=\"border-width: 0px;\" href=\"https:\/\/www.shimadzu.eu\" target=\"_blank\" rel=\"noopener\">Shimadzu Website<\/a> &nbsp;&nbsp;&nbsp; <a class=\"btn btn-pill btn-regular btn-color-5\" style=\"border-width: 0px;\" title=\"Send a request\" href=\"mailto:kemia@kemia.is\">Send a request<\/a><\/p>\n<\/div>\n<\/div>\n<\/div>\n<\/div>\n<div class=\"tmpl-services-13 boldgrid-section dynamic-gridblock\" style=\"border-width: 0px; background-image: linear-gradient(to left,var( --color-3 ),var( --color-2 ));\" data-bg-color-1=\"var( --color-3 )\" data-bg-color-2=\"var( --color-2 )\" data-bg-direction=\"to left\">\n<div class=\"container\">\n<div class=\"row\" style=\"padding-top: 42px; padding-bottom: 42px;\">\n<div class=\"col-md-4 col-sm-4 col-xs-12 col-lg-4\" style=\"padding-right: 2em; padding-left: 2em;\">\n<p class=\"wow fadeIn\" style=\"border-width: 0px;\" data-wow-duration=\"1s\" data-wow-delay=\"1s\"><img loading=\"lazy\" decoding=\"async\" class=\"bg-img aligncenter wp-image-924 size-full\" src=\"https:\/\/kemia.is\/wp-content\/uploads\/2025\/05\/nexera.jpg\" alt=\"\" width=\"731\" height=\"366\" srcset=\"https:\/\/kemia.is\/wp-content\/uploads\/2025\/05\/nexera.jpg 731w, https:\/\/kemia.is\/wp-content\/uploads\/2025\/05\/nexera-300x150.jpg 300w, https:\/\/kemia.is\/wp-content\/uploads\/2025\/05\/nexera-18x9.jpg 18w, https:\/\/kemia.is\/wp-content\/uploads\/2025\/05\/nexera-250x125.jpg 250w, https:\/\/kemia.is\/wp-content\/uploads\/2025\/05\/nexera-550x275.jpg 550w, https:\/\/kemia.is\/wp-content\/uploads\/2025\/05\/nexera-360x180.jpg 360w, https:\/\/kemia.is\/wp-content\/uploads\/2025\/05\/nexera-599x300.jpg 599w, https:\/\/kemia.is\/wp-content\/uploads\/2025\/05\/nexera-600x300.jpg 600w\" sizes=\"auto, (max-width: 731px) 100vw, 731px\" \/><\/p>\n<p class=\"color-neutral-color\" style=\"border-width: 0px; font-size: 19px; text-align: center;\" data-wow-duration=\"1s\" data-wow-delay=\"1s\"><strong>NEXERA Series<\/strong><\/p>\n<\/div>\n<div class=\"col-md-4 col-sm-4 col-xs-12 col-lg-4\" style=\"padding-right: 2em; padding-left: 2em;\">\n<p class=\"wow fadeIn\" style=\"border-width: 0px;\" data-wow-duration=\"1s\" data-wow-delay=\"1s\"><img loading=\"lazy\" decoding=\"async\" class=\"bg-img aligncenter wp-image-747\" src=\"https:\/\/kemia.is.dream.website\/wp-content\/uploads\/2023\/03\/0_0_328.43137254902_500_LC-2050C_a.jpg\" alt=\"\" width=\"171\" height=\"261\" srcset=\"https:\/\/kemia.is\/wp-content\/uploads\/2023\/03\/0_0_328.43137254902_500_LC-2050C_a.jpg 328w, https:\/\/kemia.is\/wp-content\/uploads\/2023\/03\/LC-2050C_a-197x300.jpg 197w, https:\/\/kemia.is\/wp-content\/uploads\/2023\/03\/LC-2050C_a-8x12.jpg 8w, https:\/\/kemia.is\/wp-content\/uploads\/2023\/03\/LC-2050C_a-250x381.jpg 250w, https:\/\/kemia.is\/wp-content\/uploads\/2023\/03\/LC-2050C_a-118x180.jpg 118w, https:\/\/kemia.is\/wp-content\/uploads\/2023\/03\/LC-2050C_a.jpg 335w\" sizes=\"auto, (max-width: 171px) 100vw, 171px\" \/><\/p>\n<p class=\"color-neutral-color\" style=\"border-width: 0px; font-size: 19px; text-align: center;\" data-wow-duration=\"1s\" data-wow-delay=\"1s\"><strong>I-series<\/strong><\/p>\n<\/div>\n<div class=\"col-md-4 col-sm-4 col-xs-12 col-lg-4\" style=\"padding-right: 2em; padding-left: 2em;\">\n<p class=\"wow fadeIn\" style=\"border-width: 0px;\" data-wow-duration=\"1s\" data-wow-delay=\"1s\"><img loading=\"lazy\" decoding=\"async\" class=\"bg-img aligncenter wp-image-925 size-full\" src=\"https:\/\/kemia.is\/wp-content\/uploads\/2025\/05\/icon-200_lcms-8060.png\" alt=\"\" width=\"780\" height=\"390\" srcset=\"https:\/\/kemia.is\/wp-content\/uploads\/2025\/05\/icon-200_lcms-8060.png 780w, https:\/\/kemia.is\/wp-content\/uploads\/2025\/05\/icon-200_lcms-8060-300x150.png 300w, https:\/\/kemia.is\/wp-content\/uploads\/2025\/05\/icon-200_lcms-8060-768x384.png 768w, https:\/\/kemia.is\/wp-content\/uploads\/2025\/05\/icon-200_lcms-8060-18x9.png 18w, https:\/\/kemia.is\/wp-content\/uploads\/2025\/05\/icon-200_lcms-8060-250x125.png 250w, https:\/\/kemia.is\/wp-content\/uploads\/2025\/05\/icon-200_lcms-8060-550x275.png 550w, https:\/\/kemia.is\/wp-content\/uploads\/2025\/05\/icon-200_lcms-8060-360x180.png 360w, https:\/\/kemia.is\/wp-content\/uploads\/2025\/05\/icon-200_lcms-8060-600x300.png 600w\" sizes=\"auto, (max-width: 780px) 100vw, 780px\" \/><\/p>\n<h2 class=\"u-noMargin--top color-neutral-color\" style=\"font-size: 19px; font-weight: 600;\" data-font-weight=\"600\">LC-MS\/MS IVDR<\/h2>\n<\/div>\n<\/div>\n<\/div>\n<\/div>\n<div class=\"tmpl-services-8 boldgrid-section dynamic-gridblock background-scroll color4-background-color color-4-text-contrast bg-background-color\" style=\"border-width: 0px;\">\n<div class=\"container-fluid\">\n<div class=\"row\" style=\"padding-bottom: 0px;\">\n<div class=\"col-md-5 col-sm-12 col-xs-12 col-lg-11 color4-background-color color-4-text-contrast bg-background-color wow fadeIn\" style=\"padding: 2em; border-width: 0px;\" data-wow-duration=\"1s\" data-wow-delay=\"1s\">\n<p class=\"meginmal\" style=\"border-width: 0px; font-size: 16px; padding-left: 40px;\">Shimadzu was founded in 1875 in Kyoto, Japan and manufactured measuring instruments and medical devices. Research and technological development has always been at the core of Shimadzu's activities, and the company has been at the forefront of the development of chemical analysis technology. This is evidenced by the fact that a researcher at Shimadzu, Koichi Tanaka, received the Nobel Prize in Chemistry in 2002.<\/p>\n<p class=\"meginmal\" style=\"border-width: 0px; font-size: 16px; padding-left: 40px;\">Shimadzu devices are considered among the most productive and of the highest quality available. They produce e.g. liquid chromatography (HPLC\/UHPLC) both with conventional probes and mass spectrometers. Also, gas analyzers (GC) and gas\/mass spectrometers (GC\/MS) are some of the fastest and most sensitive instruments available. Shimadzu manufactures many types of spectrometers (UV\/VIS\/NIR\/FTIR etc.) and sells more such meters than any other manufacturer. Shimadzu manufactures atomic absorption spectrometry (AAS), plasma spectrometry (ICP), and X-ray fluorescence (EDXRF)-based instruments for surface chemical analysis.<\/p>\n<p class=\"meginmal\" style=\"border-width: 0px; font-size: 16px; padding-left: 40px;\">Shimadzu has offices all over the world. Their European center is based in Duisburg, Germany. There is a large stock of spare parts with all them available for express delivery.<\/p>\n<p class=\"meginmal\" style=\"border-width: 0px; font-size: 16px; padding-left: 40px;\">Kemia's sales team can answer any and all questions about Shimadzu's products.<\/p>\n<\/div>\n<\/div>\n<\/div>\n<\/div>","protected":false},"excerpt":{"rendered":"<p>&nbsp; V\u00f6kvagreinar &#8211; gasgreinar &nbsp; Vefs\u00ed\u00f0a Shimadzu &nbsp;&nbsp;&nbsp; Senda fyrirspurn NEXERA Series I-series LC-MS\/MS IVDR Shimadzu var stofna\u00f0 \u00e1ri\u00f0 1875 \u00ed Kyoto \u00ed Japan og framleiddi m\u00e6lit\u00e6ki og l\u00e6kningat\u00e6ki. Ranns\u00f3knir<\/p>\n<div class=\"read-more\"><a class=\"btn button-primary\" href=\"https:\/\/kemia.is\/en\/vokvagreinar\/\">Read More<\/a><\/div>","protected":false},"author":1,"featured_media":0,"parent":0,"menu_order":0,"comment_status":"closed","ping_status":"closed","template":"","meta":{"bgseo_title":"V\u00f6kvagreinar - gasgreinar fr\u00e1 Shimadzu","bgseo_description":"Shimadzu framlei\u00f0ir v\u00f6kvagreina og gasgreina og eru talin me\u00f0 \u00feeim afkastamestu og bestu sem f\u00e1anleg eru, b\u00e6\u00f0i me\u00f0 hef\u00f0bundnum nemum og massagreinum","bgseo_robots_index":"index","bgseo_robots_follow":"follow","om_disable_all_campaigns":false,"_monsterinsights_skip_tracking":false,"_monsterinsights_sitenote_active":false,"_monsterinsights_sitenote_note":"","_monsterinsights_sitenote_category":0,"_uf_show_specific_survey":0,"_uf_disable_surveys":false,"two_page_speed":{"current_score":{"desktop_score":95,"desktop_tti":"0.9\u00a0","mobile_score":88,"mobile_tti":"3.6\u00a0","date":"26.05.2025 01:41:34 pm","status":"completed"}},"footnotes":""},"class_list":["post-311","page","type-page","status-publish"],"aioseo_notices":[],"_links":{"self":[{"href":"https:\/\/kemia.is\/en\/wp-json\/wp\/v2\/pages\/311","targetHints":{"allow":["GET"]}}],"collection":[{"href":"https:\/\/kemia.is\/en\/wp-json\/wp\/v2\/pages"}],"about":[{"href":"https:\/\/kemia.is\/en\/wp-json\/wp\/v2\/types\/page"}],"author":[{"embeddable":true,"href":"https:\/\/kemia.is\/en\/wp-json\/wp\/v2\/users\/1"}],"replies":[{"embeddable":true,"href":"https:\/\/kemia.is\/en\/wp-json\/wp\/v2\/comments?post=311"}],"version-history":[{"count":10,"href":"https:\/\/kemia.is\/en\/wp-json\/wp\/v2\/pages\/311\/revisions"}],"predecessor-version":[{"id":926,"href":"https:\/\/kemia.is\/en\/wp-json\/wp\/v2\/pages\/311\/revisions\/926"}],"wp:attachment":[{"href":"https:\/\/kemia.is\/en\/wp-json\/wp\/v2\/media?parent=311"}],"curies":[{"name":"wp","href":"https:\/\/api.w.org\/{rel}","templated":true}]}}