{"id":476,"date":"2023-02-13T14:32:34","date_gmt":"2023-02-13T14:32:34","guid":{"rendered":"https:\/\/kemia.is.dream.website\/?page_id=476"},"modified":"2025-03-21T15:32:10","modified_gmt":"2025-03-21T15:32:10","slug":"flutningsvagnar-vorur-fyrir-daudhreinsun-og-thvottahus","status":"publish","type":"page","link":"https:\/\/kemia.is\/en\/flutningsvagnar-vorur-fyrir-daudhreinsun-og-thvottahus\/","title":{"rendered":"Aluminum trolleys"},"content":{"rendered":"<div class=\"color4-background-color bg-background-color tmpl-call_to_action-14 boldgrid-section dynamic-gridblock\" style=\"color: #1d1d1d; border-width: 0px; width: auto; background-image: linear-gradient(to left, rgba(255, 255, 255, 0.59), rgba(255, 255, 255, 0.59)), url('https:\/\/kemia.is\/wp-content\/uploads\/2023\/02\/flutningsvagn-e1676300402152.png'); background-size: cover; background-position: 50% 50%;\" data-bg-overlaycolor=\"rgba(255, 255, 255,0.59)\" data-image-url=\"https:\/\/kemia.is\/wp-content\/uploads\/2023\/02\/flutningsvagn-e1676300402152.png\" data-bg-overlaycolor-alpha=\"0.59\" data-bg-overlaycolor-class=\"2\">\n<div class=\"container\">\n<div class=\"row\" style=\"padding-top: 75px;\">\n<div class=\"col-md-5 col-sm-7 col-xs-12 col-lg-4\">\n<h1 class=\"\" data-font-family=\"Arial Black\" data-font-weight=\"400\" data-font-style=\"\"><img loading=\"lazy\" decoding=\"async\" class=\"aligncenter wp-image-496 size-full\" src=\"https:\/\/kemia.is.dream.website\/wp-content\/uploads\/2023\/02\/0_0_200_88_alvi-logo-2-2.png\" alt=\"\" width=\"200\" height=\"88\" srcset=\"https:\/\/kemia.is\/wp-content\/uploads\/2023\/02\/alvi-logo-2-2.png 200w, https:\/\/kemia.is\/wp-content\/uploads\/2023\/02\/alvi-logo-2-2-18x8.png 18w, https:\/\/kemia.is\/wp-content\/uploads\/2023\/02\/0_0_150_66_alvi-logo-2-2.png 150w\" sizes=\"auto, (max-width: 200px) 100vw, 200px\" \/><\/h1>\n<h1 class=\"\" style=\"border-width: 0px; font-size: 22px; font-family: 'Arial Black', Gadget, sans-serif; font-weight: 400;\" data-font-family=\"Arial Black\" data-font-weight=\"400\" data-font-style=\"\">Flutningsvagnar-v\u00f6rur fyrir dau\u00f0ahreinsun og \u00fevottah\u00fas<\/h1>\n<h1 class=\"\" style=\"border-width: 0px; font-size: 40px;\">&nbsp;<\/h1>\n<\/div>\n<div class=\"col-md-7 col-sm-5 col-xs-12 col-lg-8\"><\/div>\n<\/div>\n<div class=\"row\" style=\"padding-top: 25px; padding-bottom: 75px;\">\n<div class=\"col-md-12 col-sm-12 col-xs-12 col-lg-12\" style=\"padding: 1em;\">\n<div style=\"border-width: 0px;\" class=\"\">\n<p class=\"\" style=\"border-width: 0px;\"><a class=\"btn btn-pill btn-regular btn-color-5\" style=\"border-width: 0px;\" href=\"https:\/\/www.alvi-italia.com\/en\/\" target=\"_blank\" rel=\"noopener\">Alvi-Italia Website<\/a><\/p>\n<p class=\"\" style=\"border-width: 0px;\"><a class=\"btn btn-pill btn-regular btn-color-5\" style=\"border-width: 0px;\" title=\"Send a request\" href=\"mailto:kemia@kemia.is\">Send a request<\/a><\/p>\n<\/div>\n<\/div>\n<\/div>\n<\/div>\n<\/div>\n<div class=\"tmpl-services-13 boldgrid-section dynamic-gridblock\" style=\"border-width: 0px; background-image: linear-gradient(to left,var( --color-3 ),var( --color-2 ));\" data-bg-color-1=\"var( --color-3 )\" data-bg-color-2=\"var( --color-2 )\" data-bg-direction=\"to left\">\n<div class=\"container\">\n<div class=\"row\" style=\"padding-top: 42px; padding-bottom: 42px;\">\n<div class=\"col-md-4 col-sm-4 col-xs-12 col-lg-4\" style=\"padding-right: 2em; padding-left: 2em;\">\n<p class=\"wow fadeIn\" style=\"border-width: 0px;\" data-wow-duration=\"1s\" data-wow-delay=\"1s\"><img loading=\"lazy\" decoding=\"async\" class=\"bg-img aligncenter wp-image-499 size-full\" style=\"border-width: 0px;\" src=\"https:\/\/kemia.is\/wp-content\/uploads\/2023\/02\/flutningsvagn-2.jpeg\" alt=\"\" width=\"2000\" height=\"1794\" srcset=\"https:\/\/kemia.is\/wp-content\/uploads\/2023\/02\/flutningsvagn-2.jpeg 2000w, https:\/\/kemia.is\/wp-content\/uploads\/2023\/02\/flutningsvagn-2-300x269.jpeg 300w, https:\/\/kemia.is\/wp-content\/uploads\/2023\/02\/flutningsvagn-2-1024x919.jpeg 1024w, https:\/\/kemia.is\/wp-content\/uploads\/2023\/02\/flutningsvagn-2-768x689.jpeg 768w, https:\/\/kemia.is\/wp-content\/uploads\/2023\/02\/flutningsvagn-2-1536x1378.jpeg 1536w, https:\/\/kemia.is\/wp-content\/uploads\/2023\/02\/flutningsvagn-2-13x12.jpeg 13w, https:\/\/kemia.is\/wp-content\/uploads\/2023\/02\/flutningsvagn-2-250x224.jpeg 250w, https:\/\/kemia.is\/wp-content\/uploads\/2023\/02\/flutningsvagn-2-550x493.jpeg 550w, https:\/\/kemia.is\/wp-content\/uploads\/2023\/02\/flutningsvagn-2-800x718.jpeg 800w, https:\/\/kemia.is\/wp-content\/uploads\/2023\/02\/flutningsvagn-2-201x180.jpeg 201w, https:\/\/kemia.is\/wp-content\/uploads\/2023\/02\/flutningsvagn-2-334x300.jpeg 334w, https:\/\/kemia.is\/wp-content\/uploads\/2023\/02\/flutningsvagn-2-557x500.jpeg 557w\" sizes=\"auto, (max-width: 2000px) 100vw, 2000px\" \/><\/p>\n<\/div>\n<div class=\"col-md-4 col-sm-4 col-xs-12 col-lg-4\" style=\"padding-right: 2em; padding-left: 2em;\">\n<p class=\"wow fadeIn\" style=\"border-width: 0px;\" data-wow-duration=\"1s\" data-wow-delay=\"1s\"><img loading=\"lazy\" decoding=\"async\" class=\"bg-img aligncenter wp-image-500 size-full\" src=\"https:\/\/kemia.is\/wp-content\/uploads\/2023\/02\/flutningsvagn4.jpeg\" alt=\"\" width=\"849\" height=\"960\" srcset=\"https:\/\/kemia.is\/wp-content\/uploads\/2023\/02\/flutningsvagn4.jpeg 849w, https:\/\/kemia.is\/wp-content\/uploads\/2023\/02\/flutningsvagn4-265x300.jpeg 265w, https:\/\/kemia.is\/wp-content\/uploads\/2023\/02\/flutningsvagn4-768x868.jpeg 768w, https:\/\/kemia.is\/wp-content\/uploads\/2023\/02\/flutningsvagn4-11x12.jpeg 11w, https:\/\/kemia.is\/wp-content\/uploads\/2023\/02\/flutningsvagn4-250x283.jpeg 250w, https:\/\/kemia.is\/wp-content\/uploads\/2023\/02\/flutningsvagn4-550x622.jpeg 550w, https:\/\/kemia.is\/wp-content\/uploads\/2023\/02\/flutningsvagn4-800x905.jpeg 800w, https:\/\/kemia.is\/wp-content\/uploads\/2023\/02\/flutningsvagn4-159x180.jpeg 159w, https:\/\/kemia.is\/wp-content\/uploads\/2023\/02\/flutningsvagn4-442x500.jpeg 442w\" sizes=\"auto, (max-width: 849px) 100vw, 849px\" \/><\/p>\n<\/div>\n<div class=\"col-md-4 col-sm-4 col-xs-12 col-lg-4\" style=\"padding-right: 2em; padding-left: 2em;\">\n<p class=\"wow fadeIn\" style=\"border-width: 0px;\" data-wow-duration=\"1s\" data-wow-delay=\"1s\"><img loading=\"lazy\" decoding=\"async\" class=\"bg-img aligncenter wp-image-501 size-full\" src=\"https:\/\/kemia.is.dream.website\/wp-content\/uploads\/2023\/02\/29_0_300_300_flutningavagn-5.jpeg\" alt=\"\" width=\"300\" height=\"300\" srcset=\"https:\/\/kemia.is\/wp-content\/uploads\/2023\/02\/29_0_300_300_flutningavagn-5.jpeg 300w, https:\/\/kemia.is\/wp-content\/uploads\/2023\/02\/flutningavagn-5-150x150.jpeg 150w, https:\/\/kemia.is\/wp-content\/uploads\/2023\/02\/flutningavagn-5-12x12.jpeg 12w, https:\/\/kemia.is\/wp-content\/uploads\/2023\/02\/flutningavagn-5-48x48.jpeg 48w\" sizes=\"auto, (max-width: 300px) 100vw, 300px\" \/><\/p>\n<\/div>\n<\/div>\n<\/div>\n<\/div>\n<div class=\"tmpl-services-8 boldgrid-section dynamic-gridblock background-scroll color4-background-color color-4-text-contrast bg-background-color\" style=\"border-width: 0px;\">\n<div class=\"container-fluid\">\n<div class=\"row\" style=\"padding-bottom: 0px;\">\n<div class=\"col-md-5 col-sm-12 col-xs-12 col-lg-11 color4-background-color color-4-text-contrast bg-background-color wow fadeIn\" style=\"padding: 2em; border-width: 0px;\" data-wow-duration=\"1s\" data-wow-delay=\"1s\">\n<p class=\"\" style=\"border-width: 0px; font-size: 16px; padding-left: 40px;\">Alvi dedicates its design and production to solving transport and material handling problems (transportation trolleys for hospitals, retirement homes, laundries, hotels, and industry).<\/p>\n<p class=\"\" style=\"border-width: 0px; font-size: 16px; padding-left: 40px;\">With 50 years of knowledge in aluminum production and continuous research for the combined use of different materials, including various plastics and stainless steel, together with light alloys, Alvi leads in its field with continuous quality improvement. Automatic production machines provide an excellent level of quality.<\/p>\n<p class=\"\" style=\"border-width: 0px; font-size: 16px; padding-left: 40px;\">Most of the production takes place directly inside the factory, which has an area of \u200b\u200bover 9,000 m\u00b2, in a total area of \u200b\u200bmore than 23,000 m\u00b2.<\/p>\n<p class=\"\" style=\"border-width: 0px; font-size: 16px; padding-left: 40px;\">Alvi regularly exhibits with a stand at the most important international trade fairs such as Medica (D\u00fcsseldorf), Arab Health (Dubai), Expodetergo (Milan), Texcare (Frankfurt) and participates with its own exhibition space at several special conferences.<\/p>\n<p class=\"\" style=\"border-width: 0px; font-size: 18px; padding-left: 40px;\">Kemia's sales team can answer any and all questions about Alvi's products.<\/p>\n<\/div>\n<\/div>\n<\/div>\n<\/div>","protected":false},"excerpt":{"rendered":"<p>Flutningsvagnar-v\u00f6rur fyrir dau\u00f0ahreinsun og \u00fevottah\u00fas &nbsp; Vefs\u00ed\u00f0a Alvi-Italia Senda fyrirspurn Alvi helgar h\u00f6nnun s\u00edna og framlei\u00f0slu til a\u00f0 leysa flutninga- og efnisme\u00f0fer\u00f0arvandam\u00e1l (flutningavagna fyrir sj\u00fakrah\u00fas, elliheimili, \u00fevottah\u00fas, h\u00f3tel, i\u00f0na\u00f0). Me\u00f0<\/p>\n<div class=\"read-more\"><a class=\"btn button-primary\" href=\"https:\/\/kemia.is\/en\/flutningsvagnar-vorur-fyrir-daudhreinsun-og-thvottahus\/\">Read More<\/a><\/div>","protected":false},"author":1,"featured_media":0,"parent":0,"menu_order":0,"comment_status":"closed","ping_status":"closed","template":"","meta":{"bgseo_title":"Flutningsvagnar-v\u00f6rur fyrir dau\u00f0hreinsun og \u00fevottah\u00fas","bgseo_description":"Flutningsvagnar-v\u00f6rur fyrir dau\u00f0hreinsun og \u00fevottah\u00fas fr\u00e1 Alvi-Italia fyrir efnisme\u00f0fer\u00f0arvandam\u00e1l (sj\u00fakrah\u00fas, elliheimili, \u00fevottah\u00fas, h\u00f3tel, i\u00f0na\u00f0).","bgseo_robots_index":"index","bgseo_robots_follow":"follow","om_disable_all_campaigns":false,"_monsterinsights_skip_tracking":false,"_monsterinsights_sitenote_active":false,"_monsterinsights_sitenote_note":"","_monsterinsights_sitenote_category":0,"_uf_show_specific_survey":0,"_uf_disable_surveys":false,"two_page_speed":{"current_score":{"desktop_score":98,"desktop_tti":"0.6\u00a0","mobile_score":94,"mobile_tti":"3.0\u00a0","date":"21.03.2025 03:32:37 pm","status":"completed"}},"footnotes":""},"class_list":["post-476","page","type-page","status-publish"],"aioseo_notices":[],"_links":{"self":[{"href":"https:\/\/kemia.is\/en\/wp-json\/wp\/v2\/pages\/476","targetHints":{"allow":["GET"]}}],"collection":[{"href":"https:\/\/kemia.is\/en\/wp-json\/wp\/v2\/pages"}],"about":[{"href":"https:\/\/kemia.is\/en\/wp-json\/wp\/v2\/types\/page"}],"author":[{"embeddable":true,"href":"https:\/\/kemia.is\/en\/wp-json\/wp\/v2\/users\/1"}],"replies":[{"embeddable":true,"href":"https:\/\/kemia.is\/en\/wp-json\/wp\/v2\/comments?post=476"}],"version-history":[{"count":10,"href":"https:\/\/kemia.is\/en\/wp-json\/wp\/v2\/pages\/476\/revisions"}],"predecessor-version":[{"id":804,"href":"https:\/\/kemia.is\/en\/wp-json\/wp\/v2\/pages\/476\/revisions\/804"}],"wp:attachment":[{"href":"https:\/\/kemia.is\/en\/wp-json\/wp\/v2\/media?parent=476"}],"curies":[{"name":"wp","href":"https:\/\/api.w.org\/{rel}","templated":true}]}}