{"id":479,"date":"2023-02-13T14:33:16","date_gmt":"2023-02-13T14:33:16","guid":{"rendered":"https:\/\/kemia.is.dream.website\/?page_id=479"},"modified":"2025-03-21T15:31:38","modified_gmt":"2025-03-21T15:31:38","slug":"efnageymslur-og-oryggisskapar","status":"publish","type":"page","link":"https:\/\/kemia.is\/en\/efnageymslur-og-oryggisskapar\/","title":{"rendered":"Safety boxes"},"content":{"rendered":"<div class=\"color4-background-color bg-background-color tmpl-call_to_action-14 boldgrid-section dynamic-gridblock\" style=\"color: #1d1d1d; border-width: 0px; width: auto; background-image: linear-gradient(to left, rgba(255, 255, 255, 0.59), rgba(255, 255, 255, 0.59)), url('https:\/\/kemia.is\/wp-content\/uploads\/2023\/02\/oryggisskapar.jpeg'); background-size: cover; background-position: 50% 50%;\" data-bg-overlaycolor=\"rgba(255, 255, 255,0.59)\" data-image-url=\"https:\/\/kemia.is\/wp-content\/uploads\/2023\/02\/oryggisskapar.jpeg\" data-bg-overlaycolor-alpha=\"0.59\" data-bg-overlaycolor-class=\"2\">\n<div class=\"container\">\n<div class=\"row\" style=\"padding-top: 75px;\">\n<div class=\"col-md-5 col-sm-7 col-xs-12 col-lg-5\">\n<h1 class=\"\" data-font-family=\"Arial Black\" data-font-weight=\"400\" data-font-style=\"\"><img loading=\"lazy\" decoding=\"async\" class=\"aligncenter wp-image-504 size-full\" src=\"https:\/\/kemia.is.dream.website\/wp-content\/uploads\/2023\/02\/0_0_229_203_laborsecurity-logo.png\" alt=\"\" width=\"229\" height=\"203\" srcset=\"https:\/\/kemia.is\/wp-content\/uploads\/2023\/02\/laborsecurity-logo.png 229w, https:\/\/kemia.is\/wp-content\/uploads\/2023\/02\/laborsecurity-logo-14x12.png 14w, https:\/\/kemia.is\/wp-content\/uploads\/2023\/02\/laborsecurity-logo-203x180.png 203w, https:\/\/kemia.is\/wp-content\/uploads\/2023\/02\/0_0_150_132.96943231441_laborsecurity-logo.png 150w\" sizes=\"auto, (max-width: 229px) 100vw, 229px\" \/><\/h1>\n<h1 class=\"\" style=\"border-width: 0px; font-size: 22px; font-family: 'Arial Black', Gadget, sans-serif; font-weight: 400;\" data-font-family=\"Arial Black\" data-font-weight=\"400\" data-font-style=\"\">Safety boxes<\/h1>\n<h1 class=\"\" style=\"border-width: 0px; font-size: 40px;\">&nbsp;<\/h1>\n<\/div>\n<div class=\"col-md-7 col-sm-5 col-xs-12 col-lg-7\"><\/div>\n<\/div>\n<div class=\"row\" style=\"padding-top: 25px; padding-bottom: 75px;\">\n<div class=\"col-md-12 col-sm-12 col-xs-12 col-lg-12\" style=\"padding: 1em;\">\n<div style=\"border-width: 0px;\" class=\"\">\n<p class=\"\" style=\"border-width: 0px;\"><a class=\"btn btn-pill btn-regular btn-color-5\" style=\"border-width: 0px;\" href=\"https:\/\/www.laborsecurity.com\/\">Laborsecurity Website<\/a><\/p>\n<p class=\"\" style=\"border-width: 0px;\">&nbsp;&nbsp;&nbsp; <a class=\"btn btn-pill btn-regular btn-color-5\" style=\"border-width: 0px;\" title=\"Send a request\" href=\"mailto:kemia@kemia.is\">Send a request<\/a><\/p>\n<\/div>\n<\/div>\n<\/div>\n<\/div>\n<\/div>\n<div class=\"tmpl-services-13 boldgrid-section dynamic-gridblock\" style=\"border-width: 0px; background-image: linear-gradient(to left,var( --color-3 ),var( --color-2 ));\" data-bg-color-1=\"var( --color-3 )\" data-bg-color-2=\"var( --color-2 )\" data-bg-direction=\"to left\">\n<div class=\"container\">\n<div class=\"row\" style=\"padding-top: 42px; padding-bottom: 42px;\">\n<div class=\"col-md-4 col-sm-4 col-xs-12 col-lg-4\" style=\"padding-right: 2em; padding-left: 2em;\">\n<p class=\"wow fadeIn\" style=\"border-width: 0px;\" data-wow-duration=\"1s\" data-wow-delay=\"1s\"><img loading=\"lazy\" decoding=\"async\" class=\"bg-img aligncenter wp-image-508 size-full\" style=\"border-width: 0px;\" src=\"https:\/\/kemia.is.dream.website\/wp-content\/uploads\/2023\/02\/0_0_507_507_oryggisskapur-2.jpeg\" alt=\"\" width=\"507\" height=\"507\" srcset=\"https:\/\/kemia.is\/wp-content\/uploads\/2023\/02\/0_0_507_507_oryggisskapur-2.jpeg 507w, https:\/\/kemia.is\/wp-content\/uploads\/2023\/02\/oryggisskapur-2-300x300.jpeg 300w, https:\/\/kemia.is\/wp-content\/uploads\/2023\/02\/oryggisskapur-2-150x150.jpeg 150w, https:\/\/kemia.is\/wp-content\/uploads\/2023\/02\/oryggisskapur-2-12x12.jpeg 12w, https:\/\/kemia.is\/wp-content\/uploads\/2023\/02\/oryggisskapur-2-48x48.jpeg 48w, https:\/\/kemia.is\/wp-content\/uploads\/2023\/02\/oryggisskapur-2-250x250.jpeg 250w, https:\/\/kemia.is\/wp-content\/uploads\/2023\/02\/oryggisskapur-2-550x550.jpeg 550w, https:\/\/kemia.is\/wp-content\/uploads\/2023\/02\/oryggisskapur-2-180x180.jpeg 180w, https:\/\/kemia.is\/wp-content\/uploads\/2023\/02\/oryggisskapur-2-500x500.jpeg 500w, https:\/\/kemia.is\/wp-content\/uploads\/2023\/02\/oryggisskapur-2.jpeg 650w\" sizes=\"auto, (max-width: 507px) 100vw, 507px\" \/><\/p>\n<\/div>\n<div class=\"col-md-4 col-sm-4 col-xs-12 col-lg-4\" style=\"padding-right: 2em; padding-left: 2em;\">\n<p class=\"wow fadeIn\" style=\"border-width: 0px;\" data-wow-duration=\"1s\" data-wow-delay=\"1s\"><img loading=\"lazy\" decoding=\"async\" class=\"bg-img aligncenter wp-image-507 size-full\" src=\"https:\/\/kemia.is.dream.website\/wp-content\/uploads\/2023\/02\/0_0_680.73519400953_500_oryggisskapur-1.jpeg\" alt=\"\" width=\"680\" height=\"500\" srcset=\"https:\/\/kemia.is\/wp-content\/uploads\/2023\/02\/0_0_680.73519400953_500_oryggisskapur-1.jpeg 681w, https:\/\/kemia.is\/wp-content\/uploads\/2023\/02\/oryggisskapur-1-300x220.jpeg 300w, https:\/\/kemia.is\/wp-content\/uploads\/2023\/02\/oryggisskapur-1-1024x752.jpeg 1024w, https:\/\/kemia.is\/wp-content\/uploads\/2023\/02\/oryggisskapur-1-768x564.jpeg 768w, https:\/\/kemia.is\/wp-content\/uploads\/2023\/02\/oryggisskapur-1-1536x1128.jpeg 1536w, https:\/\/kemia.is\/wp-content\/uploads\/2023\/02\/oryggisskapur-1-16x12.jpeg 16w, https:\/\/kemia.is\/wp-content\/uploads\/2023\/02\/oryggisskapur-1-250x184.jpeg 250w, https:\/\/kemia.is\/wp-content\/uploads\/2023\/02\/oryggisskapur-1-550x404.jpeg 550w, https:\/\/kemia.is\/wp-content\/uploads\/2023\/02\/oryggisskapur-1-800x588.jpeg 800w, https:\/\/kemia.is\/wp-content\/uploads\/2023\/02\/oryggisskapur-1-245x180.jpeg 245w, https:\/\/kemia.is\/wp-content\/uploads\/2023\/02\/oryggisskapur-1-408x300.jpeg 408w, https:\/\/kemia.is\/wp-content\/uploads\/2023\/02\/oryggisskapur-1.jpeg 2000w\" sizes=\"auto, (max-width: 680px) 100vw, 680px\" \/><\/p>\n<\/div>\n<div class=\"col-md-4 col-sm-4 col-xs-12 col-lg-4\" style=\"padding-right: 2em; padding-left: 2em;\">\n<p class=\"wow fadeIn\" style=\"border-width: 0px;\" data-wow-duration=\"1s\" data-wow-delay=\"1s\"><img loading=\"lazy\" decoding=\"async\" class=\"bg-img aligncenter wp-image-509 size-full\" src=\"https:\/\/kemia.is.dream.website\/wp-content\/uploads\/2023\/02\/0_0_345.71062740077_300_oryggisskapur-3.jpeg\" alt=\"\" width=\"345\" height=\"300\" srcset=\"https:\/\/kemia.is\/wp-content\/uploads\/2023\/02\/0_0_345.71062740077_300_oryggisskapur-3.jpeg 346w, https:\/\/kemia.is\/wp-content\/uploads\/2023\/02\/oryggisskapur-3-300x260.jpeg 300w, https:\/\/kemia.is\/wp-content\/uploads\/2023\/02\/oryggisskapur-3-1024x889.jpeg 1024w, https:\/\/kemia.is\/wp-content\/uploads\/2023\/02\/oryggisskapur-3-768x666.jpeg 768w, https:\/\/kemia.is\/wp-content\/uploads\/2023\/02\/oryggisskapur-3-1536x1333.jpeg 1536w, https:\/\/kemia.is\/wp-content\/uploads\/2023\/02\/oryggisskapur-3-14x12.jpeg 14w, https:\/\/kemia.is\/wp-content\/uploads\/2023\/02\/oryggisskapur-3-250x217.jpeg 250w, https:\/\/kemia.is\/wp-content\/uploads\/2023\/02\/oryggisskapur-3-550x477.jpeg 550w, https:\/\/kemia.is\/wp-content\/uploads\/2023\/02\/oryggisskapur-3-800x694.jpeg 800w, https:\/\/kemia.is\/wp-content\/uploads\/2023\/02\/oryggisskapur-3-207x180.jpeg 207w, https:\/\/kemia.is\/wp-content\/uploads\/2023\/02\/oryggisskapur-3-576x500.jpeg 576w, https:\/\/kemia.is\/wp-content\/uploads\/2023\/02\/oryggisskapur-3.jpeg 1800w\" sizes=\"auto, (max-width: 345px) 100vw, 345px\" \/><\/p>\n<\/div>\n<\/div>\n<\/div>\n<\/div>\n<div class=\"tmpl-services-8 boldgrid-section dynamic-gridblock background-scroll color4-background-color color-4-text-contrast bg-background-color\" style=\"border-width: 0px;\">\n<div class=\"container-fluid\">\n<div class=\"row\" style=\"padding-bottom: 0px;\">\n<div class=\"col-md-5 col-sm-12 col-xs-12 col-lg-11 color4-background-color color-4-text-contrast bg-background-color wow fadeIn\" style=\"padding: 2em; border-width: 0px;\" data-wow-duration=\"1s\" data-wow-delay=\"1s\">\n<p class=\"\" style=\"border-width: 0px; font-size: 16px; padding-left: 40px;\">Labor Security System is a company that manufactures laboratory cabinets to ensure safety and protection.<\/p>\n<p class=\"\" style=\"border-width: 0px; font-size: 16px; padding-left: 40px;\">The Safetybox \u00ae products are specially designed for customers who need to meet the highest safety standards in storing hazardous materials in the best and safest way.<\/p>\n<p class=\"\" style=\"border-width: 0px; font-size: 17px; padding-left: 40px;\">Kem\u00eda's sales team can provide answers to further questions about safety cabinets from Labor security system.<\/p>\n<\/div>\n<\/div>\n<\/div>\n<\/div>","protected":false},"excerpt":{"rendered":"<p>Efnageymslur og \u00f6ryggissk\u00e1par &nbsp; Vefs\u00ed\u00f0a Laborsecurity &nbsp;&nbsp;&nbsp; Senda fyrirspurn Labor Security System er fyrirt\u00e6ki sem framlei\u00f0ir ranns\u00f3knarstofusk\u00e1pa til a\u00f0 tryggja \u00f6ryggi og vernd. Safetybox \u00ae v\u00f6rurnar eru s\u00e9rhanna\u00f0ar fyrir vi\u00f0skiptavini<\/p>\n<div class=\"read-more\"><a class=\"btn button-primary\" href=\"https:\/\/kemia.is\/en\/efnageymslur-og-oryggisskapar\/\">Read More<\/a><\/div>","protected":false},"author":1,"featured_media":0,"parent":0,"menu_order":0,"comment_status":"closed","ping_status":"closed","template":"","meta":{"bgseo_title":"Efnageymslur og \u00f6ryggisk\u00e1par fr\u00e1 Labor Security","bgseo_description":"Miki\u00f0 v\u00f6ru\u00farval af efnageymslum og \u00f6ryggisk\u00e1pum fr\u00e1 Labor Security fyrir ranns\u00f3knastofur og l\u00f6greglust\u00f6\u00f0var.","bgseo_robots_index":"index","bgseo_robots_follow":"follow","om_disable_all_campaigns":false,"_monsterinsights_skip_tracking":false,"_monsterinsights_sitenote_active":false,"_monsterinsights_sitenote_note":"","_monsterinsights_sitenote_category":0,"_uf_show_specific_survey":0,"_uf_disable_surveys":false,"two_page_speed":{"current_score":{"desktop_score":95,"desktop_tti":"0.6\u00a0","mobile_score":92,"mobile_tti":"2.9\u00a0","date":"21.03.2025 03:32:09 pm","status":"completed"}},"footnotes":""},"class_list":["post-479","page","type-page","status-publish"],"aioseo_notices":[],"_links":{"self":[{"href":"https:\/\/kemia.is\/en\/wp-json\/wp\/v2\/pages\/479","targetHints":{"allow":["GET"]}}],"collection":[{"href":"https:\/\/kemia.is\/en\/wp-json\/wp\/v2\/pages"}],"about":[{"href":"https:\/\/kemia.is\/en\/wp-json\/wp\/v2\/types\/page"}],"author":[{"embeddable":true,"href":"https:\/\/kemia.is\/en\/wp-json\/wp\/v2\/users\/1"}],"replies":[{"embeddable":true,"href":"https:\/\/kemia.is\/en\/wp-json\/wp\/v2\/comments?post=479"}],"version-history":[{"count":10,"href":"https:\/\/kemia.is\/en\/wp-json\/wp\/v2\/pages\/479\/revisions"}],"predecessor-version":[{"id":803,"href":"https:\/\/kemia.is\/en\/wp-json\/wp\/v2\/pages\/479\/revisions\/803"}],"wp:attachment":[{"href":"https:\/\/kemia.is\/en\/wp-json\/wp\/v2\/media?parent=479"}],"curies":[{"name":"wp","href":"https:\/\/api.w.org\/{rel}","templated":true}]}}