{"id":906,"date":"2025-03-21T12:19:28","date_gmt":"2025-03-21T12:19:28","guid":{"rendered":"https:\/\/kemia.is\/?page_id=906"},"modified":"2025-03-26T10:33:12","modified_gmt":"2025-03-26T10:33:12","slug":"frystipennar","status":"publish","type":"page","link":"https:\/\/kemia.is\/en\/frystipennar\/","title":{"rendered":"Frystipennar"},"content":{"rendered":"<div class=\"tmpl-call_to_action-14 boldgrid-section dynamic-gridblock color2-background-color color-2-text-contrast bg-background-color\" style=\"color: #1d1d1d; border-width: 0px; width: auto; background-size: cover; background-position: 50% 50%;\" data-bg-overlaycolor=\"rgba(255, 255, 255,0.59)\" data-bg-overlaycolor-alpha=\"0.59\" data-bg-overlaycolor-class=\"2\">\n<div class=\"container\">\n<div class=\"row\" style=\"padding-top: 75px;\">\n<div class=\"col-md-5 col-sm-7 col-xs-12 col-lg-5\">\n<h1 class=\"\"><img loading=\"lazy\" decoding=\"async\" class=\"alignnone wp-image-908 size-medium\" src=\"https:\/\/kemia.is\/wp-content\/uploads\/2025\/03\/0_288_286_73.361979166667_Cryo-IQ-logo-768x768.webp\" alt=\"\" width=\"286\" height=\"73\"><\/h1>\n<h1 class=\"\" style=\"border-width: 0px; font-size: 22px; font-family: 'Arial Black', Gadget, sans-serif; font-weight: 400;\" data-font-family=\"Arial Black\" data-font-weight=\"400\" data-font-style=\"\">Frystipennar<\/h1>\n<\/div>\n<div class=\"col-md-7 col-sm-5 col-xs-12 col-lg-7\">\n<p class=\"mod-reset\"><img loading=\"lazy\" decoding=\"async\" class=\"aligncenter wp-image-909 size-full\" src=\"https:\/\/kemia.is\/wp-content\/uploads\/2025\/03\/Cryo-IQ.png\" alt=\"\" width=\"1440\" height=\"272\" srcset=\"https:\/\/kemia.is\/wp-content\/uploads\/2025\/03\/Cryo-IQ.png 1440w, https:\/\/kemia.is\/wp-content\/uploads\/2025\/03\/Cryo-IQ-300x57.png 300w, https:\/\/kemia.is\/wp-content\/uploads\/2025\/03\/Cryo-IQ-1024x193.png 1024w, https:\/\/kemia.is\/wp-content\/uploads\/2025\/03\/Cryo-IQ-768x145.png 768w, https:\/\/kemia.is\/wp-content\/uploads\/2025\/03\/Cryo-IQ-18x3.png 18w, https:\/\/kemia.is\/wp-content\/uploads\/2025\/03\/Cryo-IQ-250x47.png 250w, https:\/\/kemia.is\/wp-content\/uploads\/2025\/03\/Cryo-IQ-550x104.png 550w, https:\/\/kemia.is\/wp-content\/uploads\/2025\/03\/Cryo-IQ-800x151.png 800w, https:\/\/kemia.is\/wp-content\/uploads\/2025\/03\/Cryo-IQ-953x180.png 953w, https:\/\/kemia.is\/wp-content\/uploads\/2025\/03\/Cryo-IQ-600x113.png 600w\" sizes=\"auto, (max-width: 1440px) 100vw, 1440px\" \/><\/p>\n<\/div>\n<\/div>\n<div class=\"row\" style=\"padding-top: 25px; padding-bottom: 75px;\">\n<div class=\"col-md-12 col-sm-12 col-xs-12 col-lg-12\" style=\"padding: 1em;\">\n<p class=\"\"><a class=\"btn btn-pill btn-regular btn-color-5\" style=\"border-width: 0px;\" href=\"https:\/\/www.cryoiq.com\/en-US\/\" target=\"_blank\" rel=\"noopener\">Vefs\u00ed\u00f0a CRYO IQ<\/a> &nbsp;&nbsp;<\/p>\n<p class=\"\" style=\"margin: 10px 0px 0px -9px;\">&nbsp; <a class=\"btn btn-pill btn-regular btn-color-5\" style=\"border-width: 0px;\" title=\"Send a request\" href=\"mailto:kemia@kemia.is\">Send a request<\/a><\/p>\n<\/div>\n<\/div>\n<\/div>\n<\/div>\n<div class=\"tmpl-call_to_action-1 boldgrid-section dynamic-gridblock background-scroll\" style=\"background-position: 50% 50%; background-size: cover; background-image: url('https:\/\/kemia.is.dream.website\/wp-content\/uploads\/2023\/02\/ixlibrb-0.3.5q80fmjpgcropentropycstinysrgbw1600h900fitcropse39620407ab45b9065ad602fced953f7.jpg');\" data-image-url=\"https:\/\/kemia.is.dream.website\/wp-content\/uploads\/2023\/02\/ixlibrb-0.3.5q80fmjpgcropentropycstinysrgbw1600h900fitcropse39620407ab45b9065ad602fced953f7.jpg\">\n<div class=\"container-fluid\">\n<div class=\"row\">\n<div class=\"col-md-7 col-sm-8 col-xs-12 col-lg-7\">\n<div class=\"bg-box-cover color5-background-color color-5-text-contrast bg-background-color bg-box\" style=\"padding: 85px 20%;\">\n<h2 class=\"p1\"><b>Cryo IQ\u00ae \u2013 \u00d6flug og N\u00e1kv\u00e6m Frystime\u00f0fer\u00f0<\/b><\/h2>\n<p class=\"p1\">Cryo IQ\u00ae frystipenninn er h\u00e1\u00fer\u00f3a\u00f0ur og notendav\u00e6nn b\u00fana\u00f0ur sem b\u00fd\u00f0ur upp \u00e1 \u00f6rugga og \u00e1hrifar\u00edka me\u00f0fer\u00f0 vi\u00f0 v\u00f6rtum, h\u00fa\u00f0flipum og \u00f6\u00f0rum h\u00fa\u00f0skemmdum. Me\u00f0 n\u00e1kv\u00e6mri frystit\u00e6kni, sem notar flj\u00f3tandi k\u00f6fnunarefni (N\u2082O), tryggir Cryo IQ\u00ae skj\u00f3tan og s\u00e1rsaukalausan \u00e1rangur \u00e1n \u00feess a\u00f0 ska\u00f0a heilbrig\u00f0a h\u00fa\u00f0.<\/p>\n<p class=\"p3\" style=\"font-weight: 600; font-size: 20px;\" data-font-weight=\"600\">S\u00f6lumenn Kem\u00edu veita sv\u00f6r vi\u00f0 frekari spurningum um v\u00f6rur Cryo IQ<b>\u00ae.<\/b><\/p>\n<\/div>\n<\/div>\n<div class=\"col-md-5 col-sm-4 col-xs-12 col-lg-5 color2-background-color color-2-text-contrast bg-background-color\">\n<p class=\"mod-reset\" style=\"margin-top: 145px; margin-right: -15px;\"><img loading=\"lazy\" decoding=\"async\" class=\"aligncenter wp-image-913 size-full\" src=\"https:\/\/kemia.is\/wp-content\/uploads\/2025\/03\/CIQ-P-L-Zoomed.png\" alt=\"\" width=\"1800\" height=\"300\" srcset=\"https:\/\/kemia.is\/wp-content\/uploads\/2025\/03\/CIQ-P-L-Zoomed.png 1800w, https:\/\/kemia.is\/wp-content\/uploads\/2025\/03\/CIQ-P-L-Zoomed-300x50.png 300w, https:\/\/kemia.is\/wp-content\/uploads\/2025\/03\/CIQ-P-L-Zoomed-1024x171.png 1024w, https:\/\/kemia.is\/wp-content\/uploads\/2025\/03\/CIQ-P-L-Zoomed-768x128.png 768w, https:\/\/kemia.is\/wp-content\/uploads\/2025\/03\/CIQ-P-L-Zoomed-1536x256.png 1536w, https:\/\/kemia.is\/wp-content\/uploads\/2025\/03\/CIQ-P-L-Zoomed-18x3.png 18w, https:\/\/kemia.is\/wp-content\/uploads\/2025\/03\/CIQ-P-L-Zoomed-250x42.png 250w, https:\/\/kemia.is\/wp-content\/uploads\/2025\/03\/CIQ-P-L-Zoomed-550x92.png 550w, https:\/\/kemia.is\/wp-content\/uploads\/2025\/03\/CIQ-P-L-Zoomed-800x133.png 800w, https:\/\/kemia.is\/wp-content\/uploads\/2025\/03\/CIQ-P-L-Zoomed-1080x180.png 1080w, https:\/\/kemia.is\/wp-content\/uploads\/2025\/03\/CIQ-P-L-Zoomed-600x100.png 600w\" sizes=\"auto, (max-width: 1800px) 100vw, 1800px\" \/><\/p>\n<\/div>\n<\/div>\n<\/div>\n<\/div>","protected":false},"excerpt":{"rendered":"<p>Frystipennar Vefs\u00ed\u00f0a CRYO IQ &nbsp;&nbsp; &nbsp; Senda fyrirspurn Cryo IQ\u00ae \u2013 \u00d6flug og N\u00e1kv\u00e6m Frystime\u00f0fer\u00f0 Cryo IQ\u00ae frystipenninn er h\u00e1\u00fer\u00f3a\u00f0ur og notendav\u00e6nn b\u00fana\u00f0ur sem b\u00fd\u00f0ur upp \u00e1 \u00f6rugga og \u00e1hrifar\u00edka<\/p>\n<div class=\"read-more\"><a class=\"btn button-primary\" href=\"https:\/\/kemia.is\/en\/frystipennar\/\">Read More<\/a><\/div>","protected":false},"author":1,"featured_media":0,"parent":0,"menu_order":0,"comment_status":"closed","ping_status":"closed","template":"","meta":{"bgseo_title":"","bgseo_description":"","bgseo_robots_index":"index","bgseo_robots_follow":"follow","om_disable_all_campaigns":false,"_monsterinsights_skip_tracking":false,"_monsterinsights_sitenote_active":false,"_monsterinsights_sitenote_note":"","_monsterinsights_sitenote_category":0,"_uf_show_specific_survey":0,"_uf_disable_surveys":false,"two_page_speed":{"current_score":{"desktop_score":95,"desktop_tti":"1.1\u00a0","mobile_score":95,"mobile_tti":"2.3\u00a0","date":"21.03.2025 01:15:14 pm","status":"completed"}},"footnotes":""},"class_list":["post-906","page","type-page","status-publish"],"aioseo_notices":[],"_links":{"self":[{"href":"https:\/\/kemia.is\/en\/wp-json\/wp\/v2\/pages\/906","targetHints":{"allow":["GET"]}}],"collection":[{"href":"https:\/\/kemia.is\/en\/wp-json\/wp\/v2\/pages"}],"about":[{"href":"https:\/\/kemia.is\/en\/wp-json\/wp\/v2\/types\/page"}],"author":[{"embeddable":true,"href":"https:\/\/kemia.is\/en\/wp-json\/wp\/v2\/users\/1"}],"replies":[{"embeddable":true,"href":"https:\/\/kemia.is\/en\/wp-json\/wp\/v2\/comments?post=906"}],"version-history":[{"count":6,"href":"https:\/\/kemia.is\/en\/wp-json\/wp\/v2\/pages\/906\/revisions"}],"predecessor-version":[{"id":922,"href":"https:\/\/kemia.is\/en\/wp-json\/wp\/v2\/pages\/906\/revisions\/922"}],"wp:attachment":[{"href":"https:\/\/kemia.is\/en\/wp-json\/wp\/v2\/media?parent=906"}],"curies":[{"name":"wp","href":"https:\/\/api.w.org\/{rel}","templated":true}]}}