{"id":930,"date":"2026-02-21T14:49:17","date_gmt":"2026-02-21T14:49:17","guid":{"rendered":"https:\/\/kemia.is\/?page_id=930"},"modified":"2026-02-21T15:30:35","modified_gmt":"2026-02-21T15:30:35","slug":"maeli-og-voktunarkerfi","status":"publish","type":"page","link":"https:\/\/kemia.is\/en\/maeli-og-voktunarkerfi\/","title":{"rendered":"M\u00e6li og V\u00f6ktunarkerfi"},"content":{"rendered":"<div class=\"color4-background-color bg-background-color tmpl-call_to_action-14 boldgrid-section dynamic-gridblock\" style=\"color: #1d1d1d; border-width: 0px; width: auto; background-image: linear-gradient(to left, rgba(255, 255, 255, 0.59), rgba(255, 255, 255, 0.59)), url('https:\/\/kemia.is\/wp-content\/uploads\/2026\/02\/Doppler_Ultrasonic_Flow_Meter_-_DFX_low_res__25284.jpg'); background-size: cover; background-position: 50% 50%;\" data-bg-overlaycolor=\"rgba(255, 255, 255,0.59)\" data-image-url=\"https:\/\/kemia.is\/wp-content\/uploads\/2026\/02\/Doppler_Ultrasonic_Flow_Meter_-_DFX_low_res__25284.jpg\" data-bg-overlaycolor-alpha=\"0.59\" data-bg-overlaycolor-class=\"2\">\n<div class=\"container\">\n<div class=\"row\" style=\"padding-top: 49px;\">\n<div class=\"col-md-5 col-sm-7 col-xs-12 col-lg-5\">\n<h1 class=\"\"><img loading=\"lazy\" decoding=\"async\" class=\"wp-image-938 size-medium aligncenter\" style=\"padding: 0em; margin-right: 208px;\" src=\"https:\/\/kemia.is\/wp-content\/uploads\/2026\/02\/Bagder-Meter-logo-300x111.png\" alt=\"\" width=\"300\" height=\"111\" srcset=\"https:\/\/kemia.is\/wp-content\/uploads\/2026\/02\/Bagder-Meter-logo-300x111.png 300w, https:\/\/kemia.is\/wp-content\/uploads\/2026\/02\/Bagder-Meter-logo-1024x378.png 1024w, https:\/\/kemia.is\/wp-content\/uploads\/2026\/02\/Bagder-Meter-logo-768x283.png 768w, https:\/\/kemia.is\/wp-content\/uploads\/2026\/02\/Bagder-Meter-logo-18x7.png 18w, https:\/\/kemia.is\/wp-content\/uploads\/2026\/02\/Bagder-Meter-logo-250x92.png 250w, https:\/\/kemia.is\/wp-content\/uploads\/2026\/02\/Bagder-Meter-logo-550x203.png 550w, https:\/\/kemia.is\/wp-content\/uploads\/2026\/02\/Bagder-Meter-logo-800x295.png 800w, https:\/\/kemia.is\/wp-content\/uploads\/2026\/02\/Bagder-Meter-logo-488x180.png 488w, https:\/\/kemia.is\/wp-content\/uploads\/2026\/02\/Bagder-Meter-logo-813x300.png 813w, https:\/\/kemia.is\/wp-content\/uploads\/2026\/02\/Bagder-Meter-logo-600x221.png 600w, https:\/\/kemia.is\/wp-content\/uploads\/2026\/02\/Bagder-Meter-logo.png 1236w\" sizes=\"auto, (max-width: 300px) 100vw, 300px\" \/><\/h1>\n<h1 class=\"\" style=\"border-width: 0px; font-size: 22px; font-family: 'Arial Black', Gadget, sans-serif; font-weight: 400;\" data-font-family=\"Arial Black\" data-font-weight=\"400\" data-font-style=\"\">M\u00e6li og V\u00f6ktunarkerfi<\/h1>\n<\/div>\n<div class=\"col-md-7 col-sm-5 col-xs-12 col-lg-7\"><\/div>\n<\/div>\n<div class=\"row\" style=\"padding-top: 25px; padding-bottom: 75px;\">\n<div class=\"col-md-12 col-sm-12 col-xs-12 col-lg-12\" style=\"padding: 1em;\">\n<p class=\"\"><a class=\"btn btn-pill btn-regular btn-color-5\" style=\"border-width: 0px;\" href=\"https:\/\/www.badgermeter.com\/\" target=\"_blank\" rel=\"noopener\">Vefs\u00ed\u00f0a Badger Meter<\/a> &nbsp;&nbsp;<\/p>\n<p class=\"\">&nbsp; <a class=\"btn btn-pill btn-regular btn-color-5\" style=\"border-width: 0px;\" title=\"Send a request\" href=\"mailto:kemia@kemia.is\">Send a request<\/a><\/p>\n<\/div>\n<\/div>\n<\/div>\n<\/div>\n<div class=\"color2-background-color color-2-text-contrast bg-background-color tmpl-about-13 boldgrid-section dynamic-gridblock\">\n<div class=\"container\">\n<div class=\"row\" style=\"padding-top: 0px; padding-bottom: 0px;\">\n<div class=\"col-lg-5 col-md-12 col-xs-12 col-sm-12\">\n<p class=\"\"><img loading=\"lazy\" decoding=\"async\" class=\"aligncenter wp-image-940 size-full\" src=\"https:\/\/kemia.is\/wp-content\/uploads\/2026\/02\/E-Series-Family_1200x800-e1771686481697.jpg\" alt=\"\" width=\"350\" height=\"260\" srcset=\"https:\/\/kemia.is\/wp-content\/uploads\/2026\/02\/E-Series-Family_1200x800-e1771686481697.jpg 350w, https:\/\/kemia.is\/wp-content\/uploads\/2026\/02\/E-Series-Family_1200x800-e1771686481697-300x223.jpg 300w, https:\/\/kemia.is\/wp-content\/uploads\/2026\/02\/E-Series-Family_1200x800-e1771686481697-16x12.jpg 16w, https:\/\/kemia.is\/wp-content\/uploads\/2026\/02\/E-Series-Family_1200x800-e1771686481697-250x186.jpg 250w, https:\/\/kemia.is\/wp-content\/uploads\/2026\/02\/E-Series-Family_1200x800-e1771686481697-242x180.jpg 242w\" sizes=\"auto, (max-width: 350px) 100vw, 350px\" \/><\/p>\n<p class=\"\" style=\"text-align: center;\"><strong>E-Series M\u00e6lar<\/strong><\/p>\n<\/div>\n<div class=\"col-lg-7 col-md-12 col-sm-12 col-xs-12\">\n<p class=\"mod-reset\"><img loading=\"lazy\" decoding=\"async\" class=\"aligncenter wp-image-941 size-full\" src=\"https:\/\/kemia.is\/wp-content\/uploads\/2026\/02\/TFX-5000_easyrail-low-res-e1771686655343.jpg\" alt=\"\" width=\"350\" height=\"268\" srcset=\"https:\/\/kemia.is\/wp-content\/uploads\/2026\/02\/TFX-5000_easyrail-low-res-e1771686655343.jpg 350w, https:\/\/kemia.is\/wp-content\/uploads\/2026\/02\/TFX-5000_easyrail-low-res-e1771686655343-300x230.jpg 300w, https:\/\/kemia.is\/wp-content\/uploads\/2026\/02\/TFX-5000_easyrail-low-res-e1771686655343-16x12.jpg 16w, https:\/\/kemia.is\/wp-content\/uploads\/2026\/02\/TFX-5000_easyrail-low-res-e1771686655343-250x191.jpg 250w, https:\/\/kemia.is\/wp-content\/uploads\/2026\/02\/TFX-5000_easyrail-low-res-e1771686655343-235x180.jpg 235w\" sizes=\"auto, (max-width: 350px) 100vw, 350px\" \/><\/p>\n<p class=\"\" style=\"text-align: center;\"><strong>Ultrasonic m\u00e6lir<\/strong><\/p>\n<\/div>\n<\/div>\n<p class=\"\">&nbsp;<\/p>\n<\/div>\n<\/div>\n<div class=\"tmpl-call_to_action-1 boldgrid-section dynamic-gridblock background-scroll\">\n<div class=\"container-fluid\">\n<div class=\"row\">\n<div class=\"col-md-7 col-sm-8 col-xs-12 col-lg-12\">\n<div class=\"bg-box-cover color5-background-color color-5-text-contrast bg-background-color bg-box\" style=\"padding: 85px 20%;\">\n<p class=\"p1\" style=\"font-size: 16px;\">Lausnirnar fr\u00e1 Badger Meter bj\u00f3\u00f0a upp \u00e1 h\u00e1\u00fer\u00f3a\u00f0a m\u00e6la og v\u00f6ktunarkerfi sem hj\u00e1lpa fyrirt\u00e6kjum og sveitarf\u00e9l\u00f6gum a\u00f0 n\u00e1 fullri stj\u00f3rn \u00e1 v\u00f6kvanotkun og vatnsdreifingu. V\u00f6rurnar byggja \u00e1 \u00e1ratuga reynslu \u00ed n\u00e1kv\u00e6mri fl\u00e6\u00f0im\u00e6lingu og snjallri gagnas\u00f6fnun, sem gerir rekstrara\u00f0ilum kleift a\u00f0 taka betri og uppl\u00fdstari \u00e1kvar\u00f0anir.<\/p>\n<p class=\"p1\" style=\"font-size: 16px;\">Lausnirnar n\u00e1 yfir allt vatnsferli\u00f0 \u2013 fr\u00e1 m\u00e6lingu \u00e1 rennsli og \u00fer\u00fdstingi til raunt\u00edmav\u00f6ktunar \u00e1 vatnsg\u00e6\u00f0um. Me\u00f0 snj\u00f6llum m\u00e6lum og IoT-tengdum kerfum er h\u00e6gt a\u00f0 fylgjast me\u00f0 notkun, greina leka snemma og draga verulega \u00far s\u00f3un. \u00deetta lei\u00f0ir til aukinnar hagkv\u00e6mni, l\u00e6gri rekstrarkostna\u00f0ar og betri n\u00fdtingar au\u00f0linda<span class=\"Apple-converted-space\">&nbsp; <\/span>.<\/p>\n<p class=\"p1\" style=\"font-size: 16px;\">Me\u00f0 \u00fev\u00ed a\u00f0 n\u00fdta stafr\u00e6nar lausnir eins og sj\u00e1lfvirka m\u00e6lalestur og gagnagreiningu f\u00e1 notendur heildst\u00e6\u00f0a mynd af kerfum s\u00ednum, sem eykur rekstrar\u00f6ryggi og sty\u00f0ur vi\u00f0 sj\u00e1lfb\u00e6ra n\u00fdtingu vatnsau\u00f0linda<\/p>\n<p class=\"\" style=\"font-size: 16px;\">S\u00f6lumenn Kem\u00edu veita sv\u00f6r vi\u00f0 frekari spurningum um m\u00e6li og v\u00f6ktunarkerfi fr\u00e1 Badger Meter.<\/p>\n<\/div>\n<\/div>\n<\/div>\n<\/div>\n<\/div>","protected":false},"excerpt":{"rendered":"<p>M\u00e6li og V\u00f6ktunarkerfi Vefs\u00ed\u00f0a Badger Meter &nbsp;&nbsp; &nbsp; Senda fyrirspurn E-Series M\u00e6lar Ultrasonic m\u00e6lir &nbsp; Lausnirnar fr\u00e1 Badger Meter bj\u00f3\u00f0a upp \u00e1 h\u00e1\u00fer\u00f3a\u00f0a m\u00e6la og v\u00f6ktunarkerfi sem hj\u00e1lpa fyrirt\u00e6kjum og<\/p>\n<div class=\"read-more\"><a class=\"btn button-primary\" href=\"https:\/\/kemia.is\/en\/maeli-og-voktunarkerfi\/\">Read More<\/a><\/div>","protected":false},"author":1,"featured_media":0,"parent":0,"menu_order":0,"comment_status":"closed","ping_status":"closed","template":"","meta":{"bgseo_title":"","bgseo_description":"","bgseo_robots_index":"index","bgseo_robots_follow":"follow","om_disable_all_campaigns":false,"_monsterinsights_skip_tracking":false,"_monsterinsights_sitenote_active":false,"_monsterinsights_sitenote_note":"","_monsterinsights_sitenote_category":0,"_uf_show_specific_survey":0,"_uf_disable_surveys":false,"two_page_speed":[],"footnotes":""},"class_list":["post-930","page","type-page","status-publish"],"aioseo_notices":[],"_links":{"self":[{"href":"https:\/\/kemia.is\/en\/wp-json\/wp\/v2\/pages\/930","targetHints":{"allow":["GET"]}}],"collection":[{"href":"https:\/\/kemia.is\/en\/wp-json\/wp\/v2\/pages"}],"about":[{"href":"https:\/\/kemia.is\/en\/wp-json\/wp\/v2\/types\/page"}],"author":[{"embeddable":true,"href":"https:\/\/kemia.is\/en\/wp-json\/wp\/v2\/users\/1"}],"replies":[{"embeddable":true,"href":"https:\/\/kemia.is\/en\/wp-json\/wp\/v2\/comments?post=930"}],"version-history":[{"count":5,"href":"https:\/\/kemia.is\/en\/wp-json\/wp\/v2\/pages\/930\/revisions"}],"predecessor-version":[{"id":945,"href":"https:\/\/kemia.is\/en\/wp-json\/wp\/v2\/pages\/930\/revisions\/945"}],"wp:attachment":[{"href":"https:\/\/kemia.is\/en\/wp-json\/wp\/v2\/media?parent=930"}],"curies":[{"name":"wp","href":"https:\/\/api.w.org\/{rel}","templated":true}]}}