{"id":94,"date":"2023-02-02T13:21:15","date_gmt":"2023-02-02T13:21:15","guid":{"rendered":"https:\/\/kemia.is.dream.website\/?page_id=94"},"modified":"2025-03-21T14:17:05","modified_gmt":"2025-03-21T14:17:05","slug":"daudhreinsiofnar","status":"publish","type":"page","link":"https:\/\/kemia.is\/en\/daudhreinsiofnar\/","title":{"rendered":"Steam sterilisers"},"content":{"rendered":"<div class=\"color4-background-color bg-background-color tmpl-call_to_action-14 boldgrid-section dynamic-gridblock\" style=\"color: #1d1d1d; border-width: 0px; width: auto; background-image: linear-gradient(to left, rgba(255, 255, 255, 0.59), rgba(255, 255, 255, 0.59)), url('https:\/\/kemia.is\/wp-content\/uploads\/2023\/02\/Matachana-3.webp'); background-size: cover; background-position: 50% 50%;\" data-bg-overlaycolor=\"rgba(255, 255, 255,0.59)\" data-image-url=\"https:\/\/kemia.is\/wp-content\/uploads\/2023\/02\/Matachana-3.webp\" data-bg-overlaycolor-alpha=\"0.59\" data-bg-overlaycolor-class=\"2\">\n<div class=\"container\">\n<div class=\"row\" style=\"padding-top: 75px;\">\n<div class=\"col-md-5 col-sm-7 col-xs-12 col-lg-5\">\n<h1 class=\"\"><img loading=\"lazy\" decoding=\"async\" class=\"alignnone wp-image-280 size-full\" src=\"https:\/\/kemia.is\/wp-content\/uploads\/2023\/02\/matachana-23-e1675765185743.png\" alt=\"\" width=\"286\" height=\"42\" srcset=\"https:\/\/kemia.is\/wp-content\/uploads\/2023\/02\/matachana-23-e1675765185743.png 286w, https:\/\/kemia.is\/wp-content\/uploads\/2023\/02\/matachana-23-e1675765185743-250x37.png 250w\" sizes=\"auto, (max-width: 286px) 100vw, 286px\" \/><\/h1>\n<h1 class=\"\" style=\"border-width: 0px; font-size: 22px; font-family: 'Arial Black', Gadget, sans-serif; font-weight: 400;\" data-font-family=\"Arial Black\" data-font-weight=\"400\" data-font-style=\"\">Steam sterilisers<\/h1>\n<\/div>\n<div class=\"col-md-7 col-sm-5 col-xs-12 col-lg-7\"><\/div>\n<\/div>\n<div class=\"row\" style=\"padding-top: 25px; padding-bottom: 75px;\">\n<div class=\"col-md-12 col-sm-12 col-xs-12 col-lg-12\" style=\"padding: 1em;\">\n<p class=\"\"><a class=\"btn btn-pill btn-regular btn-color-5\" style=\"border-width: 0px;\" href=\"http:\/\/matachana.com\" target=\"_blank\" rel=\"noopener\">Matachana Website<\/a> &nbsp;&nbsp;<\/p>\n<p class=\"\">&nbsp; <a class=\"btn btn-pill btn-regular btn-color-5\" style=\"border-width: 0px;\" title=\"Send a request\" href=\"mailto:kemia@kemia.is\">Send a request<\/a><\/p>\n<\/div>\n<\/div>\n<\/div>\n<\/div>\n<div class=\"tmpl-services-13 boldgrid-section dynamic-gridblock\" style=\"border-width: 0px; background-image: linear-gradient(to left,var( --color-3 ),var( --color-2 ));\" data-bg-color-1=\"var( --color-3 )\" data-bg-color-2=\"var( --color-2 )\" data-bg-direction=\"to left\">\n<div class=\"container\">\n<div class=\"row\" style=\"padding-top: 42px; padding-bottom: 42px;\">\n<div class=\"col-lg-4 col-md-4 col-sm-12 col-xs-12\">\n<p class=\"wow fadeIn\" style=\"border-width: 0px;\" data-wow-duration=\"1s\" data-wow-delay=\"1s\"><img loading=\"lazy\" decoding=\"async\" class=\"aligncenter wp-image-726\" src=\"https:\/\/kemia.is.dream.website\/wp-content\/uploads\/2023\/03\/0_24_411_653_IMG_IC_EST_S1000_rgb_001.png.webp\" alt=\"\" width=\"211\" height=\"335\" srcset=\"https:\/\/kemia.is\/wp-content\/uploads\/2023\/03\/0_24_411_653_IMG_IC_EST_S1000_rgb_001.png.webp 411w, https:\/\/kemia.is\/wp-content\/uploads\/2023\/03\/IMG_IC_EST_S1000_rgb_001.png-7x12.webp 7w\" sizes=\"auto, (max-width: 211px) 100vw, 211px\" \/><\/p>\n<p class=\"color-neutral-color\" style=\"border-width: 0px; text-align: center;\" data-wow-duration=\"1s\" data-wow-delay=\"1s\"><strong>S1000<\/strong><\/p>\n<\/div>\n<div class=\"col-md-4 col-sm-4 col-xs-12 col-lg-4\" style=\"padding-right: 2em; padding-left: 2em;\">\n<p class=\"wow fadeIn\" style=\"border-width: 0px;\" data-wow-duration=\"1s\" data-wow-delay=\"1s\"><img loading=\"lazy\" decoding=\"async\" class=\"bg-img aligncenter wp-image-102 size-full\" style=\"border-width: 0px;\" src=\"https:\/\/kemia.is.dream.website\/wp-content\/uploads\/2023\/02\/0_0_507_521.34229137199_Matachana-2.webp\" alt=\"\" width=\"507\" height=\"521\" srcset=\"https:\/\/kemia.is\/wp-content\/uploads\/2023\/02\/0_0_507_521.34229137199_Matachana-2.webp 507w, https:\/\/kemia.is\/wp-content\/uploads\/2023\/02\/Matachana-2-292x300.webp 292w, https:\/\/kemia.is\/wp-content\/uploads\/2023\/02\/Matachana-2-48x48.webp 48w, https:\/\/kemia.is\/wp-content\/uploads\/2023\/02\/Matachana-2-250x257.webp 250w, https:\/\/kemia.is\/wp-content\/uploads\/2023\/02\/Matachana-2-550x565.webp 550w, https:\/\/kemia.is\/wp-content\/uploads\/2023\/02\/Matachana-2-175x180.webp 175w, https:\/\/kemia.is\/wp-content\/uploads\/2023\/02\/Matachana-2-487x500.webp 487w, https:\/\/kemia.is\/wp-content\/uploads\/2023\/02\/Matachana-2.webp 708w\" sizes=\"auto, (max-width: 507px) 100vw, 507px\" \/><\/p>\n<p class=\"color-neutral-color\" style=\"border-width: 0px; text-align: center;\" data-wow-duration=\"1s\" data-wow-delay=\"1s\"><strong>S2000<\/strong><\/p>\n<\/div>\n<div class=\"col-md-4 col-sm-4 col-xs-12 col-lg-4\" style=\"padding-right: 2em; padding-left: 2em;\">\n<p class=\"wow fadeIn\" style=\"border-width: 0px;\" data-wow-duration=\"1s\" data-wow-delay=\"1s\"><img loading=\"lazy\" decoding=\"async\" class=\"bg-img aligncenter wp-image-101 size-full\" src=\"https:\/\/kemia.is.dream.website\/wp-content\/uploads\/2023\/02\/0_0_630_460_Matachana-1.webp\" alt=\"\" width=\"630\" height=\"460\" srcset=\"https:\/\/kemia.is\/wp-content\/uploads\/2023\/02\/Matachana-1.webp 630w, https:\/\/kemia.is\/wp-content\/uploads\/2023\/02\/Matachana-1-300x219.webp 300w, https:\/\/kemia.is\/wp-content\/uploads\/2023\/02\/Matachana-1-250x183.webp 250w, https:\/\/kemia.is\/wp-content\/uploads\/2023\/02\/Matachana-1-550x402.webp 550w, https:\/\/kemia.is\/wp-content\/uploads\/2023\/02\/Matachana-1-247x180.webp 247w, https:\/\/kemia.is\/wp-content\/uploads\/2023\/02\/Matachana-1-411x300.webp 411w\" sizes=\"auto, (max-width: 630px) 100vw, 630px\" \/><\/p>\n<p class=\"color-neutral-color\" style=\"border-width: 0px; text-align: center;\"><strong>Table top sterilizer 21ED plus<\/strong><\/p>\n<\/div>\n<\/div>\n<\/div>\n<\/div>\n<div class=\"tmpl-services-8 boldgrid-section dynamic-gridblock background-fixed color4-background-color color-4-text-contrast bg-background-color\" style=\"border-width: 0px;\">\n<div class=\"container-fluid\">\n<div class=\"row\">\n<div class=\"col-md-5 col-sm-12 col-xs-12 color4-background-color color-4-text-contrast bg-background-color col-lg-11 wow fadeIn\" style=\"padding: 2em; border-width: 0px;\" data-wow-duration=\"1s\" data-wow-delay=\"1s\">\n<p class=\"meginmal\" style=\"border-width: 0px; font-size: 16px; padding-left: 80px;\">Matachana is headquartered in Barcelona, \u200b\u200bSpain. Larger sterilizers are manufactured there. Production also takes place in Cologne, Germany, where smaller radiators and control equipment are manufactured.<\/p>\n<p class=\"meginmal\" style=\"border-width: 0px; font-size: 16px; padding-left: 80px;\">Matachana manufactures large autoclaves for Central Sterilization Departments (CSSD) and large hospitals. Landsp\u00edtalinn (LHS) uses such ovens in its sterilization department, which serves all departments of the hospital in the capital area.<\/p>\n<p class=\"meginmal\" style=\"border-width: 0px; font-size: 16px; padding-left: 80px;\">Matachana also produces steam sterilisers for smaller laboratories, dentists and surgical operating rooms in order to sterilise used tools.<\/p>\n<p class=\"meginmal\" style=\"border-width: 0px; font-size: 16px; color: #ffffff; padding-left: 80px;\">For larger sterilisers automatic charging and release equipment are available. They also manufacture various other products such as dissecting tables, washing machines, food distributors, etc.<\/p>\n<p class=\"\" style=\"border-width: 0px; font-size: 19px; padding-left: 80px;\">Kemia's sales team can provide answers for any questions about Matachana and their products.<\/p>\n<\/div>\n<\/div>\n<\/div>\n<\/div>","protected":false},"excerpt":{"rendered":"<p>Dau\u00f0hreinsiofnar Vefs\u00ed\u00f0a Matachana &nbsp;&nbsp; &nbsp; Senda fyrirspurn S1000 S2000 Table top sterilizer 21ED plus Matachana er me\u00f0 h\u00f6fu\u00f0st\u00f6\u00f0var \u00ed Barsel\u00f3na \u00e1 Sp\u00e1ni. \u00dear eru framleiddir st\u00e6rri dau\u00f0hreinsiofnar. Framlei\u00f0slan fer einnig<\/p>\n<div class=\"read-more\"><a class=\"btn button-primary\" href=\"https:\/\/kemia.is\/en\/daudhreinsiofnar\/\">Read More<\/a><\/div>","protected":false},"author":1,"featured_media":0,"parent":0,"menu_order":0,"comment_status":"closed","ping_status":"closed","template":"","meta":{"bgseo_title":"Dau\u00f0hreinsiofnar: H\u00e1g\u00e6\u00f0a dau\u00f0hreinsun fr\u00e1 Matachana","bgseo_description":"Dau\u00f0hreinsiofnar: H\u00e1g\u00e6\u00f0a dau\u00f0hreinsun fr\u00e1 Matachana fyrir rann\u00f3knastofur, tannl\u00e6kna, skur\u00f0stofur, og sp\u00edtala","bgseo_robots_index":"index","bgseo_robots_follow":"follow","om_disable_all_campaigns":false,"_monsterinsights_skip_tracking":false,"_monsterinsights_sitenote_active":false,"_monsterinsights_sitenote_note":"","_monsterinsights_sitenote_category":0,"_uf_show_specific_survey":0,"_uf_disable_surveys":false,"two_page_speed":{"current_score":{"desktop_score":97,"desktop_tti":"0.7\u00a0","mobile_score":96,"mobile_tti":"2.4\u00a0","date":"21.03.2025 02:17:33 pm","status":"completed"}},"footnotes":""},"class_list":["post-94","page","type-page","status-publish"],"aioseo_notices":[],"_links":{"self":[{"href":"https:\/\/kemia.is\/en\/wp-json\/wp\/v2\/pages\/94","targetHints":{"allow":["GET"]}}],"collection":[{"href":"https:\/\/kemia.is\/en\/wp-json\/wp\/v2\/pages"}],"about":[{"href":"https:\/\/kemia.is\/en\/wp-json\/wp\/v2\/types\/page"}],"author":[{"embeddable":true,"href":"https:\/\/kemia.is\/en\/wp-json\/wp\/v2\/users\/1"}],"replies":[{"embeddable":true,"href":"https:\/\/kemia.is\/en\/wp-json\/wp\/v2\/comments?post=94"}],"version-history":[{"count":10,"href":"https:\/\/kemia.is\/en\/wp-json\/wp\/v2\/pages\/94\/revisions"}],"predecessor-version":[{"id":802,"href":"https:\/\/kemia.is\/en\/wp-json\/wp\/v2\/pages\/94\/revisions\/802"}],"wp:attachment":[{"href":"https:\/\/kemia.is\/en\/wp-json\/wp\/v2\/media?parent=94"}],"curies":[{"name":"wp","href":"https:\/\/api.w.org\/{rel}","templated":true}]}}